{"id":2030,"date":"2017-06-14T18:01:27","date_gmt":"2017-06-14T17:01:27","guid":{"rendered":"http:\/\/associationonelove.org\/?page_id=2030"},"modified":"2023-03-01T20:56:32","modified_gmt":"2023-03-01T19:56:32","slug":"one-love-house","status":"publish","type":"page","link":"http:\/\/associationonelove.org\/de\/actions\/one-love-house\/","title":{"rendered":"La One Love House (fr)"},"content":{"rendered":"<div class=\"vc_row wpb_row vc_row-fluid\"><div class=\"no-padding wpb_column vc_column_container vc_col-sm-12 vc_col-has-fill\"><div class=\"vc_column-inner vc_custom_1467227620131\"><div class=\"wpb_wrapper\">\n\t<div class=\"wpb_raw_code wpb_content_element wpb_raw_html\">\n\t\t<div class=\"wpb_wrapper\">\n\t\t\t<div class=\"couv-profil\"> <\/div>\n\t\t<\/div>\n\t<\/div>\n<\/div><\/div><\/div><\/div><div class=\"vc_row wpb_row vc_row-fluid\"><div class=\"wpb_column vc_column_container vc_col-sm-12\"><div class=\"vc_column-inner\"><div class=\"wpb_wrapper\">\n\t<div class=\"wpb_text_column wpb_content_element  paragraphe\">\n\t\t<div class=\"wpb_wrapper\">\n\t\t\t<blockquote>\n<h1>Ein Haus der Liebe f\u00fcr verlassene Kinder<\/h1>\n<\/blockquote>\n<h3>Unser Ziel<\/h3>\n<p><strong>Wir glauben,<\/strong> dass jedes Kind in der Demokratischen Republik Kongo (DRK) von Liebe umgeben sein und Zugang zu einem Zuhause haben sollte, in dem es sich geborgen f\u00fchlt und sich entfalten kann.<\/p>\n<p><strong>Unsere Aufgabe <\/strong>ist es, in unserem Haus im Stadtteil \u201eMa Campagne\u201c in Kinshasa verlassene Kinder und Jugendliche aufzunehmen, insbesondere Stra\u00dfenkinder, die so genannten \u201eShegu\u00e9s\u201c.<\/p>\n<p><strong>Unser Hauptziel <\/strong>ist es, alle Voraussetzungen zu schaffen, um diesen Kindern ein friedliches Lebensumfeld und die M\u00f6glichkeit zu bieten, lebensf\u00f6rdernde Entscheidungen zu treffen. Wir setzen uns auch daf\u00fcr ein, dass sie Zugang zu einer hochwertigen Bildung haben, die ihnen alle Chancen gibt, ihre Tr\u00e4ume zu verwirklichen.<\/p>\n<h3>Die Aktualit\u00e4ten<\/h3>\n<p>Im Jahr 2022 nahmen wir 10 Jungen im Alter zwischen 10 und 16 Jahren auf. Sie gehen alle in privaten Einrichtungen in Kinshasa zur Schule und werden den Rest ihrer Zeit von unserem Team betreut, das neben den One Love-Verantwortlichen aus einheimischen Mitarbeitern besteht (drei Erzieher, ein Koordinator, eine K\u00f6chin, eine Haush\u00e4lterin und zwei Hausmeister).<\/p>\n<div id=\"attachment_2041\" style=\"width: 610px\" class=\"wp-caption aligncenter\"><img aria-describedby=\"caption-attachment-2041\" decoding=\"async\" loading=\"lazy\" class=\"wp-image-2041\" src=\"http:\/\/associationonelove.org\/wp-content\/uploads\/2017\/06\/OneLoveHouse.jpg\" alt=\"OneLoveHouse\" width=\"600\" height=\"300\" srcset=\"http:\/\/associationonelove.org\/wp-content\/uploads\/2017\/06\/OneLoveHouse.jpg 960w, http:\/\/associationonelove.org\/wp-content\/uploads\/2017\/06\/OneLoveHouse-300x150.jpg 300w, http:\/\/associationonelove.org\/wp-content\/uploads\/2017\/06\/OneLoveHouse-768x384.jpg 768w\" sizes=\"(max-width: 600px) 100vw, 600px\" \/><p id=\"caption-attachment-2041\" class=\"wp-caption-text\">One Love House<\/p><\/div>\n<table style=\"width: 1000px; height: 250px;\">\n<tbody>\n<tr>\n<td><a href=\"http:\/\/associationonelove.org\/wp-content\/uploads\/2017\/06\/20728022_1945346065678739_7953602057856511034_n.jpg\"><img decoding=\"async\" loading=\"lazy\" class=\"alignnone size-medium wp-image-2125\" src=\"http:\/\/associationonelove.org\/wp-content\/uploads\/2017\/06\/20728022_1945346065678739_7953602057856511034_n-300x300.jpg\" alt=\"20728022_1945346065678739_7953602057856511034_n\" width=\"300\" height=\"300\" srcset=\"http:\/\/associationonelove.org\/wp-content\/uploads\/2017\/06\/20728022_1945346065678739_7953602057856511034_n-300x300.jpg 300w, http:\/\/associationonelove.org\/wp-content\/uploads\/2017\/06\/20728022_1945346065678739_7953602057856511034_n-150x150.jpg 150w, http:\/\/associationonelove.org\/wp-content\/uploads\/2017\/06\/20728022_1945346065678739_7953602057856511034_n-180x180.jpg 180w, http:\/\/associationonelove.org\/wp-content\/uploads\/2017\/06\/20728022_1945346065678739_7953602057856511034_n-600x600.jpg 600w, http:\/\/associationonelove.org\/wp-content\/uploads\/2017\/06\/20728022_1945346065678739_7953602057856511034_n-64x65.jpg 64w, http:\/\/associationonelove.org\/wp-content\/uploads\/2017\/06\/20728022_1945346065678739_7953602057856511034_n-98x98.jpg 98w, http:\/\/associationonelove.org\/wp-content\/uploads\/2017\/06\/20728022_1945346065678739_7953602057856511034_n.jpg 720w\" sizes=\"(max-width: 300px) 100vw, 300px\" \/><\/a><\/td>\n<td><a href=\"http:\/\/associationonelove.org\/wp-content\/uploads\/2017\/06\/28166854_2030620357151309_731967232700338221_n.jpg\"><img decoding=\"async\" loading=\"lazy\" class=\"alignnone wp-image-2124\" src=\"http:\/\/associationonelove.org\/wp-content\/uploads\/2017\/06\/28166854_2030620357151309_731967232700338221_n-300x300.jpg\" alt=\"28166854_2030620357151309_731967232700338221_n\" width=\"300\" height=\"300\" srcset=\"http:\/\/associationonelove.org\/wp-content\/uploads\/2017\/06\/28166854_2030620357151309_731967232700338221_n-300x300.jpg 300w, http:\/\/associationonelove.org\/wp-content\/uploads\/2017\/06\/28166854_2030620357151309_731967232700338221_n-150x150.jpg 150w, http:\/\/associationonelove.org\/wp-content\/uploads\/2017\/06\/28166854_2030620357151309_731967232700338221_n-180x180.jpg 180w, http:\/\/associationonelove.org\/wp-content\/uploads\/2017\/06\/28166854_2030620357151309_731967232700338221_n-64x65.jpg 64w, http:\/\/associationonelove.org\/wp-content\/uploads\/2017\/06\/28166854_2030620357151309_731967232700338221_n-98x98.jpg 98w, http:\/\/associationonelove.org\/wp-content\/uploads\/2017\/06\/28166854_2030620357151309_731967232700338221_n.jpg 539w\" sizes=\"(max-width: 300px) 100vw, 300px\" \/><\/a><\/td>\n<td><a href=\"http:\/\/associationonelove.org\/wp-content\/uploads\/2017\/06\/29249528_2041230876090257_1398351434191905181_n.jpg\"><img decoding=\"async\" loading=\"lazy\" class=\"alignnone size-medium wp-image-2126\" src=\"http:\/\/associationonelove.org\/wp-content\/uploads\/2017\/06\/29249528_2041230876090257_1398351434191905181_n-300x300.jpg\" alt=\"29249528_2041230876090257_1398351434191905181_n\" width=\"300\" height=\"300\" srcset=\"http:\/\/associationonelove.org\/wp-content\/uploads\/2017\/06\/29249528_2041230876090257_1398351434191905181_n-300x300.jpg 300w, http:\/\/associationonelove.org\/wp-content\/uploads\/2017\/06\/29249528_2041230876090257_1398351434191905181_n-150x150.jpg 150w, http:\/\/associationonelove.org\/wp-content\/uploads\/2017\/06\/29249528_2041230876090257_1398351434191905181_n-180x180.jpg 180w, http:\/\/associationonelove.org\/wp-content\/uploads\/2017\/06\/29249528_2041230876090257_1398351434191905181_n-600x600.jpg 600w, http:\/\/associationonelove.org\/wp-content\/uploads\/2017\/06\/29249528_2041230876090257_1398351434191905181_n-64x65.jpg 64w, http:\/\/associationonelove.org\/wp-content\/uploads\/2017\/06\/29249528_2041230876090257_1398351434191905181_n-98x98.jpg 98w, http:\/\/associationonelove.org\/wp-content\/uploads\/2017\/06\/29249528_2041230876090257_1398351434191905181_n.jpg 707w\" sizes=\"(max-width: 300px) 100vw, 300px\" \/><\/a><\/td>\n<td><a href=\"http:\/\/associationonelove.org\/wp-content\/uploads\/2017\/06\/28166574_2030620380484640_583803064427664133_n.jpg\"><img decoding=\"async\" loading=\"lazy\" class=\"alignnone size-medium wp-image-2123\" src=\"http:\/\/associationonelove.org\/wp-content\/uploads\/2017\/06\/28166574_2030620380484640_583803064427664133_n-300x300.jpg\" alt=\"28166574_2030620380484640_583803064427664133_n\" width=\"300\" height=\"300\" srcset=\"http:\/\/associationonelove.org\/wp-content\/uploads\/2017\/06\/28166574_2030620380484640_583803064427664133_n-300x300.jpg 300w, http:\/\/associationonelove.org\/wp-content\/uploads\/2017\/06\/28166574_2030620380484640_583803064427664133_n-150x150.jpg 150w, http:\/\/associationonelove.org\/wp-content\/uploads\/2017\/06\/28166574_2030620380484640_583803064427664133_n-180x180.jpg 180w, http:\/\/associationonelove.org\/wp-content\/uploads\/2017\/06\/28166574_2030620380484640_583803064427664133_n-64x65.jpg 64w, http:\/\/associationonelove.org\/wp-content\/uploads\/2017\/06\/28166574_2030620380484640_583803064427664133_n-98x98.jpg 98w, http:\/\/associationonelove.org\/wp-content\/uploads\/2017\/06\/28166574_2030620380484640_583803064427664133_n.jpg 539w\" sizes=\"(max-width: 300px) 100vw, 300px\" \/><\/a><\/td>\n<\/tr>\n<\/tbody>\n<\/table>\n<p>&nbsp;<\/p>\n<h3>Projektleiter<\/h3>\n\n\t\t<\/div>\n\t<\/div>\n<\/div><\/div><\/div><\/div><div class=\"vc_row wpb_row vc_row-fluid\"><div class=\"wpb_column vc_column_container vc_col-sm-12\"><div class=\"vc_column-inner\"><div class=\"wpb_wrapper\"><div class=\"vc_empty_space\"  style=\"height: 55px\" ><span class=\"vc_empty_space_inner\"><\/span><\/div>\n<\/div><\/div><\/div><\/div><div class=\"vc_row wpb_row vc_row-fluid\"><div class=\"wpb_column vc_column_container vc_col-sm-4\"><div class=\"vc_column-inner\"><div class=\"wpb_wrapper\">\n\t<div class=\"wpb_single_image wpb_content_element vc_align_center   paragraphe\">\n\t\t\n\t\t<figure class=\"wpb_wrapper vc_figure\">\n\t\t\t<a href=\"mailto:maite.kabangu@associationonelove.org\" target=\"_blank\" class=\"vc_single_image-wrapper   vc_box_border_grey\"><img width=\"200\" height=\"300\" src=\"http:\/\/associationonelove.org\/wp-content\/uploads\/2016\/01\/Maite-CHAUDRON-portrait-200x300.jpg\" class=\"vc_single_image-img attachment-medium\" alt=\"\" decoding=\"async\" loading=\"lazy\" srcset=\"http:\/\/associationonelove.org\/wp-content\/uploads\/2016\/01\/Maite-CHAUDRON-portrait-200x300.jpg 200w, http:\/\/associationonelove.org\/wp-content\/uploads\/2016\/01\/Maite-CHAUDRON-portrait-768x1152.jpg 768w, http:\/\/associationonelove.org\/wp-content\/uploads\/2016\/01\/Maite-CHAUDRON-portrait-682x1024.jpg 682w, http:\/\/associationonelove.org\/wp-content\/uploads\/2016\/01\/Maite-CHAUDRON-portrait.jpg 933w\" sizes=\"(max-width: 200px) 100vw, 200px\" \/><\/a><figcaption class=\"vc_figure-caption\">Maite KABANGU<\/figcaption>\n\t\t<\/figure>\n\t<\/div>\n<\/div><\/div><\/div><div class=\"wpb_column vc_column_container vc_col-sm-4\"><div class=\"vc_column-inner\"><div class=\"wpb_wrapper\">\n\t<div class=\"wpb_single_image wpb_content_element vc_align_center   paragraphe\">\n\t\t\n\t\t<figure class=\"wpb_wrapper vc_figure\">\n\t\t\t<a href=\"mailto:kanda.kabangu@associationonelove.org\" target=\"_blank\" class=\"vc_single_image-wrapper   vc_box_border_grey\"><img width=\"200\" height=\"300\" src=\"http:\/\/associationonelove.org\/wp-content\/uploads\/2016\/01\/Kanda-KABANGU-portrait-200x300.jpg\" class=\"vc_single_image-img attachment-medium\" alt=\"\" decoding=\"async\" loading=\"lazy\" srcset=\"http:\/\/associationonelove.org\/wp-content\/uploads\/2016\/01\/Kanda-KABANGU-portrait-200x300.jpg 200w, http:\/\/associationonelove.org\/wp-content\/uploads\/2016\/01\/Kanda-KABANGU-portrait-768x1152.jpg 768w, http:\/\/associationonelove.org\/wp-content\/uploads\/2016\/01\/Kanda-KABANGU-portrait-682x1024.jpg 682w, http:\/\/associationonelove.org\/wp-content\/uploads\/2016\/01\/Kanda-KABANGU-portrait.jpg 933w\" sizes=\"(max-width: 200px) 100vw, 200px\" \/><\/a><figcaption class=\"vc_figure-caption\">Kanda KABANGU<\/figcaption>\n\t\t<\/figure>\n\t<\/div>\n<\/div><\/div><\/div><div class=\"wpb_column vc_column_container vc_col-sm-4\"><div class=\"vc_column-inner\"><div class=\"wpb_wrapper\"><\/div><\/div><\/div><\/div><div class=\"vc_row wpb_row vc_row-fluid\"><div class=\"wpb_column vc_column_container vc_col-sm-12\"><div class=\"vc_column-inner\"><div class=\"wpb_wrapper\"><div class=\"vc_empty_space\"  style=\"height: 32px\" ><span class=\"vc_empty_space_inner\"><\/span><\/div>\n<\/div><\/div><\/div><\/div><div class=\"vc_row wpb_row vc_row-fluid\"><div class=\"wpb_column vc_column_container vc_col-sm-12\"><div class=\"vc_column-inner\"><div class=\"wpb_wrapper\"><section class=\"vc_cta3-container\">\n\t<div class=\"vc_general vc_cta3 paragraphe vc_cta3-style-flat vc_cta3-shape-square vc_cta3-align-left vc_cta3-color-black vc_cta3-icon-size-md vc_cta3-actions-bottom vc_custom_1664481829117\">\n\t\t\t\t\t\t<div class=\"vc_cta3_content-container\">\n\t\t\t\t\t\t\t\t\t<div class=\"vc_cta3-content\">\n\t\t\t\t<header class=\"vc_cta3-content-header\">\n\t\t\t\t\t<h2>Sie wollen uns unterst\u00fctzen ?<\/h2>\t\t\t\t\t\t\t\t\t<\/header>\n\t\t\t\t<p><span style=\"color: #000000;\">Nichts leichter als das... Sie k\u00f6nnen sich mit einer Spende an den Kosten f\u00fcr das One Love House und die Betreuung unserer Jugendlichen beteiligen. Und wenn Sie uns eine Sachspende zukommen lassen, Ihre F\u00e4higkeiten anbieten oder etwas anderes tun m\u00f6chten, z\u00f6gern Sie nicht, unser Team zu kontaktieren.<\/span><\/p>\n<p><span style=\"color: #000000;\">Au\u00dferdem wurde ein Patenschaftsprogramm eingef\u00fchrt. Mit 25 Euro pro Monat k\u00f6nnen Sie Pate eines unserer Jugendlichen werden und ihn in verschiedenen Bereichen (Bildung, Gesundheit, au\u00dferschulische Aktivit\u00e4ten) unterst\u00fctzen. Kontaktieren Sie uns, wenn Sie weitere Informationen \u00fcber unser Programm und unsere zehn Jungen w\u00fcnschen.<\/span><\/p>\n<p><span style=\"color: #000000;\">Vielen Dank f\u00fcr Ihr Vertrauen!<\/span><\/p>\n\t\t\t<\/div>\n\t\t\t<div class=\"vc_cta3-actions\"><div class=\"vc_btn3-container vc_btn3-inline\"><a class=\"vc_general vc_btn3 vc_btn3-size-lg vc_btn3-shape-square vc_btn3-style-flat vc_btn3-icon-left vc_btn3-color-white\" href=\"http:\/\/associationonelove.org\/de\/infos-dons\/\" title=\"Spenden\" target=\"_blank\"><i class=\"vc_btn3-icon fa fa-adjust\"><\/i> Spenden<\/a><\/div>\n<\/div>\t\t\t\t\t<\/div>\n\t\t\t\t\t<\/div>\n<\/section>\n\n<\/div><\/div><\/div><\/div><div class=\"vc_row wpb_row vc_row-fluid\"><div class=\"wpb_column vc_column_container vc_col-sm-12\"><div class=\"vc_column-inner\"><div class=\"wpb_wrapper\"><div class=\"vc_empty_space\"  style=\"height: 32px\" ><span class=\"vc_empty_space_inner\"><\/span><\/div>\n<\/div><\/div><\/div><\/div><div class=\"vc_row wpb_row vc_row-fluid\"><div class=\"wpb_column vc_column_container vc_col-sm-12\"><div class=\"vc_column-inner\"><div class=\"wpb_wrapper\">\n\t<div class=\"wpb_text_column wpb_content_element  paragraphe\">\n\t\t<div class=\"wpb_wrapper\">\n\t\t\t<h3>Unsere Programme<\/h3>\n<p><a href=\"http:\/\/associationonelove.org\/de\/actions\/education-rdc\/\" target=\"_blank\" rel=\"noopener\">Eine innovative P\u00e4dagogik f\u00fcr eine hochwertige Bildung<\/a><br \/>\n<a href=\"http:\/\/associationonelove.org\/de\/actions\/projet-makala\/\" target=\"_blank\" rel=\"noopener\">Valorisierungs- und Alphabetisierungsprogramm f\u00fcr junge Menschen in Justizvollzugsanstalten<\/a><br \/>\n<a href=\"http:\/\/associationonelove.org\/de\/actions\/centre-aere\/\" target=\"_blank\" rel=\"noopener\">Ein Tageszentrum f\u00fcr Stra\u00dfenkinder<\/a><\/p>\n\n\t\t<\/div>\n\t<\/div>\n<\/div><\/div><\/div><\/div><div class=\"vc_row wpb_row vc_row-fluid\"><div class=\"wpb_column vc_column_container vc_col-sm-12\"><div class=\"vc_column-inner\"><div class=\"wpb_wrapper\"><div class=\"vc_empty_space\"  style=\"height: 32px\" ><span class=\"vc_empty_space_inner\"><\/span><\/div>\n<\/div><\/div><\/div><\/div>","protected":false},"excerpt":{"rendered":"Une maison d\u2019Amour pour les enfants abandonn\u00e9s Les objectifs Nous croyons que chaque enfant de la R\u00e9publique D\u00e9mocratique du Congo (RDC) devrait \u00eatre entour\u00e9 d'amour et avoir acc\u00e8s \u00e0 un foyer o\u00f9 il se sentira en s\u00e9curit\u00e9 et pourra s'\u00e9panouir. Notre mission est d\u2019accueillir dans notre maison situ\u00e9e dans le quartier de Ma Campagne \u00e0 [...]","protected":false},"author":1,"featured_media":0,"parent":712,"menu_order":0,"comment_status":"closed","ping_status":"closed","template":"charity-visual-composer.php","meta":{"_links_to":"","_links_to_target":""},"_links":{"self":[{"href":"http:\/\/associationonelove.org\/de\/wp-json\/wp\/v2\/pages\/2030"}],"collection":[{"href":"http:\/\/associationonelove.org\/de\/wp-json\/wp\/v2\/pages"}],"about":[{"href":"http:\/\/associationonelove.org\/de\/wp-json\/wp\/v2\/types\/page"}],"author":[{"embeddable":true,"href":"http:\/\/associationonelove.org\/de\/wp-json\/wp\/v2\/users\/1"}],"replies":[{"embeddable":true,"href":"http:\/\/associationonelove.org\/de\/wp-json\/wp\/v2\/comments?post=2030"}],"version-history":[{"count":25,"href":"http:\/\/associationonelove.org\/de\/wp-json\/wp\/v2\/pages\/2030\/revisions"}],"predecessor-version":[{"id":2535,"href":"http:\/\/associationonelove.org\/de\/wp-json\/wp\/v2\/pages\/2030\/revisions\/2535"}],"up":[{"embeddable":true,"href":"http:\/\/associationonelove.org\/de\/wp-json\/wp\/v2\/pages\/712"}],"wp:attachment":[{"href":"http:\/\/associationonelove.org\/de\/wp-json\/wp\/v2\/media?parent=2030"}],"curies":[{"name":"wp","href":"https:\/\/api.w.org\/{rel}","templated":true}]}}