{"id":1582,"date":"2016-05-20T15:52:52","date_gmt":"2016-05-20T14:52:52","guid":{"rendered":"http:\/\/associationonelove.org\/test\/?page_id=1582"},"modified":"2020-10-27T19:50:28","modified_gmt":"2020-10-27T18:50:28","slug":"infos-dons","status":"publish","type":"page","link":"http:\/\/associationonelove.org\/en\/infos-dons\/","title":{"rendered":"Make a donation"},"content":{"rendered":"<div class=\"vc_row wpb_row vc_row-fluid\"><div class=\"wpb_column vc_column_container vc_col-sm-12\"><div class=\"vc_column-inner\"><div class=\"wpb_wrapper\">\n\t<div class=\"wpb_text_column wpb_content_element\">\n\t\t<div class=\"wpb_wrapper\">\n\t\t\t<h3 style=\"text-align: center;\">To support us<\/h3>\n<p><iframe loading=\"lazy\" id=\"haWidget\" style=\"width: 100%; height: 1500px; border: none;\" src=\"https:\/\/www.helloasso.com\/associations\/association-one-love\/formulaires\/6\/widget\" width=\"300\" height=\"150\" scrolling=\"auto\"><\/iframe><\/p>\n<p style=\"text-align: center;\">Vous pouvez nous faire un don par virement bancaire. Si vous souhaitez faire un don dirig\u00e9 vers une de nos actions en particulier, indiquez-le dans le libell\u00e9 du virement. Voici notre RIB :<\/p>\n\n\t\t<\/div>\n\t<\/div>\n<\/div><\/div><\/div><\/div><div class=\"vc_row wpb_row vc_row-fluid\"><div class=\"wpb_column vc_column_container vc_col-sm-12\"><div class=\"vc_column-inner\"><div class=\"wpb_wrapper\">\n\t<div class=\"wpb_text_column wpb_content_element\">\n\t\t<div class=\"wpb_wrapper\">\n\t\t\t<p style=\"text-align: center;\">RIB One Love-ol Association:<\/p>\n<p style=\"text-align: center;\">Code banque : 10278<br \/>\nCode guichet : 06041<br \/>\nN\u00b0 compte : 00020905501<br \/>\nCl\u00e9 RIB : 59<\/p>\n<p style=\"text-align: center;\">IBAN : FR76 1027 8060 4100 0209 0550 159<br \/>\nBIC : CMCIFR2A<\/p>\n\n\t\t<\/div>\n\t<\/div>\n\n\t<div class=\"wpb_text_column wpb_content_element\">\n\t\t<div class=\"wpb_wrapper\">\n\t\t\t<p style=\"text-align: center;\">VOUS POUVEZ AUSSI<\/p>\n<p style=\"text-align: center;\">devenir b\u00e9n\u00e9vole, cr\u00e9er un partenariat avec nous, vous inscrire \u00e0 notre newsletter.<\/p>\n\n\t\t<\/div>\n\t<\/div>\n<\/div><\/div><\/div><\/div><div class=\"vc_row wpb_row vc_row-fluid\"><div class=\"wpb_column vc_column_container vc_col-sm-4\"><div class=\"vc_column-inner\"><div class=\"wpb_wrapper\">\n\t<div class=\"wpb_single_image wpb_content_element vc_align_center   noir-blanc\">\n\t\t\n\t\t<figure class=\"wpb_wrapper vc_figure\">\n\t\t\t<a href=\"http:\/\/associationonelove.org\/en\/become-volunteer\/\" target=\"_blank\" class=\"vc_single_image-wrapper   vc_box_border_grey\"><img width=\"300\" height=\"200\" src=\"http:\/\/associationonelove.org\/wp-content\/uploads\/2016\/02\/10487230_1515118472034836_5256126999378739153_n-300x200.jpg\" class=\"vc_single_image-img attachment-medium\" alt=\"\" decoding=\"async\" loading=\"lazy\" srcset=\"http:\/\/associationonelove.org\/wp-content\/uploads\/2016\/02\/10487230_1515118472034836_5256126999378739153_n-300x200.jpg 300w, http:\/\/associationonelove.org\/wp-content\/uploads\/2016\/02\/10487230_1515118472034836_5256126999378739153_n-768x512.jpg 768w, http:\/\/associationonelove.org\/wp-content\/uploads\/2016\/02\/10487230_1515118472034836_5256126999378739153_n-360x240.jpg 360w, http:\/\/associationonelove.org\/wp-content\/uploads\/2016\/02\/10487230_1515118472034836_5256126999378739153_n-600x400.jpg 600w, http:\/\/associationonelove.org\/wp-content\/uploads\/2016\/02\/10487230_1515118472034836_5256126999378739153_n-263x175.jpg 263w, http:\/\/associationonelove.org\/wp-content\/uploads\/2016\/02\/10487230_1515118472034836_5256126999378739153_n.jpg 960w\" sizes=\"(max-width: 300px) 100vw, 300px\" \/><\/a>\n\t\t<\/figure>\n\t<\/div>\n\n\t<div class=\"wpb_text_column wpb_content_element  vc_custom_1518091081579 text-action\">\n\t\t<div class=\"wpb_wrapper\">\n\t\t\t<p style=\"text-align: center;\"><a href=\"http:\/\/associationonelove.org\/en\/become-volunteer\/\" target=\"_blank\"><span style=\"color: #ffffff;\">Prenez contact avec nous pour rejoindre notre \u00e9quipe<\/span><\/a><\/p>\n\n\t\t<\/div>\n\t<\/div>\n<\/div><\/div><\/div><div class=\"wpb_column vc_column_container vc_col-sm-4\"><div class=\"vc_column-inner\"><div class=\"wpb_wrapper\">\n\t<div class=\"wpb_single_image wpb_content_element vc_align_center   noir-blanc\">\n\t\t\n\t\t<figure class=\"wpb_wrapper vc_figure\">\n\t\t\t<a href=\"mailto:patricia.meri@associationonelove.org\" target=\"_self\" class=\"vc_single_image-wrapper   vc_box_border_grey\"><img width=\"300\" height=\"200\" src=\"http:\/\/associationonelove.org\/wp-content\/uploads\/2016\/02\/rencontre-ministre-congo-2014-300x200.jpg\" class=\"vc_single_image-img attachment-medium\" alt=\"\" decoding=\"async\" loading=\"lazy\" srcset=\"http:\/\/associationonelove.org\/wp-content\/uploads\/2016\/02\/rencontre-ministre-congo-2014-300x200.jpg 300w, http:\/\/associationonelove.org\/wp-content\/uploads\/2016\/02\/rencontre-ministre-congo-2014-768x512.jpg 768w, http:\/\/associationonelove.org\/wp-content\/uploads\/2016\/02\/rencontre-ministre-congo-2014-360x240.jpg 360w, http:\/\/associationonelove.org\/wp-content\/uploads\/2016\/02\/rencontre-ministre-congo-2014-600x400.jpg 600w, http:\/\/associationonelove.org\/wp-content\/uploads\/2016\/02\/rencontre-ministre-congo-2014-263x175.jpg 263w, http:\/\/associationonelove.org\/wp-content\/uploads\/2016\/02\/rencontre-ministre-congo-2014.jpg 960w\" sizes=\"(max-width: 300px) 100vw, 300px\" \/><\/a>\n\t\t<\/figure>\n\t<\/div>\n\n\t<div class=\"wpb_text_column wpb_content_element  vc_custom_1467322262219 text-action\">\n\t\t<div class=\"wpb_wrapper\">\n\t\t\t<p style=\"text-align: center;\"><a href=\"mailto:patricia.meri@associationonelove.org\"><span style=\"color: #ffffff;\">Devenir partenaire de notre<br \/>\nassociation<\/span><\/a><\/p>\n\n\t\t<\/div>\n\t<\/div>\n<\/div><\/div><\/div><div class=\"wpb_column vc_column_container vc_col-sm-4\"><div class=\"vc_column-inner\"><div class=\"wpb_wrapper\"><div class=\"vc_empty_space\"  style=\"height: 90px\" ><span class=\"vc_empty_space_inner\"><\/span><\/div>\n\n\t<div class=\"wpb_single_image wpb_content_element vc_align_center  vc_custom_1467322309238  noir-blanc\">\n\t\t\n\t\t<figure class=\"wpb_wrapper vc_figure\">\n\t\t\t<a href=\"..\/subscription-newsletter\/\" target=\"_blank\" class=\"vc_single_image-wrapper   vc_box_border_grey\"><img width=\"185\" height=\"55\" src=\"http:\/\/associationonelove.org\/wp-content\/uploads\/2016\/01\/LOGO_ONE_LOVE2.png\" class=\"vc_single_image-img attachment-medium\" alt=\"\" decoding=\"async\" loading=\"lazy\" srcset=\"http:\/\/associationonelove.org\/wp-content\/uploads\/2016\/01\/LOGO_ONE_LOVE2.png 185w, http:\/\/associationonelove.org\/wp-content\/uploads\/2016\/01\/LOGO_ONE_LOVE2-180x55.png 180w\" sizes=\"(max-width: 185px) 100vw, 185px\" \/><\/a>\n\t\t<\/figure>\n\t<\/div>\n\n\t<div class=\"wpb_text_column wpb_content_element  vc_custom_1467322685843 text-action\">\n\t\t<div class=\"wpb_wrapper\">\n\t\t\t<p style=\"text-align: center;\"><a href=\"..\/subscription-newsletter\/\" target=\"_blank\"><span style=\"color: #ffffff;\">S&rsquo;inscrire \u00e0<br \/>\nla Newsloveletter<\/span><\/a><\/p>\n\n\t\t<\/div>\n\t<\/div>\n<\/div><\/div><\/div><\/div><div class=\"vc_row wpb_row vc_row-fluid\"><div class=\"wpb_column vc_column_container vc_col-sm-12\"><div class=\"vc_column-inner\"><div class=\"wpb_wrapper\">\n\t<div class=\"wpb_text_column wpb_content_element\">\n\t\t<div class=\"wpb_wrapper\">\n\t\t\t<h3>L&#8217;emploi de vos dons<\/h3>\n<p>Sauf mention sp\u00e9ciale, l\u2019affectation de vos dons se fait en fonction des besoins des programmes de terrain. <strong>Merci de votre confiance et de votre soutien.<\/strong> Toutefois si vous d\u00e9sirez soutenir un programme sp\u00e9cifique vous pouvez le faire en nous le pr\u00e9cisant lors de votre virement.<\/p>\n<p>&nbsp;<\/p>\n<h3>Donner en toute confiance<\/h3>\n<p><strong>Paiement 100% s\u00e9curis\u00e9\u00a0<\/strong><\/p>\n<p>Toutes les informations bancaires qui nous permettent de traiter <strong>vos paiements sont totalement s\u00e9curis\u00e9s<\/strong>. Elles ne transitent en aucun cas sur nos syst\u00e8mes informatiques.<\/p>\n<p><strong>Respect de votre vie priv\u00e9e<\/strong><\/p>\n<p>One Love\u00a0ne commercialise pas ses fichiers de donateurs, de clients ni d&rsquo;abonn\u00e9s. Conform\u00e9ment \u00e0 la Loi Informatique et Libert\u00e9s n\u00b078-17 du 6 janvier 1978, vous disposez d\u2019un droit d\u2019acc\u00e8s, de modification, de suppression et d\u2019opposition au traitement de vos donn\u00e9es personnelles et \u00e0 leur utilisation \u00e0 des fins de prospection en nous \u00e9crivant par email (associationonelove@gmail.com) ou par courrier :<\/p>\n<p style=\"text-align: center;\">Association One Love<br \/>\n44 rue de la roquette 75011 Paris<\/p>\n\n\t\t<\/div>\n\t<\/div>\n<\/div><\/div><\/div><\/div><div class=\"vc_row wpb_row vc_row-fluid\"><div class=\"wpb_column vc_column_container vc_col-sm-12\"><div class=\"vc_column-inner\"><div class=\"wpb_wrapper\"><\/div><\/div><\/div><\/div>","protected":false},"excerpt":{"rendered":"POUR NOUS SOUTENIR Vous pouvez nous faire un don par virement bancaire. Si vous souhaitez faire un don dirig\u00e9 vers une de nos actions en particulier, indiquez-le dans le libell\u00e9 du virement. Voici notre RIB : RIB One Love-ol Association: Code banque : 10278 Code guichet : 06041 N\u00b0 compte : 00020905501 Cl\u00e9 RIB : [...]","protected":false},"author":1,"featured_media":0,"parent":0,"menu_order":0,"comment_status":"open","ping_status":"open","template":"","meta":{"_links_to":"","_links_to_target":""},"_links":{"self":[{"href":"http:\/\/associationonelove.org\/en\/wp-json\/wp\/v2\/pages\/1582"}],"collection":[{"href":"http:\/\/associationonelove.org\/en\/wp-json\/wp\/v2\/pages"}],"about":[{"href":"http:\/\/associationonelove.org\/en\/wp-json\/wp\/v2\/types\/page"}],"author":[{"embeddable":true,"href":"http:\/\/associationonelove.org\/en\/wp-json\/wp\/v2\/users\/1"}],"replies":[{"embeddable":true,"href":"http:\/\/associationonelove.org\/en\/wp-json\/wp\/v2\/comments?post=1582"}],"version-history":[{"count":80,"href":"http:\/\/associationonelove.org\/en\/wp-json\/wp\/v2\/pages\/1582\/revisions"}],"predecessor-version":[{"id":2330,"href":"http:\/\/associationonelove.org\/en\/wp-json\/wp\/v2\/pages\/1582\/revisions\/2330"}],"wp:attachment":[{"href":"http:\/\/associationonelove.org\/en\/wp-json\/wp\/v2\/media?parent=1582"}],"curies":[{"name":"wp","href":"https:\/\/api.w.org\/{rel}","templated":true}]}}