{"id":2030,"date":"2017-06-14T18:01:27","date_gmt":"2017-06-14T17:01:27","guid":{"rendered":"http:\/\/associationonelove.org\/?page_id=2030"},"modified":"2023-03-01T20:56:32","modified_gmt":"2023-03-01T19:56:32","slug":"one-love-house","status":"publish","type":"page","link":"http:\/\/associationonelove.org\/en\/actions\/one-love-house\/","title":{"rendered":"La One Love House (fr)"},"content":{"rendered":"<div class=\"vc_row wpb_row vc_row-fluid\"><div class=\"no-padding wpb_column vc_column_container vc_col-sm-12 vc_col-has-fill\"><div class=\"vc_column-inner vc_custom_1467227620131\"><div class=\"wpb_wrapper\">\n\t<div class=\"wpb_raw_code wpb_content_element wpb_raw_html\">\n\t\t<div class=\"wpb_wrapper\">\n\t\t\t<div class=\"couv-profil\"> <\/div>\n\t\t<\/div>\n\t<\/div>\n<\/div><\/div><\/div><\/div><div class=\"vc_row wpb_row vc_row-fluid\"><div class=\"wpb_column vc_column_container vc_col-sm-12\"><div class=\"vc_column-inner\"><div class=\"wpb_wrapper\">\n\t<div class=\"wpb_text_column wpb_content_element  paragraphe\">\n\t\t<div class=\"wpb_wrapper\">\n\t\t\t<blockquote>\n<h1>A house of love for abandoned children<\/h1>\n<\/blockquote>\n<h3>The goals<\/h3>\n<p><strong>We believe<\/strong> that every child in the Democratic Republic of Congo (DRC) should be surrounded by love and have access to a home where he feels safe and can flourish.<\/p>\n<p><strong>Our mission <\/strong>is to welcome in our house located in the Ma Campagne district of Kinshasa abandoned children and youth, especially street children, the so-called \"shegu\u00e9s\".<\/p>\n<p><strong>Our main objective <\/strong>is to provide these children with a peaceful living space for them to make life-giving choices. We also do everything possible to ensure that they have access to a quality education that will give them every opportunity to achieve their dreams.<\/p>\n<h3>The latest news<\/h3>\n<p>In 2022, we welcomed 10 boys aged between 10 and 16 years old. They all attend private schools in Kinshasa and are supervised the rest of the time by our team of local employees (three educators, a coordinator, a cook, a housekeeper and two guards), in addition to the One Love managers.<\/p>\n<div id=\"attachment_2041\" style=\"width: 610px\" class=\"wp-caption aligncenter\"><img aria-describedby=\"caption-attachment-2041\" decoding=\"async\" loading=\"lazy\" class=\"wp-image-2041\" src=\"http:\/\/associationonelove.org\/wp-content\/uploads\/2017\/06\/OneLoveHouse.jpg\" alt=\"OneLoveHouse\" width=\"600\" height=\"300\" srcset=\"http:\/\/associationonelove.org\/wp-content\/uploads\/2017\/06\/OneLoveHouse.jpg 960w, http:\/\/associationonelove.org\/wp-content\/uploads\/2017\/06\/OneLoveHouse-300x150.jpg 300w, http:\/\/associationonelove.org\/wp-content\/uploads\/2017\/06\/OneLoveHouse-768x384.jpg 768w\" sizes=\"(max-width: 600px) 100vw, 600px\" \/><p id=\"caption-attachment-2041\" class=\"wp-caption-text\">The One Love House<\/p><\/div>\n<table style=\"width: 1000px; height: 250px;\">\n<tbody>\n<tr>\n<td><a href=\"http:\/\/associationonelove.org\/wp-content\/uploads\/2017\/06\/20728022_1945346065678739_7953602057856511034_n.jpg\"><img decoding=\"async\" loading=\"lazy\" class=\"alignnone size-medium wp-image-2125\" src=\"http:\/\/associationonelove.org\/wp-content\/uploads\/2017\/06\/20728022_1945346065678739_7953602057856511034_n-300x300.jpg\" alt=\"20728022_1945346065678739_7953602057856511034_n\" width=\"300\" height=\"300\" srcset=\"http:\/\/associationonelove.org\/wp-content\/uploads\/2017\/06\/20728022_1945346065678739_7953602057856511034_n-300x300.jpg 300w, http:\/\/associationonelove.org\/wp-content\/uploads\/2017\/06\/20728022_1945346065678739_7953602057856511034_n-150x150.jpg 150w, http:\/\/associationonelove.org\/wp-content\/uploads\/2017\/06\/20728022_1945346065678739_7953602057856511034_n-180x180.jpg 180w, http:\/\/associationonelove.org\/wp-content\/uploads\/2017\/06\/20728022_1945346065678739_7953602057856511034_n-600x600.jpg 600w, http:\/\/associationonelove.org\/wp-content\/uploads\/2017\/06\/20728022_1945346065678739_7953602057856511034_n-64x65.jpg 64w, http:\/\/associationonelove.org\/wp-content\/uploads\/2017\/06\/20728022_1945346065678739_7953602057856511034_n-98x98.jpg 98w, http:\/\/associationonelove.org\/wp-content\/uploads\/2017\/06\/20728022_1945346065678739_7953602057856511034_n.jpg 720w\" sizes=\"(max-width: 300px) 100vw, 300px\" \/><\/a><\/td>\n<td><a href=\"http:\/\/associationonelove.org\/wp-content\/uploads\/2017\/06\/28166854_2030620357151309_731967232700338221_n.jpg\"><img decoding=\"async\" loading=\"lazy\" class=\"alignnone wp-image-2124\" src=\"http:\/\/associationonelove.org\/wp-content\/uploads\/2017\/06\/28166854_2030620357151309_731967232700338221_n-300x300.jpg\" alt=\"28166854_2030620357151309_731967232700338221_n\" width=\"300\" height=\"300\" srcset=\"http:\/\/associationonelove.org\/wp-content\/uploads\/2017\/06\/28166854_2030620357151309_731967232700338221_n-300x300.jpg 300w, http:\/\/associationonelove.org\/wp-content\/uploads\/2017\/06\/28166854_2030620357151309_731967232700338221_n-150x150.jpg 150w, http:\/\/associationonelove.org\/wp-content\/uploads\/2017\/06\/28166854_2030620357151309_731967232700338221_n-180x180.jpg 180w, http:\/\/associationonelove.org\/wp-content\/uploads\/2017\/06\/28166854_2030620357151309_731967232700338221_n-64x65.jpg 64w, http:\/\/associationonelove.org\/wp-content\/uploads\/2017\/06\/28166854_2030620357151309_731967232700338221_n-98x98.jpg 98w, http:\/\/associationonelove.org\/wp-content\/uploads\/2017\/06\/28166854_2030620357151309_731967232700338221_n.jpg 539w\" sizes=\"(max-width: 300px) 100vw, 300px\" \/><\/a><\/td>\n<td><a href=\"http:\/\/associationonelove.org\/wp-content\/uploads\/2017\/06\/29249528_2041230876090257_1398351434191905181_n.jpg\"><img decoding=\"async\" loading=\"lazy\" class=\"alignnone size-medium wp-image-2126\" src=\"http:\/\/associationonelove.org\/wp-content\/uploads\/2017\/06\/29249528_2041230876090257_1398351434191905181_n-300x300.jpg\" alt=\"29249528_2041230876090257_1398351434191905181_n\" width=\"300\" height=\"300\" srcset=\"http:\/\/associationonelove.org\/wp-content\/uploads\/2017\/06\/29249528_2041230876090257_1398351434191905181_n-300x300.jpg 300w, http:\/\/associationonelove.org\/wp-content\/uploads\/2017\/06\/29249528_2041230876090257_1398351434191905181_n-150x150.jpg 150w, http:\/\/associationonelove.org\/wp-content\/uploads\/2017\/06\/29249528_2041230876090257_1398351434191905181_n-180x180.jpg 180w, http:\/\/associationonelove.org\/wp-content\/uploads\/2017\/06\/29249528_2041230876090257_1398351434191905181_n-600x600.jpg 600w, http:\/\/associationonelove.org\/wp-content\/uploads\/2017\/06\/29249528_2041230876090257_1398351434191905181_n-64x65.jpg 64w, http:\/\/associationonelove.org\/wp-content\/uploads\/2017\/06\/29249528_2041230876090257_1398351434191905181_n-98x98.jpg 98w, http:\/\/associationonelove.org\/wp-content\/uploads\/2017\/06\/29249528_2041230876090257_1398351434191905181_n.jpg 707w\" sizes=\"(max-width: 300px) 100vw, 300px\" \/><\/a><\/td>\n<td><a href=\"http:\/\/associationonelove.org\/wp-content\/uploads\/2017\/06\/28166574_2030620380484640_583803064427664133_n.jpg\"><img decoding=\"async\" loading=\"lazy\" class=\"alignnone size-medium wp-image-2123\" src=\"http:\/\/associationonelove.org\/wp-content\/uploads\/2017\/06\/28166574_2030620380484640_583803064427664133_n-300x300.jpg\" alt=\"28166574_2030620380484640_583803064427664133_n\" width=\"300\" height=\"300\" srcset=\"http:\/\/associationonelove.org\/wp-content\/uploads\/2017\/06\/28166574_2030620380484640_583803064427664133_n-300x300.jpg 300w, http:\/\/associationonelove.org\/wp-content\/uploads\/2017\/06\/28166574_2030620380484640_583803064427664133_n-150x150.jpg 150w, http:\/\/associationonelove.org\/wp-content\/uploads\/2017\/06\/28166574_2030620380484640_583803064427664133_n-180x180.jpg 180w, http:\/\/associationonelove.org\/wp-content\/uploads\/2017\/06\/28166574_2030620380484640_583803064427664133_n-64x65.jpg 64w, http:\/\/associationonelove.org\/wp-content\/uploads\/2017\/06\/28166574_2030620380484640_583803064427664133_n-98x98.jpg 98w, http:\/\/associationonelove.org\/wp-content\/uploads\/2017\/06\/28166574_2030620380484640_583803064427664133_n.jpg 539w\" sizes=\"(max-width: 300px) 100vw, 300px\" \/><\/a><\/td>\n<\/tr>\n<\/tbody>\n<\/table>\n<p>&nbsp;<\/p>\n<h3>Project Managers<\/h3>\n\n\t\t<\/div>\n\t<\/div>\n<\/div><\/div><\/div><\/div><div class=\"vc_row wpb_row vc_row-fluid\"><div class=\"wpb_column vc_column_container vc_col-sm-12\"><div class=\"vc_column-inner\"><div class=\"wpb_wrapper\"><div class=\"vc_empty_space\"  style=\"height: 55px\" ><span class=\"vc_empty_space_inner\"><\/span><\/div>\n<\/div><\/div><\/div><\/div><div class=\"vc_row wpb_row vc_row-fluid\"><div class=\"wpb_column vc_column_container vc_col-sm-4\"><div class=\"vc_column-inner\"><div class=\"wpb_wrapper\">\n\t<div class=\"wpb_single_image wpb_content_element vc_align_center   paragraphe\">\n\t\t\n\t\t<figure class=\"wpb_wrapper vc_figure\">\n\t\t\t<a href=\"mailto:maite.kabangu@associationonelove.org\" target=\"_blank\" class=\"vc_single_image-wrapper   vc_box_border_grey\"><img width=\"200\" height=\"300\" src=\"http:\/\/associationonelove.org\/wp-content\/uploads\/2016\/01\/Maite-CHAUDRON-portrait-200x300.jpg\" class=\"vc_single_image-img attachment-medium\" alt=\"\" decoding=\"async\" loading=\"lazy\" srcset=\"http:\/\/associationonelove.org\/wp-content\/uploads\/2016\/01\/Maite-CHAUDRON-portrait-200x300.jpg 200w, http:\/\/associationonelove.org\/wp-content\/uploads\/2016\/01\/Maite-CHAUDRON-portrait-768x1152.jpg 768w, http:\/\/associationonelove.org\/wp-content\/uploads\/2016\/01\/Maite-CHAUDRON-portrait-682x1024.jpg 682w, http:\/\/associationonelove.org\/wp-content\/uploads\/2016\/01\/Maite-CHAUDRON-portrait.jpg 933w\" sizes=\"(max-width: 200px) 100vw, 200px\" \/><\/a><figcaption class=\"vc_figure-caption\">Maite KABANGU<\/figcaption>\n\t\t<\/figure>\n\t<\/div>\n<\/div><\/div><\/div><div class=\"wpb_column vc_column_container vc_col-sm-4\"><div class=\"vc_column-inner\"><div class=\"wpb_wrapper\">\n\t<div class=\"wpb_single_image wpb_content_element vc_align_center   paragraphe\">\n\t\t\n\t\t<figure class=\"wpb_wrapper vc_figure\">\n\t\t\t<a href=\"mailto:kanda.kabangu@associationonelove.org\" target=\"_blank\" class=\"vc_single_image-wrapper   vc_box_border_grey\"><img width=\"200\" height=\"300\" src=\"http:\/\/associationonelove.org\/wp-content\/uploads\/2016\/01\/Kanda-KABANGU-portrait-200x300.jpg\" class=\"vc_single_image-img attachment-medium\" alt=\"\" decoding=\"async\" loading=\"lazy\" srcset=\"http:\/\/associationonelove.org\/wp-content\/uploads\/2016\/01\/Kanda-KABANGU-portrait-200x300.jpg 200w, http:\/\/associationonelove.org\/wp-content\/uploads\/2016\/01\/Kanda-KABANGU-portrait-768x1152.jpg 768w, http:\/\/associationonelove.org\/wp-content\/uploads\/2016\/01\/Kanda-KABANGU-portrait-682x1024.jpg 682w, http:\/\/associationonelove.org\/wp-content\/uploads\/2016\/01\/Kanda-KABANGU-portrait.jpg 933w\" sizes=\"(max-width: 200px) 100vw, 200px\" \/><\/a><figcaption class=\"vc_figure-caption\">Kanda KABANGU<\/figcaption>\n\t\t<\/figure>\n\t<\/div>\n<\/div><\/div><\/div><div class=\"wpb_column vc_column_container vc_col-sm-4\"><div class=\"vc_column-inner\"><div class=\"wpb_wrapper\"><\/div><\/div><\/div><\/div><div class=\"vc_row wpb_row vc_row-fluid\"><div class=\"wpb_column vc_column_container vc_col-sm-12\"><div class=\"vc_column-inner\"><div class=\"wpb_wrapper\"><div class=\"vc_empty_space\"  style=\"height: 32px\" ><span class=\"vc_empty_space_inner\"><\/span><\/div>\n<\/div><\/div><\/div><\/div><div class=\"vc_row wpb_row vc_row-fluid\"><div class=\"wpb_column vc_column_container vc_col-sm-12\"><div class=\"vc_column-inner\"><div class=\"wpb_wrapper\"><section class=\"vc_cta3-container\">\n\t<div class=\"vc_general vc_cta3 paragraphe vc_cta3-style-flat vc_cta3-shape-square vc_cta3-align-left vc_cta3-color-black vc_cta3-icon-size-md vc_cta3-actions-bottom vc_custom_1664481829117\">\n\t\t\t\t\t\t<div class=\"vc_cta3_content-container\">\n\t\t\t\t\t\t\t\t\t<div class=\"vc_cta3-content\">\n\t\t\t\t<header class=\"vc_cta3-content-header\">\n\t\t\t\t\t<h2>You want to support us ?<\/h2>\t\t\t\t\t\t\t\t\t<\/header>\n\t\t\t\t<p><span style=\"color: #000000;\">Nothing easier than that\u2026 You can make a donation to contribute to the costs of the One Love House and the supervision of our young people. And if you would like to make a donation in kind, offer your skills or anything else, do not hesitate to contact one of our managers.<\/span><\/p>\n<p><span style=\"color: #000000;\">A sponsorship program has also been set up. For 25 euros or 30 USD per month, you can become a sponsor of one of our young people and support him in several areas (education, health, extra-curricular activities). Contact us if you would like more information about our program and our ten boys.<\/span><\/p>\n<p><span style=\"color: #000000;\">Thank you for your trust !<\/span><\/p>\n\t\t\t<\/div>\n\t\t\t<div class=\"vc_cta3-actions\"><div class=\"vc_btn3-container vc_btn3-inline\"><a class=\"vc_general vc_btn3 vc_btn3-size-lg vc_btn3-shape-square vc_btn3-style-flat vc_btn3-icon-left vc_btn3-color-white\" href=\"http:\/\/associationonelove.org\/en\/infos-dons\/\" title=\"Donate\" target=\"_blank\"><i class=\"vc_btn3-icon fa fa-adjust\"><\/i> Donate<\/a><\/div>\n<\/div>\t\t\t\t\t<\/div>\n\t\t\t\t\t<\/div>\n<\/section>\n\n<\/div><\/div><\/div><\/div><div class=\"vc_row wpb_row vc_row-fluid\"><div class=\"wpb_column vc_column_container vc_col-sm-12\"><div class=\"vc_column-inner\"><div class=\"wpb_wrapper\"><div class=\"vc_empty_space\"  style=\"height: 32px\" ><span class=\"vc_empty_space_inner\"><\/span><\/div>\n<\/div><\/div><\/div><\/div><div class=\"vc_row wpb_row vc_row-fluid\"><div class=\"wpb_column vc_column_container vc_col-sm-12\"><div class=\"vc_column-inner\"><div class=\"wpb_wrapper\">\n\t<div class=\"wpb_text_column wpb_content_element  paragraphe\">\n\t\t<div class=\"wpb_wrapper\">\n\t\t\t<h3>Our actions<\/h3>\n<p><a href=\"http:\/\/associationonelove.org\/en\/actions\/education-rdc\/\" target=\"_blank\" rel=\"noopener\">Innovative pedagogy for quality education<\/a><br \/>\n<a href=\"http:\/\/associationonelove.org\/en\/actions\/projet-makala\/\" target=\"_blank\" rel=\"noopener\">Valorization and literacy program for young people in correctional facilities<\/a><br \/>\n<a href=\"http:\/\/associationonelove.org\/en\/actions\/centre-aere\/\" target=\"_blank\" rel=\"noopener\">A day-care center for street children<\/a><\/p>\n\n\t\t<\/div>\n\t<\/div>\n<\/div><\/div><\/div><\/div><div class=\"vc_row wpb_row vc_row-fluid\"><div class=\"wpb_column vc_column_container vc_col-sm-12\"><div class=\"vc_column-inner\"><div class=\"wpb_wrapper\"><div class=\"vc_empty_space\"  style=\"height: 32px\" ><span class=\"vc_empty_space_inner\"><\/span><\/div>\n<\/div><\/div><\/div><\/div>","protected":false},"excerpt":{"rendered":"Une maison d\u2019Amour pour les enfants abandonn\u00e9s Les objectifs Nous croyons que chaque enfant de la R\u00e9publique D\u00e9mocratique du Congo (RDC) devrait \u00eatre entour\u00e9 d'amour et avoir acc\u00e8s \u00e0 un foyer o\u00f9 il se sentira en s\u00e9curit\u00e9 et pourra s'\u00e9panouir. Notre mission est d\u2019accueillir dans notre maison situ\u00e9e dans le quartier de Ma Campagne \u00e0 [...]","protected":false},"author":1,"featured_media":0,"parent":712,"menu_order":0,"comment_status":"closed","ping_status":"closed","template":"charity-visual-composer.php","meta":{"_links_to":"","_links_to_target":""},"_links":{"self":[{"href":"http:\/\/associationonelove.org\/en\/wp-json\/wp\/v2\/pages\/2030"}],"collection":[{"href":"http:\/\/associationonelove.org\/en\/wp-json\/wp\/v2\/pages"}],"about":[{"href":"http:\/\/associationonelove.org\/en\/wp-json\/wp\/v2\/types\/page"}],"author":[{"embeddable":true,"href":"http:\/\/associationonelove.org\/en\/wp-json\/wp\/v2\/users\/1"}],"replies":[{"embeddable":true,"href":"http:\/\/associationonelove.org\/en\/wp-json\/wp\/v2\/comments?post=2030"}],"version-history":[{"count":25,"href":"http:\/\/associationonelove.org\/en\/wp-json\/wp\/v2\/pages\/2030\/revisions"}],"predecessor-version":[{"id":2535,"href":"http:\/\/associationonelove.org\/en\/wp-json\/wp\/v2\/pages\/2030\/revisions\/2535"}],"up":[{"embeddable":true,"href":"http:\/\/associationonelove.org\/en\/wp-json\/wp\/v2\/pages\/712"}],"wp:attachment":[{"href":"http:\/\/associationonelove.org\/en\/wp-json\/wp\/v2\/media?parent=2030"}],"curies":[{"name":"wp","href":"https:\/\/api.w.org\/{rel}","templated":true}]}}