{"id":1012,"date":"2016-01-29T17:42:20","date_gmt":"2016-01-29T16:42:20","guid":{"rendered":"http:\/\/associationonelove.org\/test\/?page_id=1012"},"modified":"2020-07-22T16:54:48","modified_gmt":"2020-07-22T15:54:48","slug":"kanda-kabangu","status":"publish","type":"page","link":"https:\/\/associationonelove.org\/de\/un-peu-de-nous\/kanda-kabangu\/","title":{"rendered":"Kanda Kabangu"},"content":{"rendered":"<div class=\"vc_row wpb_row vc_row-fluid\"><div class=\"no-padding wpb_column vc_column_container vc_col-sm-12 vc_col-has-fill\"><div class=\"vc_column-inner vc_custom_1467228495449\"><div class=\"wpb_wrapper\">\n\t<div class=\"wpb_raw_code wpb_content_element wpb_raw_html\">\n\t\t<div class=\"wpb_wrapper\">\n\t\t\t<div class=\"couv-profil\"><\/div>\n\t\t<\/div>\n\t<\/div>\n<\/div><\/div><\/div><\/div><div class=\"vc_row wpb_row vc_row-fluid vc_custom_1453576097451\"><div class=\"wpb_column vc_column_container vc_col-sm-12\"><div class=\"vc_column-inner\"><div class=\"wpb_wrapper\"><div class=\"vc_empty_space\"  style=\"height: 15px\" ><span class=\"vc_empty_space_inner\"><\/span><\/div>\n<\/div><\/div><\/div><\/div><div class=\"vc_row wpb_row vc_row-fluid\"><div class=\"wpb_column vc_column_container vc_col-sm-3\"><div class=\"vc_column-inner\"><div class=\"wpb_wrapper\">\n\t<div class=\"wpb_single_image wpb_content_element vc_align_left  vc_custom_1454086759307\">\n\t\t\n\t\t<figure class=\"wpb_wrapper vc_figure\">\n\t\t\t<div class=\"vc_single_image-wrapper   vc_box_border_grey\"><img width=\"200\" height=\"300\" src=\"https:\/\/associationonelove.org\/wp-content\/uploads\/2016\/01\/Kanda-KABANGU-portrait-200x300.jpg\" class=\"vc_single_image-img attachment-medium\" alt=\"\" decoding=\"async\" loading=\"lazy\" srcset=\"https:\/\/associationonelove.org\/wp-content\/uploads\/2016\/01\/Kanda-KABANGU-portrait-200x300.jpg 200w, https:\/\/associationonelove.org\/wp-content\/uploads\/2016\/01\/Kanda-KABANGU-portrait-768x1152.jpg 768w, https:\/\/associationonelove.org\/wp-content\/uploads\/2016\/01\/Kanda-KABANGU-portrait-682x1024.jpg 682w, https:\/\/associationonelove.org\/wp-content\/uploads\/2016\/01\/Kanda-KABANGU-portrait.jpg 933w\" sizes=\"(max-width: 200px) 100vw, 200px\" \/><\/div>\n\t\t<\/figure>\n\t<\/div>\n<\/div><\/div><\/div><div class=\"wpb_column vc_column_container vc_col-sm-6\"><div class=\"vc_column-inner\"><div class=\"wpb_wrapper\"><h2 style=\"text-align: left;font-family:Lato;font-weight:300;font-style:normal\" class=\"vc_custom_heading\">Kanda KABANGU<\/h2>\n\t<div class=\"wpb_text_column wpb_content_element\">\n\t\t<div class=\"wpb_wrapper\">\n\t\t\t<p style=\"text-align: justify;\">Meine Frau und ich sind die Gr\u00fcnder von One Love.<br \/>\nOne Love ist jedoch nicht mein Werk, es ist das Werk unseres gesamten Teams. Ich habe nicht das Gef\u00fchl, dass ich irgendetwas erreicht habe, eine einzige Leistung w\u00e4re bis heute - und sie ist noch nicht abgeschlossen -, mich der Vision und der Richtung, die wir gemeinsam einschlagen, zu versichern. Ich habe jedoch gelernt, dass man der Initiator einer Vision sein kann und sie nicht unbedingt mehr als andere tr\u00e4gt. Es ist sehr schwer, alleine weite Kilometer zu laufen.  Man sagt ja so sch\u00f6n: Alleine ist man zwar schnell, gemeinsam kommt man aber weiter! Man muss tats\u00e4chlich aufpassen, das man nicht schlecht begleitet wird, aber meine Frau und ich hatten das Gl\u00fcck, ich w\u00fcrde sogar sagen die Gnade, zahlreiche au\u00dfergew\u00f6hnliche und kompetente Personen kennenzulernen! Dank dieses Teams sind wir nicht allein mit diesem Projekt. Das w\u00e4re im \u00dcbrigen eine zu gro\u00dfe Belastung f\u00fcr uns beide gewesen. One Love hat mich die Notwendigkeit, den Reichtum und die St\u00e4rke eines Teams gelehrt, das f\u00fcr die gleiche Vision steht und von Liebe angetrieben wird.<\/p>\n<p style=\"text-align: justify;\">Ich habe auch gelernt, Vertrauen in meine Ideen zu haben. Mit allen Mitgliedern von One Love bilden wir ein Team, in dem jeder seine Vorschl\u00e4ge einbringt. Wir haben das Gl\u00fcck, einander zuzuh\u00f6ren und den anderen zu ber\u00fccksichtigen. Das hat dazu gedient, mich zu st\u00e4rken und mir mehr Selbstvertrauen zu geben.<\/p>\n<p style=\"text-align: justify;\">Jedes der Ereignisse, Aktionen und Reisen, die wir erleben durften, war f\u00fcr mich ein Hauch von frischer Luft, eine Nahrung. Ich hatte die Gelegenheit, unterschiedliche Menschen zu treffen: arme Menschen Politiker, Unternehmer, einsame Kinder... All diese Menschen haben mich durch das, was sie waren, ber\u00fchrt. Ich liebe es, sie zu entdecken, sie verstehen zu lernen, sie zu akzeptieren, das Beste in ihnen zu sehen, um sie dazu zu bringen, dies immer in den Vordergrund zu stellen. Kurz gesagt, sie zu lieben. Es ist etwas Wunderbares, wenn man sieht, dass man eine Person liebt, die man nicht mochte oder nicht kannte.<\/p>\n<p style=\"text-align: justify;\">Meine Hobbies: Ich liebe viele Dinge. Reisen, Musik, Sport, wie viele andere Menschen auch, aber am meisten liebe ich Menschen!<\/p>\n\n\t\t<\/div>\n\t<\/div>\n<\/div><\/div><\/div><div class=\"wpb_column vc_column_container vc_col-sm-3\"><div class=\"vc_column-inner\"><div class=\"wpb_wrapper\"><\/div><\/div><\/div><\/div><div class=\"vc_row wpb_row vc_row-fluid\"><div class=\"wpb_column vc_column_container vc_col-sm-12\"><div class=\"vc_column-inner\"><div class=\"wpb_wrapper\"><div class=\"vc_empty_space\"  style=\"height: 30px\" ><span class=\"vc_empty_space_inner\"><\/span><\/div>\n<\/div><\/div><\/div><\/div>","protected":false},"excerpt":{"rendered":"Kanda KABANGU Ma femme et moi sommes les fondateurs de One Love. Cependant One Love aujourd'hui n'est pas mon oeuvre, c'est celle de notre \u00e9quipe. Je n'ai d'ailleurs pas l'impression d'avoir r\u00e9alis\u00e9 quelque\u00a0chose, ma seule r\u00e9alisation serait \u00e0 ce jour, et elle n'est pas encore achev\u00e9e, de m'assurer de la vision, de la direction que [...]","protected":false},"author":1,"featured_media":0,"parent":803,"menu_order":8,"comment_status":"closed","ping_status":"closed","template":"charity-visual-composer.php","meta":{"_links_to":"","_links_to_target":""},"_links":{"self":[{"href":"https:\/\/associationonelove.org\/de\/wp-json\/wp\/v2\/pages\/1012"}],"collection":[{"href":"https:\/\/associationonelove.org\/de\/wp-json\/wp\/v2\/pages"}],"about":[{"href":"https:\/\/associationonelove.org\/de\/wp-json\/wp\/v2\/types\/page"}],"author":[{"embeddable":true,"href":"https:\/\/associationonelove.org\/de\/wp-json\/wp\/v2\/users\/1"}],"replies":[{"embeddable":true,"href":"https:\/\/associationonelove.org\/de\/wp-json\/wp\/v2\/comments?post=1012"}],"version-history":[{"count":15,"href":"https:\/\/associationonelove.org\/de\/wp-json\/wp\/v2\/pages\/1012\/revisions"}],"predecessor-version":[{"id":2298,"href":"https:\/\/associationonelove.org\/de\/wp-json\/wp\/v2\/pages\/1012\/revisions\/2298"}],"up":[{"embeddable":true,"href":"https:\/\/associationonelove.org\/de\/wp-json\/wp\/v2\/pages\/803"}],"wp:attachment":[{"href":"https:\/\/associationonelove.org\/de\/wp-json\/wp\/v2\/media?parent=1012"}],"curies":[{"name":"wp","href":"https:\/\/api.w.org\/{rel}","templated":true}]}}