{"id":1408,"date":"2016-04-22T18:09:11","date_gmt":"2016-04-22T17:09:11","guid":{"rendered":"http:\/\/associationonelove.org\/test\/?page_id=1408"},"modified":"2022-10-13T19:27:52","modified_gmt":"2022-10-13T18:27:52","slug":"education-rdc","status":"publish","type":"page","link":"https:\/\/associationonelove.org\/de\/actions\/education-rdc\/","title":{"rendered":"Une p\u00e9dagogie innovante"},"content":{"rendered":"<div class=\"vc_row wpb_row vc_row-fluid\"><div class=\"no-padding wpb_column vc_column_container vc_col-sm-12 vc_col-has-fill\"><div class=\"vc_column-inner vc_custom_1467227620131\"><div class=\"wpb_wrapper\">\n\t<div class=\"wpb_raw_code wpb_content_element wpb_raw_html\">\n\t\t<div class=\"wpb_wrapper\">\n\t\t\t<div class=\"couv-profil\"> <\/div>\n\t\t<\/div>\n\t<\/div>\n<\/div><\/div><\/div><\/div><div class=\"vc_row wpb_row vc_row-fluid\"><div class=\"wpb_column vc_column_container vc_col-sm-12\"><div class=\"vc_column-inner\"><div class=\"wpb_wrapper\">\n\t<div class=\"wpb_text_column wpb_content_element  paragraphe\">\n\t\t<div class=\"wpb_wrapper\">\n\t\t\t<blockquote>\n<h1>Eine innovative P\u00e4dagogik f\u00fcr eine hochwertige Bildung<\/h1>\n<\/blockquote>\n<h3>Unser Ziel<\/h3>\n<p><strong>Wir glauben,<\/strong> dass jedes Kind in der Demokratischen Republik Kongo (DRK) Zugang zu einer qualitativ hochwertigen Bildung haben sollte, die ihm die M\u00f6glichkeit gibt, seine Tr\u00e4ume zu verwirklichen und an der Entwicklung seines Landes teilzuhaben.<\/p>\n<p><strong>Unsere Aufgabe<\/strong> ist es, eine Pilotschule mit innovativer P\u00e4dagogik in der One Love Base in Kasangulu zu errichten. Diese Schule soll zu einer Referenz f\u00fcr Schulen in der Demokratischen Republik Kongo werden und ein Modell schaffen, das im Rest des Landes reproduziert werden kann.<\/p>\n<p><strong>In Bezug auf die Probleme,<\/strong> die w\u00e4hrend unserer Feldstudien beobachtet wurden, sind unsere drei Hauptziele :<\/p>\n<ul>\n<li>Der Bau eines neuen Kindergartens und einer Grundschule, um der fehlenden Infrastruktur entgegenzuwirken. Diese Phase sollte schrittweise durchgef\u00fchrt werden.<\/li>\n<li>Die Durchf\u00fchrung eines Ausbildungsprogramms zur Verbesserung der Effizienz der Lehrer.<\/li>\n<li>Die Einrichtung eines Verbindungssystems mit den Eltern, um deren Einbindung in die Ausbildung ihrer Kinder zu st\u00e4rken.<\/li>\n<\/ul>\n<h3>Die Aktualit\u00e4ten<\/h3>\n<p>Nach der Bodenuntersuchung, die auf dem gekauften Grundst\u00fcck in Kasangulu, 30 Minuten von Kinshasa entfernt, durchgef\u00fchrt wurde, arbeiten wir derzeit mit einem Architekten zusammen, der uns bei der Planung und dem weiteren Bau der One Love Home Base, beginnend mit der Schule, begleitet.<\/p>\n<p style=\"text-align: left;\"><img decoding=\"async\" loading=\"lazy\" class=\"size-full wp-image-1405\" src=\"http:\/\/associationonelove.org\/wp-content\/uploads\/2016\/04\/Kasangulu.jpg\" alt=\"Kasangulu\" width=\"1040\" height=\"584\" srcset=\"https:\/\/associationonelove.org\/wp-content\/uploads\/2016\/04\/Kasangulu.jpg 1040w, https:\/\/associationonelove.org\/wp-content\/uploads\/2016\/04\/Kasangulu-300x168.jpg 300w, https:\/\/associationonelove.org\/wp-content\/uploads\/2016\/04\/Kasangulu-768x431.jpg 768w, https:\/\/associationonelove.org\/wp-content\/uploads\/2016\/04\/Kasangulu-1024x575.jpg 1024w\" sizes=\"(max-width: 1040px) 100vw, 1040px\" \/><\/p>\n<p style=\"text-align: center;\"><em>Blick von unserem Grundst\u00fcck in Kasangulu<\/em><\/p>\n<h3 style=\"text-align: left;\">Projektleiter<\/h3>\n\n\t\t<\/div>\n\t<\/div>\n<\/div><\/div><\/div><\/div><div class=\"vc_row wpb_row vc_row-fluid\"><div class=\"wpb_column vc_column_container vc_col-sm-12\"><div class=\"vc_column-inner\"><div class=\"wpb_wrapper\"><div class=\"vc_empty_space\"  style=\"height: 55px\" ><span class=\"vc_empty_space_inner\"><\/span><\/div>\n<\/div><\/div><\/div><\/div><div class=\"vc_row wpb_row vc_row-fluid\"><div class=\"wpb_column vc_column_container vc_col-sm-4\"><div class=\"vc_column-inner\"><div class=\"wpb_wrapper\">\n\t<div class=\"wpb_single_image wpb_content_element vc_align_center   paragraphe\">\n\t\t\n\t\t<figure class=\"wpb_wrapper vc_figure\">\n\t\t\t<a href=\"mailto:maite.kabangu@associationonelove.org\" target=\"_blank\" class=\"vc_single_image-wrapper   vc_box_border_grey\"><img width=\"200\" height=\"300\" src=\"https:\/\/associationonelove.org\/wp-content\/uploads\/2016\/01\/Maite-CHAUDRON-portrait-200x300.jpg\" class=\"vc_single_image-img attachment-medium\" alt=\"\" decoding=\"async\" loading=\"lazy\" srcset=\"https:\/\/associationonelove.org\/wp-content\/uploads\/2016\/01\/Maite-CHAUDRON-portrait-200x300.jpg 200w, https:\/\/associationonelove.org\/wp-content\/uploads\/2016\/01\/Maite-CHAUDRON-portrait-768x1152.jpg 768w, https:\/\/associationonelove.org\/wp-content\/uploads\/2016\/01\/Maite-CHAUDRON-portrait-682x1024.jpg 682w, https:\/\/associationonelove.org\/wp-content\/uploads\/2016\/01\/Maite-CHAUDRON-portrait.jpg 933w\" sizes=\"(max-width: 200px) 100vw, 200px\" \/><\/a><figcaption class=\"vc_figure-caption\">Maite KABANGU<\/figcaption>\n\t\t<\/figure>\n\t<\/div>\n<\/div><\/div><\/div><div class=\"wpb_column vc_column_container vc_col-sm-4\"><div class=\"vc_column-inner\"><div class=\"wpb_wrapper\">\n\t<div class=\"wpb_single_image wpb_content_element vc_align_center   paragraphe\">\n\t\t\n\t\t<figure class=\"wpb_wrapper vc_figure\">\n\t\t\t<a href=\"mailto:kanda.kabangu@associationonelove.org\" target=\"_blank\" class=\"vc_single_image-wrapper   vc_box_border_grey\"><img width=\"200\" height=\"300\" src=\"https:\/\/associationonelove.org\/wp-content\/uploads\/2016\/01\/Kanda-KABANGU-portrait-200x300.jpg\" class=\"vc_single_image-img attachment-medium\" alt=\"\" decoding=\"async\" loading=\"lazy\" srcset=\"https:\/\/associationonelove.org\/wp-content\/uploads\/2016\/01\/Kanda-KABANGU-portrait-200x300.jpg 200w, https:\/\/associationonelove.org\/wp-content\/uploads\/2016\/01\/Kanda-KABANGU-portrait-768x1152.jpg 768w, https:\/\/associationonelove.org\/wp-content\/uploads\/2016\/01\/Kanda-KABANGU-portrait-682x1024.jpg 682w, https:\/\/associationonelove.org\/wp-content\/uploads\/2016\/01\/Kanda-KABANGU-portrait.jpg 933w\" sizes=\"(max-width: 200px) 100vw, 200px\" \/><\/a><figcaption class=\"vc_figure-caption\">Kanda KABANGU<\/figcaption>\n\t\t<\/figure>\n\t<\/div>\n<\/div><\/div><\/div><div class=\"wpb_column vc_column_container vc_col-sm-4\"><div class=\"vc_column-inner\"><div class=\"wpb_wrapper\">\n\t<div class=\"wpb_single_image wpb_content_element vc_align_center   paragraphe\">\n\t\t\n\t\t<figure class=\"wpb_wrapper vc_figure\">\n\t\t\t<a href=\"mailto:marie-anne.goury@associationonelove.org\" target=\"_blank\" class=\"vc_single_image-wrapper   vc_box_border_grey\"><img width=\"200\" height=\"300\" src=\"https:\/\/associationonelove.org\/wp-content\/uploads\/2016\/01\/Marie-Anne-GOURY-portrait-200x300.jpg\" class=\"vc_single_image-img attachment-medium\" alt=\"\" decoding=\"async\" loading=\"lazy\" srcset=\"https:\/\/associationonelove.org\/wp-content\/uploads\/2016\/01\/Marie-Anne-GOURY-portrait-200x300.jpg 200w, https:\/\/associationonelove.org\/wp-content\/uploads\/2016\/01\/Marie-Anne-GOURY-portrait-768x1152.jpg 768w, https:\/\/associationonelove.org\/wp-content\/uploads\/2016\/01\/Marie-Anne-GOURY-portrait-682x1024.jpg 682w, https:\/\/associationonelove.org\/wp-content\/uploads\/2016\/01\/Marie-Anne-GOURY-portrait.jpg 933w\" sizes=\"(max-width: 200px) 100vw, 200px\" \/><\/a><figcaption class=\"vc_figure-caption\">Marie-Anne GOURY<\/figcaption>\n\t\t<\/figure>\n\t<\/div>\n<\/div><\/div><\/div><\/div><div class=\"vc_row wpb_row vc_row-fluid\"><div class=\"wpb_column vc_column_container vc_col-sm-12\"><div class=\"vc_column-inner\"><div class=\"wpb_wrapper\"><div class=\"vc_empty_space\"  style=\"height: 32px\" ><span class=\"vc_empty_space_inner\"><\/span><\/div>\n<\/div><\/div><\/div><\/div><div class=\"vc_row wpb_row vc_row-fluid\"><div class=\"wpb_column vc_column_container vc_col-sm-12\"><div class=\"vc_column-inner\"><div class=\"wpb_wrapper\"><section class=\"vc_cta3-container\">\n\t<div class=\"vc_general vc_cta3 paragraphe vc_cta3-style-flat vc_cta3-shape-square vc_cta3-align-left vc_cta3-color-black vc_cta3-icon-size-md vc_cta3-actions-bottom vc_custom_1603368240326\">\n\t\t\t\t\t\t<div class=\"vc_cta3_content-container\">\n\t\t\t\t\t\t\t\t\t<div class=\"vc_cta3-content\">\n\t\t\t\t<header class=\"vc_cta3-content-header\">\n\t\t\t\t\t<h2>Sie wollen uns unterst\u00fctzen ?<\/h2>\t\t\t\t\t\t\t\t\t<\/header>\n\t\t\t\t<p><span style=\"color: #000000;\">Nichts leichter als das... Sie k\u00f6nnen sich mit einer Spende an den Baukosten der Schule beteiligen und unser Ziel erreichen, indem Sie auf die Schaltfl\u00e4che unten klicken. Und wenn Sie uns eine Sachspende zukommen lassen, Ihre F\u00e4higkeiten anbieten oder etwas anderes tun m\u00f6chten, z\u00f6gern Sie nicht, einen der Verantwortlichen zu kontaktieren.<\/span><\/p>\n<p><span style=\"color: #000000;\">Vielen Dank f\u00fcr Ihr Vertrauen!<\/span><\/p>\n\t\t\t<\/div>\n\t\t\t<div class=\"vc_cta3-actions\"><div class=\"vc_btn3-container vc_btn3-inline\"><a class=\"vc_general vc_btn3 vc_btn3-size-lg vc_btn3-shape-square vc_btn3-style-flat vc_btn3-color-white\" href=\"https:\/\/associationonelove.org\/de\/infos-dons\/\" title=\"Spenden\" target=\"_blank\">Spenden<\/a><\/div>\n<\/div>\t\t\t\t\t<\/div>\n\t\t\t\t\t<\/div>\n<\/section>\n\n<\/div><\/div><\/div><\/div><div class=\"vc_row wpb_row vc_row-fluid\"><div class=\"wpb_column vc_column_container vc_col-sm-12\"><div class=\"vc_column-inner\"><div class=\"wpb_wrapper\"><div class=\"vc_empty_space\"  style=\"height: 32px\" ><span class=\"vc_empty_space_inner\"><\/span><\/div>\n<\/div><\/div><\/div><\/div><div class=\"vc_row wpb_row vc_row-fluid\"><div class=\"wpb_column vc_column_container vc_col-sm-12\"><div class=\"vc_column-inner\"><div class=\"wpb_wrapper\">\n\t<div class=\"wpb_text_column wpb_content_element  paragraphe\">\n\t\t<div class=\"wpb_wrapper\">\n\t\t\t<h3>Unsere Programme<\/h3>\n<p><a href=\"https:\/\/associationonelove.org\/de\/actions\/projet-makala\/\" target=\"_blank\">Valorisierungs- und Alphabetisierungsprogramm f\u00fcr junge Menschen in Justizvollzugsanstalten<\/a><br \/>\n<a href=\"https:\/\/associationonelove.org\/de\/actions\/one-love-house\/\" target=\"_blank\">Ein Haus der Liebe f\u00fcr verlassene Kinder<\/a><br \/>\n<a href=\"https:\/\/associationonelove.org\/de\/actions\/centre-aere\/\" target=\"_blank\">Ein Tageszentrum f\u00fcr Stra\u00dfenkinder<\/a><\/p>\n\n\t\t<\/div>\n\t<\/div>\n<\/div><\/div><\/div><\/div><div class=\"vc_row wpb_row vc_row-fluid\"><div class=\"wpb_column vc_column_container vc_col-sm-12\"><div class=\"vc_column-inner\"><div class=\"wpb_wrapper\"><div class=\"vc_empty_space\"  style=\"height: 32px\" ><span class=\"vc_empty_space_inner\"><\/span><\/div>\n<\/div><\/div><\/div><\/div>","protected":false},"excerpt":{"rendered":"Une p\u00e9dagogie innovante pour une \u00e9ducation de qualit\u00e9 Les objectifs Nous croyons que chaque enfant de la R\u00e9publique D\u00e9mocratique du Congo (RDC) devrait pouvoir acc\u00e9der \u00e0 une \u00e9ducation de qualit\u00e9 qui lui donnera toutes les chances pour atteindre son r\u00eave et participer au d\u00e9veloppement de son pays. Notre mission sera donc de construire une \u00e9cole [...]","protected":false},"author":1,"featured_media":0,"parent":712,"menu_order":0,"comment_status":"closed","ping_status":"closed","template":"charity-visual-composer.php","meta":{"_links_to":"","_links_to_target":""},"_links":{"self":[{"href":"https:\/\/associationonelove.org\/de\/wp-json\/wp\/v2\/pages\/1408"}],"collection":[{"href":"https:\/\/associationonelove.org\/de\/wp-json\/wp\/v2\/pages"}],"about":[{"href":"https:\/\/associationonelove.org\/de\/wp-json\/wp\/v2\/types\/page"}],"author":[{"embeddable":true,"href":"https:\/\/associationonelove.org\/de\/wp-json\/wp\/v2\/users\/1"}],"replies":[{"embeddable":true,"href":"https:\/\/associationonelove.org\/de\/wp-json\/wp\/v2\/comments?post=1408"}],"version-history":[{"count":44,"href":"https:\/\/associationonelove.org\/de\/wp-json\/wp\/v2\/pages\/1408\/revisions"}],"predecessor-version":[{"id":2511,"href":"https:\/\/associationonelove.org\/de\/wp-json\/wp\/v2\/pages\/1408\/revisions\/2511"}],"up":[{"embeddable":true,"href":"https:\/\/associationonelove.org\/de\/wp-json\/wp\/v2\/pages\/712"}],"wp:attachment":[{"href":"https:\/\/associationonelove.org\/de\/wp-json\/wp\/v2\/media?parent=1408"}],"curies":[{"name":"wp","href":"https:\/\/api.w.org\/{rel}","templated":true}]}}