{"id":2033,"date":"2017-06-14T18:09:58","date_gmt":"2017-06-14T17:09:58","guid":{"rendered":"http:\/\/associationonelove.org\/?page_id=2033"},"modified":"2022-10-13T19:37:15","modified_gmt":"2022-10-13T18:37:15","slug":"projet-makala","status":"publish","type":"page","link":"https:\/\/associationonelove.org\/de\/actions\/projet-makala\/","title":{"rendered":"Un programme de valorisation"},"content":{"rendered":"<div class=\"vc_row wpb_row vc_row-fluid\"><div class=\"no-padding wpb_column vc_column_container vc_col-sm-12 vc_col-has-fill\"><div class=\"vc_column-inner vc_custom_1467227620131\"><div class=\"wpb_wrapper\">\n\t<div class=\"wpb_raw_code wpb_content_element wpb_raw_html\">\n\t\t<div class=\"wpb_wrapper\">\n\t\t\t<div class=\"couv-profil\"> <\/div>\n\t\t<\/div>\n\t<\/div>\n<\/div><\/div><\/div><\/div><div class=\"vc_row wpb_row vc_row-fluid\"><div class=\"wpb_column vc_column_container vc_col-sm-12\"><div class=\"vc_column-inner\"><div class=\"wpb_wrapper\">\n\t<div class=\"wpb_text_column wpb_content_element  paragraphe\">\n\t\t<div class=\"wpb_wrapper\">\n\t\t\t<blockquote>\n<h1>Valorisierungs- und Alphabetisierungsprogramm f\u00fcr junge Menschen in Justizvollzugsanstalten<\/h1>\n<\/blockquote>\n<h3>Unser Ziel<\/h3>\n<p><strong>Wir glauben,<\/strong> dass jedes Kind und jeder Jugendliche in der Demokratischen Republik Kongo (DRK) Zugang zu einer qualitativ hochwertigen Bildung haben sollte, die ihm alle Chancen bietet, seinen Traum zu verwirklichen und an der Entwicklung seines Landes teilzuhaben.<\/p>\n<p><strong>Unsere Aufgabe <\/strong>ist es, Jugendlichen zwischen 13 und 18 Jahren in Strafanstalten die M\u00f6glichkeit zu geben, ihr Selbstvertrauen durch das Erlernen von Lesen und Schreiben und die Teilnahme an Workshops zur F\u00f6rderung des Selbstwertgef\u00fchls und der Umgangsformen wiederzuerlangen.<\/p>\n<p><strong>Zwei Partner<\/strong> unterst\u00fctzen uns bei dieser Aufgabe: die Justizvollzugsanstalt Makala und die Kirche \u201eLa Borne\u201c.<\/p>\n<p>&nbsp;<\/p>\n<h3>Wie weit sind wir ?<\/h3>\n<p>Der erste Kurs des Programms wurde im letzten Quartal 2016 durchgef\u00fchrt und erm\u00f6glichte es 31 Jugendlichen aus der Makala-Gef\u00e4ngniseinrichtung in Kinshasa, ein Diplom aus unserem Programm zu erwerben. Zwei weitere Kurse konnten 2017 \/ 2018 durchgef\u00fchrt werden, aber unser Programm wurde dann aufgrund der COVID-Pandemie unterbrochen. Derzeit warten wir auf neue Genehmigungen, um das Programm wieder aufnehmen zu k\u00f6nnen.<\/p>\n<div id=\"attachment_2047\" style=\"width: 610px\" class=\"wp-caption aligncenter\"><img aria-describedby=\"caption-attachment-2047\" decoding=\"async\" loading=\"lazy\" class=\"wp-image-2047\" src=\"http:\/\/associationonelove.org\/wp-content\/uploads\/2017\/06\/Remise_diplome_Makala.jpg\" alt=\"Remise_diplome_Makala\" width=\"600\" height=\"400\" srcset=\"https:\/\/associationonelove.org\/wp-content\/uploads\/2017\/06\/Remise_diplome_Makala.jpg 1334w, https:\/\/associationonelove.org\/wp-content\/uploads\/2017\/06\/Remise_diplome_Makala-300x200.jpg 300w, https:\/\/associationonelove.org\/wp-content\/uploads\/2017\/06\/Remise_diplome_Makala-768x512.jpg 768w, https:\/\/associationonelove.org\/wp-content\/uploads\/2017\/06\/Remise_diplome_Makala-1024x682.jpg 1024w, https:\/\/associationonelove.org\/wp-content\/uploads\/2017\/06\/Remise_diplome_Makala-360x240.jpg 360w, https:\/\/associationonelove.org\/wp-content\/uploads\/2017\/06\/Remise_diplome_Makala-600x400.jpg 600w, https:\/\/associationonelove.org\/wp-content\/uploads\/2017\/06\/Remise_diplome_Makala-263x175.jpg 263w\" sizes=\"(max-width: 600px) 100vw, 600px\" \/><p id=\"caption-attachment-2047\" class=\"wp-caption-text\">Feierliche \u00dcbergabe der Diplome unserer betreuten Jugendlichen<\/p><\/div>\n<p>&nbsp;<\/p>\n<h3>Projektleiter<\/h3>\n\n\t\t<\/div>\n\t<\/div>\n<\/div><\/div><\/div><\/div><div class=\"vc_row wpb_row vc_row-fluid\"><div class=\"wpb_column vc_column_container vc_col-sm-12\"><div class=\"vc_column-inner\"><div class=\"wpb_wrapper\"><div class=\"vc_empty_space\"  style=\"height: 55px\" ><span class=\"vc_empty_space_inner\"><\/span><\/div>\n<\/div><\/div><\/div><\/div><div class=\"vc_row wpb_row vc_row-fluid\"><div class=\"wpb_column vc_column_container vc_col-sm-4\"><div class=\"vc_column-inner\"><div class=\"wpb_wrapper\">\n\t<div class=\"wpb_single_image wpb_content_element vc_align_center   paragraphe\">\n\t\t\n\t\t<figure class=\"wpb_wrapper vc_figure\">\n\t\t\t<a href=\"mailto:maite.kabangu@associationonelove.org\" target=\"_blank\" class=\"vc_single_image-wrapper   vc_box_border_grey\"><img width=\"200\" height=\"300\" src=\"https:\/\/associationonelove.org\/wp-content\/uploads\/2016\/01\/Maite-CHAUDRON-portrait-200x300.jpg\" class=\"vc_single_image-img attachment-medium\" alt=\"\" decoding=\"async\" loading=\"lazy\" srcset=\"https:\/\/associationonelove.org\/wp-content\/uploads\/2016\/01\/Maite-CHAUDRON-portrait-200x300.jpg 200w, https:\/\/associationonelove.org\/wp-content\/uploads\/2016\/01\/Maite-CHAUDRON-portrait-768x1152.jpg 768w, https:\/\/associationonelove.org\/wp-content\/uploads\/2016\/01\/Maite-CHAUDRON-portrait-682x1024.jpg 682w, https:\/\/associationonelove.org\/wp-content\/uploads\/2016\/01\/Maite-CHAUDRON-portrait.jpg 933w\" sizes=\"(max-width: 200px) 100vw, 200px\" \/><\/a><figcaption class=\"vc_figure-caption\">Maite KABANGU<\/figcaption>\n\t\t<\/figure>\n\t<\/div>\n<\/div><\/div><\/div><div class=\"wpb_column vc_column_container vc_col-sm-4\"><div class=\"vc_column-inner\"><div class=\"wpb_wrapper\">\n\t<div class=\"wpb_single_image wpb_content_element vc_align_center   paragraphe\">\n\t\t\n\t\t<figure class=\"wpb_wrapper vc_figure\">\n\t\t\t<a href=\"mailto:kanda.kabangu@associationonelove.org\" target=\"_blank\" class=\"vc_single_image-wrapper   vc_box_border_grey\"><img width=\"200\" height=\"300\" src=\"https:\/\/associationonelove.org\/wp-content\/uploads\/2016\/01\/Kanda-KABANGU-portrait-200x300.jpg\" class=\"vc_single_image-img attachment-medium\" alt=\"\" decoding=\"async\" loading=\"lazy\" srcset=\"https:\/\/associationonelove.org\/wp-content\/uploads\/2016\/01\/Kanda-KABANGU-portrait-200x300.jpg 200w, https:\/\/associationonelove.org\/wp-content\/uploads\/2016\/01\/Kanda-KABANGU-portrait-768x1152.jpg 768w, https:\/\/associationonelove.org\/wp-content\/uploads\/2016\/01\/Kanda-KABANGU-portrait-682x1024.jpg 682w, https:\/\/associationonelove.org\/wp-content\/uploads\/2016\/01\/Kanda-KABANGU-portrait.jpg 933w\" sizes=\"(max-width: 200px) 100vw, 200px\" \/><\/a><figcaption class=\"vc_figure-caption\">Kanda KABANGU<\/figcaption>\n\t\t<\/figure>\n\t<\/div>\n<\/div><\/div><\/div><div class=\"wpb_column vc_column_container vc_col-sm-4\"><div class=\"vc_column-inner\"><div class=\"wpb_wrapper\">\n\t<div class=\"wpb_single_image wpb_content_element vc_align_center   paragraphe\">\n\t\t\n\t\t<figure class=\"wpb_wrapper vc_figure\">\n\t\t\t<a href=\"mailto:marie-anne.goury@associationonelove.org\" target=\"_blank\" class=\"vc_single_image-wrapper   vc_box_border_grey\"><img width=\"200\" height=\"300\" src=\"https:\/\/associationonelove.org\/wp-content\/uploads\/2016\/01\/Marie-Anne-GOURY-portrait-200x300.jpg\" class=\"vc_single_image-img attachment-medium\" alt=\"\" decoding=\"async\" loading=\"lazy\" srcset=\"https:\/\/associationonelove.org\/wp-content\/uploads\/2016\/01\/Marie-Anne-GOURY-portrait-200x300.jpg 200w, https:\/\/associationonelove.org\/wp-content\/uploads\/2016\/01\/Marie-Anne-GOURY-portrait-768x1152.jpg 768w, https:\/\/associationonelove.org\/wp-content\/uploads\/2016\/01\/Marie-Anne-GOURY-portrait-682x1024.jpg 682w, https:\/\/associationonelove.org\/wp-content\/uploads\/2016\/01\/Marie-Anne-GOURY-portrait.jpg 933w\" sizes=\"(max-width: 200px) 100vw, 200px\" \/><\/a><figcaption class=\"vc_figure-caption\">Marie-Anne GOURY<\/figcaption>\n\t\t<\/figure>\n\t<\/div>\n<\/div><\/div><\/div><\/div><div class=\"vc_row wpb_row vc_row-fluid\"><div class=\"wpb_column vc_column_container vc_col-sm-12\"><div class=\"vc_column-inner\"><div class=\"wpb_wrapper\"><div class=\"vc_empty_space\"  style=\"height: 32px\" ><span class=\"vc_empty_space_inner\"><\/span><\/div>\n<\/div><\/div><\/div><\/div><div class=\"vc_row wpb_row vc_row-fluid\"><div class=\"wpb_column vc_column_container vc_col-sm-12\"><div class=\"vc_column-inner\"><div class=\"wpb_wrapper\"><section class=\"vc_cta3-container\">\n\t<div class=\"vc_general vc_cta3 paragraphe vc_cta3-style-flat vc_cta3-shape-square vc_cta3-align-left vc_cta3-color-black vc_cta3-icon-size-md vc_cta3-actions-bottom vc_custom_1603368410397\">\n\t\t\t\t\t\t<div class=\"vc_cta3_content-container\">\n\t\t\t\t\t\t\t\t\t<div class=\"vc_cta3-content\">\n\t\t\t\t<header class=\"vc_cta3-content-header\">\n\t\t\t\t\t<h2>Sie wollen uns unterst\u00fctzen ?<\/h2>\t\t\t\t\t\t\t\t\t<\/header>\n\t\t\t\t<p><span style=\"color: #000000;\">Nichts ist einfacher als das! Sie k\u00f6nnen uns eine Spende zukommen lassen, um sich an den Kosten, haupts\u00e4chlich f\u00fcr den Kauf von Schulmaterial, zu beteiligen, indem Sie auf den untenstehenden Button klicken. Und wenn Ihnen eine Sachspende am Herzen liegt, Sie uns Ihre F\u00e4higkeiten zur Verf\u00fcgung stellen m\u00f6chten oder etwas anderes, z\u00f6gern Sie nicht, einen der Verantwortlichen zu kontaktieren.<\/span><\/p>\n<p><span style=\"color: #000000;\">Vielen Dank f\u00fcr Ihr Vertrauen!<\/span><\/p>\n\t\t\t<\/div>\n\t\t\t<div class=\"vc_cta3-actions\"><div class=\"vc_btn3-container vc_btn3-inline\"><a class=\"vc_general vc_btn3 vc_btn3-size-lg vc_btn3-shape-square vc_btn3-style-flat vc_btn3-color-white\" href=\"https:\/\/associationonelove.org\/de\/infos-dons\/\" title=\"Spenden\" target=\"_blank\">Spenden<\/a><\/div>\n<\/div>\t\t\t\t\t<\/div>\n\t\t\t\t\t<\/div>\n<\/section>\n\n<\/div><\/div><\/div><\/div><div class=\"vc_row wpb_row vc_row-fluid\"><div class=\"wpb_column vc_column_container vc_col-sm-12\"><div class=\"vc_column-inner\"><div class=\"wpb_wrapper\"><div class=\"vc_empty_space\"  style=\"height: 32px\" ><span class=\"vc_empty_space_inner\"><\/span><\/div>\n<\/div><\/div><\/div><\/div><div class=\"vc_row wpb_row vc_row-fluid\"><div class=\"wpb_column vc_column_container vc_col-sm-12\"><div class=\"vc_column-inner\"><div class=\"wpb_wrapper\">\n\t<div class=\"wpb_text_column wpb_content_element  paragraphe\">\n\t\t<div class=\"wpb_wrapper\">\n\t\t\t<h3>Unsere Programme<\/h3>\n<p><a href=\"https:\/\/associationonelove.org\/de\/actions\/education-rdc\/\" target=\"_blank\">Eine innovative P\u00e4dagogik f\u00fcr eine hochwertige Bildung<\/a><br \/>\n<a href=\"https:\/\/associationonelove.org\/de\/actions\/one-love-house\/\" target=\"_blank\">Une maison pleine d&rsquo;amour pour les enfants abandonn\u00e9s<\/a><br \/>\n<a href=\"https:\/\/associationonelove.org\/de\/actions\/centre-aere\/\" target=\"_blank\">Ein Tageszentrum f\u00fcr Stra\u00dfenkinder<\/a><\/p>\n\n\t\t<\/div>\n\t<\/div>\n<\/div><\/div><\/div><\/div><div class=\"vc_row wpb_row vc_row-fluid\"><div class=\"wpb_column vc_column_container vc_col-sm-12\"><div class=\"vc_column-inner\"><div class=\"wpb_wrapper\"><div class=\"vc_empty_space\"  style=\"height: 32px\" ><span class=\"vc_empty_space_inner\"><\/span><\/div>\n<\/div><\/div><\/div><\/div>","protected":false},"excerpt":{"rendered":"Un programme de valorisation et d'alphab\u00e9tisation pour les jeunes en \u00e9tablissement p\u00e9nitentiaire Les objectifs Nous croyons que chaque enfant et chaque jeune de la R\u00e9publique D\u00e9mocratique du Congo (RDC) devrait pouvoir acc\u00e9der \u00e0 une \u00e9ducation de qualit\u00e9 qui lui donnera toutes les chances pour atteindre son r\u00eave et participer au d\u00e9veloppement de son pays. Notre [...]","protected":false},"author":1,"featured_media":0,"parent":712,"menu_order":0,"comment_status":"closed","ping_status":"closed","template":"charity-visual-composer.php","meta":{"_links_to":"","_links_to_target":""},"_links":{"self":[{"href":"https:\/\/associationonelove.org\/de\/wp-json\/wp\/v2\/pages\/2033"}],"collection":[{"href":"https:\/\/associationonelove.org\/de\/wp-json\/wp\/v2\/pages"}],"about":[{"href":"https:\/\/associationonelove.org\/de\/wp-json\/wp\/v2\/types\/page"}],"author":[{"embeddable":true,"href":"https:\/\/associationonelove.org\/de\/wp-json\/wp\/v2\/users\/1"}],"replies":[{"embeddable":true,"href":"https:\/\/associationonelove.org\/de\/wp-json\/wp\/v2\/comments?post=2033"}],"version-history":[{"count":13,"href":"https:\/\/associationonelove.org\/de\/wp-json\/wp\/v2\/pages\/2033\/revisions"}],"predecessor-version":[{"id":2513,"href":"https:\/\/associationonelove.org\/de\/wp-json\/wp\/v2\/pages\/2033\/revisions\/2513"}],"up":[{"embeddable":true,"href":"https:\/\/associationonelove.org\/de\/wp-json\/wp\/v2\/pages\/712"}],"wp:attachment":[{"href":"https:\/\/associationonelove.org\/de\/wp-json\/wp\/v2\/media?parent=2033"}],"curies":[{"name":"wp","href":"https:\/\/api.w.org\/{rel}","templated":true}]}}