{"id":2276,"date":"2020-07-21T19:34:48","date_gmt":"2020-07-21T18:34:48","guid":{"rendered":"http:\/\/associationonelove.org\/?page_id=2276"},"modified":"2022-10-06T20:18:11","modified_gmt":"2022-10-06T19:18:11","slug":"voyage-humanitaire","status":"publish","type":"page","link":"https:\/\/associationonelove.org\/de\/voyage-humanitaire\/","title":{"rendered":"HUMANIT\u00c4RE REISE"},"content":{"rendered":"<div class=\"vc_row wpb_row vc_row-fluid\"><div class=\"wpb_column vc_column_container vc_col-sm-12\"><div class=\"vc_column-inner\"><div class=\"wpb_wrapper\">\n\t<div class=\"wpb_text_column wpb_content_element  paragraphe\">\n\t\t<div class=\"wpb_wrapper\">\n\t\t\t<h1 class=\"text-orange text-center\" style=\"text-align: left;\">Begleiten Sie uns auf ein unvergessliches Abenteuer!<\/h1>\n<p>Es liegt uns am Herzen, diejenigen in das wundersch\u00f6ne Land der Demokratischen Republik Kongo (DRK) anzulocken, die wir als \"Sch\u00e4tze der Nationen\" bezeichnen: Wir meinen genau SIE, die ein Werk und Menschen f\u00f6rdern m\u00f6chten, die Sie auf irgendeine Art und Weise ber\u00fchrt haben. Aus diesem Grund organisieren wir seit einigen Jahren unsere Reisen \"Congo je t'aime\" (Kongo, wir lieben Dich).<\/p>\n<p><strong>2 wochen,<\/strong> in denen Sie die Demokratische Republik Kongo kennenlernen und in die Welt von One Love eintauchen, in der Liebe, Glaube und Solidarit\u00e4t gro\u00dfgeschrieben werden. W\u00e4hrend dieser zwei Wochen erleben Sie zusammen mit den Kindern des One Love Houses touristische und humanit\u00e4re Ausfl\u00fcge sowie spirituelle Momente.<\/p>\n<p><strong>Wann finden das statt ?<\/strong> Es findet einmal im Jahr statt, in der Regel Anfang Juli.<\/p>\n<p><strong>Was genau machen wir ?<\/strong> Das Programm kann sich je nach Nachrichtenlage \u00e4ndern, aber hier schon mal eine Vorstellung von den Aktivit\u00e4ten, die in den vergangenen Jahren angeboten wurden:<\/p>\n<ul style=\"margin-left: .75in; direction: ltr; unicode-bidi: embed; margin-top: 0in; margin-bottom: 0in;\" type=\"disc\">\n<li style=\"margin-top: 0; margin-bottom: 0; vertical-align: middle; color: #7c7c7c;\">Besuch des Makala-Gef\u00e4ngnisses<\/li>\n<li style=\"margin-top: 0; margin-bottom: 0; vertical-align: middle; color: #7c7c7c;\">Aktivit\u00e4ten mit unseren One Love Jungs<\/li>\n<li style=\"margin-top: 0; margin-bottom: 0; vertical-align: middle; color: #7c7c7c;\">Teilnahme am One Love Jugendhaus<\/li>\n<li style=\"margin-top: 0; margin-bottom: 0; vertical-align: middle; color: #7c7c7c;\">Evangelisation durch Sport und Musik in Kinshasa, Muanda und Matadi<\/li>\n<li style=\"margin-top: 0; margin-bottom: 0; vertical-align: middle; color: #7c7c7c;\">Spiritueller Austausch<\/li>\n<li style=\"margin-top: 0; margin-bottom: 0; vertical-align: middle; color: #7c7c7c;\">Austausch \u00fcber die One Love Vision &amp; wie man seiner Berufung nachgeht (bzw. seine Berufung findet)<\/li>\n<li style=\"margin-top: 0; margin-bottom: 0; vertical-align: middle; color: #7c7c7c;\">Entspannung: Schwimmbad, Restaurant...<\/li>\n<\/ul>\n<p>&nbsp;<\/p>\n<p><strong>Wie viel kostet es?<\/strong> Das Budget kann nat\u00fcrlich je nach Konjunktur und Entwicklung der Wechselkurse variieren. Hier eine Kostensch\u00e4tzung f\u00fcr die letzte Reise im Juli 2022:<\/p>\n<table class=\"voyage-hum-table\" border=\"1\">\n<tbody>\n<tr>\n<td class=\"text-orange\" width=\"20\">1<\/td>\n<td><strong>Flugticket<\/strong><\/td>\n<td>Zwischen 850 und 1000 EUR (h\u00e4ngt von dem Kaufdatum des Tickets ab)<\/td>\n<\/tr>\n<tr>\n<td class=\"text-orange\">2<\/td>\n<td><strong>Visum<\/strong><\/td>\n<td>85 EUR (sollte so schnell wie m\u00f6glich beantragt werden)<\/td>\n<\/tr>\n<tr>\n<td class=\"text-orange\">3<\/td>\n<td><strong>Gelbfieber Impfung<\/strong><\/td>\n<td>50 EUR -  Tarif beim Arzt anfragen<\/td>\n<\/tr>\n<tr>\n<td class=\"text-orange\">4<\/td>\n<td><strong>Notariell beglaubigtes Einladungsschreiben zur Beantragung eines Visums<\/strong><\/td>\n<td>35 EUR (\u00dcberweisung auf das franz\u00f6sische One Love Bankkonto vor Antrag des Visums)<\/td>\n<\/tr>\n<tr>\n<td class=\"text-orange\">5<\/td>\n<td><strong>Go Pass Flughafen Steuer<\/strong><\/td>\n<td>55 EUR<\/td>\n<\/tr>\n<tr>\n<td class=\"text-orange\">6<\/td>\n<td><b>COVID TEST<\/b><\/td>\n<td>45 USD* 2<\/td>\n<\/tr>\n<tr>\n<td class=\"text-orange\">7<\/td>\n<td><strong>Unterkunft<\/strong><\/td>\n<td>200 EUR (Beherbergung \u2013 Strom \u2013 Wasser)<\/td>\n<\/tr>\n<tr>\n<td class=\"text-orange\">8<\/td>\n<td><strong>Reisekosten<\/strong><\/td>\n<td>300 EUR<\/td>\n<\/tr>\n<tr>\n<td class=\"text-orange\">9<\/td>\n<td><strong>Essen (Fr\u00fchst\u00fcck \u2013 ohne ausw\u00e4rts essen)<\/strong><\/td>\n<td>120 EUR<\/td>\n<\/tr>\n<tr>\n<td class=\"text-orange\">10<\/td>\n<td><strong>Restaurants<\/strong><\/td>\n<td>Ca. 50 EUR (individuell abh\u00e4ngig)<\/td>\n<\/tr>\n<tr>\n<td class=\"text-orange\">11<\/td>\n<td><strong>\u00d6ko-touristische Ausfl\u00fcge<\/strong><\/td>\n<td>150 EUR<\/td>\n<\/tr>\n<tr>\n<td class=\"text-orange\">12<\/td>\n<td><strong>Ausfl\u00fcge mit den Kinder<\/strong><\/td>\n<td>100 EUR<\/td>\n<\/tr>\n<tr>\n<td class=\"text-orange\"><\/td>\n<td><strong>Gesamtbetrag<\/strong><\/td>\n<td><strong>Zwischen 2000 and 2100 EUR<\/strong><\/p>\n<p>(Auf Reisen ist es immer besser, beispielsweise 100 Euro mehr Sicherheit zu haben)<\/td>\n<\/tr>\n<\/tbody>\n<\/table>\n<p>&nbsp;<\/p>\n<p>Zu gegebener Zeit werden wir Sie auf dieser Seite \u00fcber die Anmeldemodalit\u00e4ten f\u00fcr die n\u00e4chste \"Congo je t'aime-Reise\u201c informieren, die voraussichtlich im Juli 2023 stattfinden wird.<\/p>\n<p>Um Ihnen die Wartezeit zu verk\u00fcrzen und damit Sie sich schon mal Bild machen k\u00f6nnen, finden Sie hier den Teaser der 2022-Reise (auf Franz\u00f6sisch) :<\/p>\n<h2 class=\"text-orange text-center\">\u00a0<video controls=\"controls\" width=\"300\" height=\"300\"><source src=\"http:\/\/associationonelove.org\/wp-content\/uploads\/2022\/03\/Congo-Je-taime-Teaser-2-1x1.mp4\" type=\"video\/mp4\" \/><\/video><\/h2>\n<p>sowie das Recap-Video der 2019-Reise:\u00a0<a class=\"text-orange\" href=\"https:\/\/drive.google.com\/file\/d\/1nChHB-R-y0Zp7BxMXuchMayCoyz0pYgr\/view\" target=\"_blank\"> Video ansehen.<\/a>.<\/p>\n<p>Und wenn Sie mehr \u00fcber die Demokratische Republik Kongo erfahren m\u00f6chten, <a class=\"text-orange\" href=\"https:\/\/www.facebook.com\/christelle.dinganga.79\/videos\/2773425772939863\/\" target=\"_blank\">klicken Sie hier, um sich ein informatives Video anzusehen (auf franz\u00f6sisch).<\/a>.<\/p>\n\n\t\t<\/div>\n\t<\/div>\n<\/div><\/div><\/div><\/div><div class=\"vc_row wpb_row vc_row-fluid\"><div class=\"wpb_column vc_column_container vc_col-sm-12\"><div class=\"vc_column-inner\"><div class=\"wpb_wrapper\"><div class=\"vc_empty_space\"  style=\"height: 32px\" ><span class=\"vc_empty_space_inner\"><\/span><\/div>\n<\/div><\/div><\/div><\/div><div class=\"vc_row wpb_row vc_row-fluid\"><div class=\"wpb_column vc_column_container vc_col-sm-12\"><div class=\"vc_column-inner\"><div class=\"wpb_wrapper\">\n\t<div class=\"wpb_text_column wpb_content_element  paragraphe\">\n\t\t<div class=\"wpb_wrapper\">\n\t\t\t<blockquote>\n<div><span style=\"font-family: 'Helvetica Neue';\"><i>Erfahrungsbericht einer Teilnehmerin:<\/i><\/span><\/div>\n<div><span style=\"font-family: 'Helvetica Neue';\"><i>\"Ich werde Ihnen von einem meiner st\u00e4rksten Momente erz\u00e4hlen, den ich im Juli des Jahres 2019 im Kongo erlebt habe.\u00a0<\/i><\/span><\/div>\n<div><span style=\"font-family: 'Helvetica Neue';\"><i>Kanda hatte uns mitgeteilt, dass wir in ein Gef\u00e4ngnis namens Makala in Kinshasa gehen werden, wo er und sein Team verschiedene Kurse (Franz\u00f6sisch, Computer, Selbstwertgef\u00fchl) abhalten. Am Tag nach unserer Ankunft gingen wir alle sieben (Franz\u00f6sinnen) und das Missionsteam in dieses Gef\u00e4ngnis.<\/i><\/span><\/div>\n<div><span style=\"font-family: 'Helvetica Neue';\"><i>Die Details unserer Anreise erspare ich Ihnen,<\/i><\/span><\/div>\n<div><span style=\"font-family: 'Helvetica Neue';\"><i>aber als in den Hof der jugendlichen Gefangenen gelangte, h\u00f6rte ich Musik.<\/i><\/span><\/div>\n<div><span style=\"font-family: 'Helvetica Neue';\"><i>Ich war \u00fcberrascht.<\/i><\/span><\/div>\n<div><span style=\"font-family: 'Helvetica Neue';\"><i>Ich fragte mich, wo das herkommen sollte.<\/i><\/span><\/div>\n<div><span style=\"font-family: 'Helvetica Neue';\"><i>Es wurde mir, je n\u00e4her ich kam, immer bewusster, dass es sich bei der Musik um Lobpreis handelte, wie man es in der Kirche h\u00f6ren kann.<\/i><\/span><\/div>\n<div><span style=\"font-family: 'Helvetica Neue';\"><i>Tats\u00e4chlich nahmen wir an einem Gottesdienst im Gef\u00e4ngnis mit jungen Gefangenen teil.<\/i><\/span><\/div>\n<div><span style=\"font-family: 'Helvetica Neue';\"><i>Dort sa\u00dfen etwa 50 Jugendliche.<\/i><\/span><\/div>\n<div><span style=\"font-family: 'Helvetica Neue';\"><i>Mit einem Team von S\u00e4ngern und Musikern, allesamt Gefangene, die Christen geworden waren.<\/i><\/span><\/div>\n<div><span style=\"font-family: 'Helvetica Neue';\"><i>F\u00fcr mich war das eines der unwahrscheinlichsten Dinge, die ich je gesehen habe, denn ich hatte \u00fcberhaupt nicht damit gerechnet.<\/i><\/span><\/div>\n<div><span style=\"font-family: 'Helvetica Neue';\"><i>Wir beteten mit diesen jungen Leuten, sangen und tanzten zu den Rhythmen der Musik aus dem Kongo. \u00a0<\/i><i>Das war unglaublich !<\/i><\/span><\/div>\n<div><span style=\"font-family: 'Helvetica Neue';\"><i>\u00a0<\/i><\/span><\/div>\n<div><span style=\"font-family: 'Helvetica Neue';\"><i>Esther, Teilnehmerin an der Reise 2019.<\/i><\/span><\/div>\n<\/blockquote>\n\n\t\t<\/div>\n\t<\/div>\n<\/div><\/div><\/div><\/div><div class=\"vc_row wpb_row vc_row-fluid\"><div class=\"wpb_column vc_column_container vc_col-sm-12\"><div class=\"vc_column-inner\"><div class=\"wpb_wrapper\"><div class=\"vc_empty_space\"  style=\"height: 32px\" ><span class=\"vc_empty_space_inner\"><\/span><\/div>\n<\/div><\/div><\/div><\/div>","protected":false},"excerpt":{"rendered":"Rejoins-nous pour une aventure inoubliable ! Nous avons \u00e0 c\u0153ur de faire venir dans ce beau pays de la R\u00e9publique D\u00e9mocratique du Congo (RDC) ceux que nous appelons \"les tr\u00e9sors des nations\" : il s'agit de VOUS qui voulez encourager une \u0153uvre et des personnes qui \u00e0 un moment donn\u00e9 ont touch\u00e9 votre c\u0153ur. C'est [...]","protected":false},"author":1,"featured_media":0,"parent":0,"menu_order":0,"comment_status":"closed","ping_status":"closed","template":"charity-visual-composer.php","meta":{"_links_to":"","_links_to_target":""},"_links":{"self":[{"href":"https:\/\/associationonelove.org\/de\/wp-json\/wp\/v2\/pages\/2276"}],"collection":[{"href":"https:\/\/associationonelove.org\/de\/wp-json\/wp\/v2\/pages"}],"about":[{"href":"https:\/\/associationonelove.org\/de\/wp-json\/wp\/v2\/types\/page"}],"author":[{"embeddable":true,"href":"https:\/\/associationonelove.org\/de\/wp-json\/wp\/v2\/users\/1"}],"replies":[{"embeddable":true,"href":"https:\/\/associationonelove.org\/de\/wp-json\/wp\/v2\/comments?post=2276"}],"version-history":[{"count":19,"href":"https:\/\/associationonelove.org\/de\/wp-json\/wp\/v2\/pages\/2276\/revisions"}],"predecessor-version":[{"id":2278,"href":"https:\/\/associationonelove.org\/de\/wp-json\/wp\/v2\/pages\/2276\/revisions\/2278"}],"wp:attachment":[{"href":"https:\/\/associationonelove.org\/de\/wp-json\/wp\/v2\/media?parent=2276"}],"curies":[{"name":"wp","href":"https:\/\/api.w.org\/{rel}","templated":true}]}}