{"id":2495,"date":"2022-10-06T21:01:32","date_gmt":"2022-10-06T20:01:32","guid":{"rendered":"http:\/\/associationonelove.org\/?page_id=2495"},"modified":"2022-10-13T19:27:26","modified_gmt":"2022-10-13T18:27:26","slug":"centre-aere","status":"publish","type":"page","link":"https:\/\/associationonelove.org\/de\/actions\/centre-aere\/","title":{"rendered":"Le centre a\u00e9r\u00e9 One Love"},"content":{"rendered":"<div class=\"vc_row wpb_row vc_row-fluid\"><div class=\"no-padding wpb_column vc_column_container vc_col-sm-12 vc_col-has-fill\"><div class=\"vc_column-inner vc_custom_1467227620131\"><div class=\"wpb_wrapper\">\n\t<div class=\"wpb_raw_code wpb_content_element wpb_raw_html\">\n\t\t<div class=\"wpb_wrapper\">\n\t\t\t<div class=\"couv-profil\"> <\/div>\n\t\t<\/div>\n\t<\/div>\n<\/div><\/div><\/div><\/div><div class=\"vc_row wpb_row vc_row-fluid\"><div class=\"wpb_column vc_column_container vc_col-sm-12\"><div class=\"vc_column-inner\"><div class=\"wpb_wrapper\">\n\t<div class=\"wpb_text_column wpb_content_element  paragraphe\">\n\t\t<div class=\"wpb_wrapper\">\n\t\t\t<blockquote>\n<h1>Ein Tageszentrum f\u00fcr Stra\u00dfenkinder<\/h1>\n<\/blockquote>\n<h3>Unser Ziel<\/h3>\n<p><strong>Wir glauben,<\/strong> dass jedes Kind in der Demokratischen Republik Kongo (DRK) die M\u00f6glichkeit haben sollte, sich wie ein Kind zu f\u00fchlen und einfach nur spielen zu k\u00f6nnen, ohne sich Sorgen um den n\u00e4chsten Tag machen zu m\u00fcssen.<\/p>\n<p><strong>Unsere Aufgabe <\/strong>ist es, jeden Mittwoch und Samstag ca. 100 Kinder aus einem armen Viertel in Kinshasa zu empfangen und ihnen einen sicheren und f\u00fcrsorglichen Ort zu bieten, in dem sie spielen und lernen k\u00f6nnen.<\/p>\n<p><strong>Unser Hauptziel <\/strong>ist es, diesen Kindern die M\u00f6glichkeit zu geben, sich durch das Spielen zu erfreuen, aber auch durch verschiedene Workshops (Informatik, Lesen, Tanz) zu lernen. Au\u00dferdem bieten wir ihnen an w\u00f6chentlich ein Snack und einmal im Monat eine vollwertige Mahlzeit an.<\/p>\n<h3>Die Aktualit\u00e4ten<\/h3>\n<p style=\"text-align: left;\">Das One Love Center wurde 2021 er\u00f6ffnet und wir nahmen damals etwa 50 Kinder aus Camp Luka auf, einem sehr armen Viertel in Kinshasa, das nur eine Stunde Fu\u00dfweg von unserem One Love House entfernt liegt. Die Nachricht verbreitete sich und mittlerweile sind es \u00fcber 120 Kinder, die mittwochs und samstags kommen, um den Nachmittag mit uns zu verbringen. Auf dem Programm stehen Basketball, Tischfu\u00dfball, Tischtennis, aber auch Informationskurse, Tanzen und Lesen.<\/p>\n<table class=\"aligncenter\" style=\"width: 979px; height: 288px;\">\n<tbody>\n<tr>\n<td style=\"width: 261px;\"><img decoding=\"async\" loading=\"lazy\" class=\"aligncenter wp-image-2498\" src=\"http:\/\/associationonelove.org\/wp-content\/uploads\/2022\/10\/gouter-300x272.png\" alt=\"gouter\" width=\"232\" height=\"210\" srcset=\"https:\/\/associationonelove.org\/wp-content\/uploads\/2022\/10\/gouter-300x272.png 300w, https:\/\/associationonelove.org\/wp-content\/uploads\/2022\/10\/gouter.png 707w\" sizes=\"(max-width: 232px) 100vw, 232px\" \/><\/td>\n<td style=\"width: 235.328px;\"><img decoding=\"async\" loading=\"lazy\" class=\"aligncenter wp-image-2497\" src=\"http:\/\/associationonelove.org\/wp-content\/uploads\/2022\/10\/de\u0301tente.png\" alt=\"de\u0301tente\" width=\"185\" height=\"210\" srcset=\"https:\/\/associationonelove.org\/wp-content\/uploads\/2022\/10\/de\u0301tente.png 570w, https:\/\/associationonelove.org\/wp-content\/uploads\/2022\/10\/de\u0301tente-264x300.png 264w\" sizes=\"(max-width: 185px) 100vw, 185px\" \/><\/td>\n<td style=\"width: 257.672px;\"><img decoding=\"async\" loading=\"lazy\" class=\"aligncenter wp-image-2496\" src=\"http:\/\/associationonelove.org\/wp-content\/uploads\/2022\/10\/Atelier_informatique.png\" alt=\"Atelier_informatique\" width=\"234\" height=\"210\" srcset=\"https:\/\/associationonelove.org\/wp-content\/uploads\/2022\/10\/Atelier_informatique.png 709w, https:\/\/associationonelove.org\/wp-content\/uploads\/2022\/10\/Atelier_informatique-300x269.png 300w\" sizes=\"(max-width: 234px) 100vw, 234px\" \/><\/td>\n<td style=\"width: 225px;\"><img decoding=\"async\" loading=\"lazy\" class=\"aligncenter wp-image-2500\" src=\"http:\/\/associationonelove.org\/wp-content\/uploads\/2022\/10\/Jeu-264x300.png\" alt=\"Jeu\" width=\"185\" height=\"210\" srcset=\"https:\/\/associationonelove.org\/wp-content\/uploads\/2022\/10\/Jeu-264x300.png 264w, https:\/\/associationonelove.org\/wp-content\/uploads\/2022\/10\/Jeu.png 569w\" sizes=\"(max-width: 185px) 100vw, 185px\" \/><\/td>\n<\/tr>\n<\/tbody>\n<\/table>\n<h3 style=\"text-align: left;\">Projektleiter<\/h3>\n\n\t\t<\/div>\n\t<\/div>\n<\/div><\/div><\/div><\/div><div class=\"vc_row wpb_row vc_row-fluid\"><div class=\"wpb_column vc_column_container vc_col-sm-12\"><div class=\"vc_column-inner\"><div class=\"wpb_wrapper\"><div class=\"vc_empty_space\"  style=\"height: 55px\" ><span class=\"vc_empty_space_inner\"><\/span><\/div>\n<\/div><\/div><\/div><\/div><div class=\"vc_row wpb_row vc_row-fluid\"><div class=\"wpb_column vc_column_container vc_col-sm-4\"><div class=\"vc_column-inner\"><div class=\"wpb_wrapper\">\n\t<div class=\"wpb_single_image wpb_content_element vc_align_center   paragraphe\">\n\t\t\n\t\t<figure class=\"wpb_wrapper vc_figure\">\n\t\t\t<a href=\"mailto:maite.kabangu@associationonelove.org\" target=\"_blank\" class=\"vc_single_image-wrapper   vc_box_border_grey\"><img width=\"200\" height=\"300\" src=\"https:\/\/associationonelove.org\/wp-content\/uploads\/2016\/01\/Maite-CHAUDRON-portrait-200x300.jpg\" class=\"vc_single_image-img attachment-medium\" alt=\"\" decoding=\"async\" loading=\"lazy\" srcset=\"https:\/\/associationonelove.org\/wp-content\/uploads\/2016\/01\/Maite-CHAUDRON-portrait-200x300.jpg 200w, https:\/\/associationonelove.org\/wp-content\/uploads\/2016\/01\/Maite-CHAUDRON-portrait-768x1152.jpg 768w, https:\/\/associationonelove.org\/wp-content\/uploads\/2016\/01\/Maite-CHAUDRON-portrait-682x1024.jpg 682w, https:\/\/associationonelove.org\/wp-content\/uploads\/2016\/01\/Maite-CHAUDRON-portrait.jpg 933w\" sizes=\"(max-width: 200px) 100vw, 200px\" \/><\/a><figcaption class=\"vc_figure-caption\">Maite KABANGU<\/figcaption>\n\t\t<\/figure>\n\t<\/div>\n<\/div><\/div><\/div><div class=\"wpb_column vc_column_container vc_col-sm-4\"><div class=\"vc_column-inner\"><div class=\"wpb_wrapper\">\n\t<div class=\"wpb_single_image wpb_content_element vc_align_center   paragraphe\">\n\t\t\n\t\t<figure class=\"wpb_wrapper vc_figure\">\n\t\t\t<a href=\"mailto:kanda.kabangu@associationonelove.org\" target=\"_blank\" class=\"vc_single_image-wrapper   vc_box_border_grey\"><img width=\"200\" height=\"300\" src=\"https:\/\/associationonelove.org\/wp-content\/uploads\/2016\/01\/Kanda-KABANGU-portrait-200x300.jpg\" class=\"vc_single_image-img attachment-medium\" alt=\"\" decoding=\"async\" loading=\"lazy\" srcset=\"https:\/\/associationonelove.org\/wp-content\/uploads\/2016\/01\/Kanda-KABANGU-portrait-200x300.jpg 200w, https:\/\/associationonelove.org\/wp-content\/uploads\/2016\/01\/Kanda-KABANGU-portrait-768x1152.jpg 768w, https:\/\/associationonelove.org\/wp-content\/uploads\/2016\/01\/Kanda-KABANGU-portrait-682x1024.jpg 682w, https:\/\/associationonelove.org\/wp-content\/uploads\/2016\/01\/Kanda-KABANGU-portrait.jpg 933w\" sizes=\"(max-width: 200px) 100vw, 200px\" \/><\/a><figcaption class=\"vc_figure-caption\">Kanda KABANGU<\/figcaption>\n\t\t<\/figure>\n\t<\/div>\n<\/div><\/div><\/div><div class=\"wpb_column vc_column_container vc_col-sm-4\"><div class=\"vc_column-inner\"><div class=\"wpb_wrapper\">\n\t<div class=\"wpb_single_image wpb_content_element vc_align_center   paragraphe\">\n\t\t\n\t\t<figure class=\"wpb_wrapper vc_figure\">\n\t\t\t<a href=\"mailto:marie-anne.goury@associationonelove.org\" target=\"_blank\" class=\"vc_single_image-wrapper   vc_box_border_grey\"><img width=\"200\" height=\"300\" src=\"https:\/\/associationonelove.org\/wp-content\/uploads\/2016\/01\/Marie-Anne-GOURY-portrait-200x300.jpg\" class=\"vc_single_image-img attachment-medium\" alt=\"\" decoding=\"async\" loading=\"lazy\" srcset=\"https:\/\/associationonelove.org\/wp-content\/uploads\/2016\/01\/Marie-Anne-GOURY-portrait-200x300.jpg 200w, https:\/\/associationonelove.org\/wp-content\/uploads\/2016\/01\/Marie-Anne-GOURY-portrait-768x1152.jpg 768w, https:\/\/associationonelove.org\/wp-content\/uploads\/2016\/01\/Marie-Anne-GOURY-portrait-682x1024.jpg 682w, https:\/\/associationonelove.org\/wp-content\/uploads\/2016\/01\/Marie-Anne-GOURY-portrait.jpg 933w\" sizes=\"(max-width: 200px) 100vw, 200px\" \/><\/a><figcaption class=\"vc_figure-caption\">Marie-Anne GOURY<\/figcaption>\n\t\t<\/figure>\n\t<\/div>\n<\/div><\/div><\/div><\/div><div class=\"vc_row wpb_row vc_row-fluid\"><div class=\"wpb_column vc_column_container vc_col-sm-12\"><div class=\"vc_column-inner\"><div class=\"wpb_wrapper\"><div class=\"vc_empty_space\"  style=\"height: 32px\" ><span class=\"vc_empty_space_inner\"><\/span><\/div>\n<\/div><\/div><\/div><\/div><div class=\"vc_row wpb_row vc_row-fluid\"><div class=\"wpb_column vc_column_container vc_col-sm-12\"><div class=\"vc_column-inner\"><div class=\"wpb_wrapper\"><section class=\"vc_cta3-container\">\n\t<div class=\"vc_general vc_cta3 paragraphe vc_cta3-style-flat vc_cta3-shape-square vc_cta3-align-left vc_cta3-color-black vc_cta3-icon-size-md vc_cta3-actions-bottom vc_custom_1665085943798\">\n\t\t\t\t\t\t<div class=\"vc_cta3_content-container\">\n\t\t\t\t\t\t\t\t\t<div class=\"vc_cta3-content\">\n\t\t\t\t<header class=\"vc_cta3-content-header\">\n\t\t\t\t\t<h2>Sie wollen uns unterst\u00fctzen ?<\/h2>\t\t\t\t\t\t\t\t\t<\/header>\n\t\t\t\t<p><span style=\"color: #000000;\">Nichts ist einfacher als das! Sie k\u00f6nnen uns eine Spende zukommen lassen, um sich an den Kosten f\u00fcr den Empfang dieser Kinder zu beteiligen, insbesondere f\u00fcr die \u00dcbernahme der Kosten f\u00fcr Snacks und Mahlzeiten, indem Sie auf die untenstehende Schaltfl\u00e4che klicken. Und wenn Sie uns eine Sachspende geben, Ihre F\u00e4higkeiten zur Verf\u00fcgung stellen oder etwas anderes tun m\u00f6chten, k\u00f6nnen Sie sich direkt an patricia.meri@associationonelove.org wenden.<\/span><\/p>\n<p><span style=\"color: #000000;\">Vielen Dank f\u00fcr Ihr Vertrauen!<\/span><\/p>\n\t\t\t<\/div>\n\t\t\t<div class=\"vc_cta3-actions\"><div class=\"vc_btn3-container vc_btn3-inline\"><a class=\"vc_general vc_btn3 vc_btn3-size-lg vc_btn3-shape-square vc_btn3-style-flat vc_btn3-icon-left vc_btn3-color-white\" href=\"https:\/\/associationonelove.org\/de\/infos-dons\/\" title=\"Spenden\" target=\"_blank\"><i class=\"vc_btn3-icon fa fa-adjust\"><\/i> Spenden<\/a><\/div>\n<\/div>\t\t\t\t\t<\/div>\n\t\t\t\t\t<\/div>\n<\/section>\n\n<\/div><\/div><\/div><\/div><div class=\"vc_row wpb_row vc_row-fluid\"><div class=\"wpb_column vc_column_container vc_col-sm-12\"><div class=\"vc_column-inner\"><div class=\"wpb_wrapper\"><div class=\"vc_empty_space\"  style=\"height: 32px\" ><span class=\"vc_empty_space_inner\"><\/span><\/div>\n<\/div><\/div><\/div><\/div><div class=\"vc_row wpb_row vc_row-fluid\"><div class=\"wpb_column vc_column_container vc_col-sm-12\"><div class=\"vc_column-inner\"><div class=\"wpb_wrapper\">\n\t<div class=\"wpb_text_column wpb_content_element  paragraphe\">\n\t\t<div class=\"wpb_wrapper\">\n\t\t\t<h3>Unsere Programme<\/h3>\n<p><a href=\"https:\/\/associationonelove.org\/de\/actions\/projet-makala\/\" target=\"_blank\">Valorisierungs- und Alphabetisierungsprogramm f\u00fcr junge Menschen in Justizvollzugsanstalten<\/a><br \/>\n<a href=\"https:\/\/associationonelove.org\/de\/actions\/one-love-house\/\" target=\"_blank\">Ein Haus der Liebe f\u00fcr verlassene Kinder<\/a><br \/>\n<a href=\"https:\/\/associationonelove.org\/de\/actions\/education-rdc\/\" target=\"_blank\">Eine innovative P\u00e4dagogik f\u00fcr eine hochwertige Bildung<\/a><\/p>\n\n\t\t<\/div>\n\t<\/div>\n<\/div><\/div><\/div><\/div><div class=\"vc_row wpb_row vc_row-fluid\"><div class=\"wpb_column vc_column_container vc_col-sm-12\"><div class=\"vc_column-inner\"><div class=\"wpb_wrapper\"><div class=\"vc_empty_space\"  style=\"height: 32px\" ><span class=\"vc_empty_space_inner\"><\/span><\/div>\n<\/div><\/div><\/div><\/div>","protected":false},"excerpt":{"rendered":"Un centre a\u00e9r\u00e9 pour les enfants de la rue Les objectifs Nous croyons que chaque enfant de la R\u00e9publique D\u00e9mocratique du Congo (RDC) devrait pouvoir se comporter comme un enfant et parfois simplement jouer sans s'inqui\u00e9ter du lendemain. Notre mission est d'accueillir chaque mercredi et samedi une centaine d'enfants venant d'un quartier pauvre de Kinshasa [...]","protected":false},"author":1,"featured_media":0,"parent":712,"menu_order":0,"comment_status":"closed","ping_status":"closed","template":"charity-visual-composer.php","meta":{"_links_to":"","_links_to_target":""},"_links":{"self":[{"href":"https:\/\/associationonelove.org\/de\/wp-json\/wp\/v2\/pages\/2495"}],"collection":[{"href":"https:\/\/associationonelove.org\/de\/wp-json\/wp\/v2\/pages"}],"about":[{"href":"https:\/\/associationonelove.org\/de\/wp-json\/wp\/v2\/types\/page"}],"author":[{"embeddable":true,"href":"https:\/\/associationonelove.org\/de\/wp-json\/wp\/v2\/users\/1"}],"replies":[{"embeddable":true,"href":"https:\/\/associationonelove.org\/de\/wp-json\/wp\/v2\/comments?post=2495"}],"version-history":[{"count":6,"href":"https:\/\/associationonelove.org\/de\/wp-json\/wp\/v2\/pages\/2495\/revisions"}],"predecessor-version":[{"id":2510,"href":"https:\/\/associationonelove.org\/de\/wp-json\/wp\/v2\/pages\/2495\/revisions\/2510"}],"up":[{"embeddable":true,"href":"https:\/\/associationonelove.org\/de\/wp-json\/wp\/v2\/pages\/712"}],"wp:attachment":[{"href":"https:\/\/associationonelove.org\/de\/wp-json\/wp\/v2\/media?parent=2495"}],"curies":[{"name":"wp","href":"https:\/\/api.w.org\/{rel}","templated":true}]}}