{"id":2514,"date":"2022-10-13T19:52:09","date_gmt":"2022-10-13T18:52:09","guid":{"rendered":"http:\/\/associationonelove.org\/?page_id=2514"},"modified":"2022-10-13T19:52:09","modified_gmt":"2022-10-13T18:52:09","slug":"fanny-hovor","status":"publish","type":"page","link":"https:\/\/associationonelove.org\/de\/un-peu-de-nous\/fanny-hovor\/","title":{"rendered":"Fanny Hovor"},"content":{"rendered":"<div class=\"vc_row wpb_row vc_row-fluid vc_custom_1453576097451\"><div class=\"wpb_column vc_column_container vc_col-sm-12\"><div class=\"vc_column-inner\"><div class=\"wpb_wrapper\"><div class=\"vc_empty_space\"  style=\"height: 15px\" ><span class=\"vc_empty_space_inner\"><\/span><\/div>\n<\/div><\/div><\/div><\/div><div class=\"vc_row wpb_row vc_row-fluid\"><div class=\"wpb_column vc_column_container vc_col-sm-3\"><div class=\"vc_column-inner\"><div class=\"wpb_wrapper\">\n\t<div class=\"wpb_single_image wpb_content_element vc_align_left  vc_custom_1665686858589\">\n\t\t\n\t\t<figure class=\"wpb_wrapper vc_figure\">\n\t\t\t<div class=\"vc_single_image-wrapper   vc_box_border_grey\"><img width=\"200\" height=\"300\" src=\"https:\/\/associationonelove.org\/wp-content\/uploads\/2022\/10\/RK-FanOvo-10092016-185-200x300.jpg\" class=\"vc_single_image-img attachment-medium\" alt=\"\" decoding=\"async\" loading=\"lazy\" srcset=\"https:\/\/associationonelove.org\/wp-content\/uploads\/2022\/10\/RK-FanOvo-10092016-185-200x300.jpg 200w, https:\/\/associationonelove.org\/wp-content\/uploads\/2022\/10\/RK-FanOvo-10092016-185-768x1152.jpg 768w, https:\/\/associationonelove.org\/wp-content\/uploads\/2022\/10\/RK-FanOvo-10092016-185-682x1024.jpg 682w, https:\/\/associationonelove.org\/wp-content\/uploads\/2022\/10\/RK-FanOvo-10092016-185.jpg 1333w\" sizes=\"(max-width: 200px) 100vw, 200px\" \/><\/div>\n\t\t<\/figure>\n\t<\/div>\n<\/div><\/div><\/div><div class=\"wpb_column vc_column_container vc_col-sm-6\"><div class=\"vc_column-inner\"><div class=\"wpb_wrapper\"><h2 style=\"text-align: left;font-family:Lato;font-weight:300;font-style:normal\" class=\"vc_custom_heading\">Fanny HOVOR<\/h2>\n\t<div class=\"wpb_text_column wpb_content_element\">\n\t\t<div class=\"wpb_wrapper\">\n\t\t\t<p>Ich liebe es zu singen und ich singe st\u00e4ndig !<br \/>\nSo hat mir eines Tages eine Freundin vorgeschlagen, dem One Love Chor beizutreten.\nAls man mir beim Anmeldetermin den Verein vorstellte, entsprach das einem Traum, den auch ich hatte: Liebe zu geben, indem man bed\u00fcrftigen Kindern mit Unterkunft, Verpflegung und Bildung hilft.<br \/>\nIch sagte sofort ja, um mich dem Abenteuer anzuschlie\u00dfen. Daraufhin trat ich dem Chor bei und wurde  ein volles Mitglied des Vereins. Das war genau zu dem Zeitpunkt, als Ma\u00eft\u00e9 und Kanda in den Kongo aufbrachen, um mit der Arbeit vor Ort zu beginnen. Wenn ich den zur\u00fcckgelegten Weg, die dort geleistete Arbeit,<br \/>\ndie Entwicklung und den Fortschritt der aufgenommenen Kinder sehe ... Staune ich und bin gl\u00fccklich, dass ich an diesem sch\u00f6nen Projekt teilgenommen habe !<br \/>\nKinder sind ein Geschenk und ein Segen. Wir m\u00fcssen uns wohlwollend um sie k\u00fcmmern und ihnen die M\u00f6glichkeiten auf ein erfolgreiches Leben geben.<\/p>\n<p>Meine Hobbies: Ich liebe Gospelmusik, den Erfolg von Menschen zu sehen, zu teilen, Freude und Lachen mit anderen !<\/p>\n\n\t\t<\/div>\n\t<\/div>\n<\/div><\/div><\/div><div class=\"wpb_column vc_column_container vc_col-sm-3\"><div class=\"vc_column-inner\"><div class=\"wpb_wrapper\"><\/div><\/div><\/div><\/div><div class=\"vc_row wpb_row vc_row-fluid\"><div class=\"wpb_column vc_column_container vc_col-sm-12\"><div class=\"vc_column-inner\"><div class=\"wpb_wrapper\"><div class=\"vc_empty_space\"  style=\"height: 30px\" ><span class=\"vc_empty_space_inner\"><\/span><\/div>\n<\/div><\/div><\/div><\/div>","protected":false},"excerpt":{"rendered":"Fanny HOVOR J\u2019aime chanter et je chante tout le temps ! Alors un jour, une amie m\u2019a propos\u00e9 de rejoindre la Chorale One Love. Au rendez-vous d\u2019inscription, lorsque l\u2019on m\u2019a pr\u00e9sent\u00e9 l\u2019association, cela correspondait \u00e0 un r\u00eave que j\u2019avais aussi : donner de l\u2019amour en aidant des enfants d\u00e9munis par le g\u00eete, le couvert et [...]","protected":false},"author":1,"featured_media":0,"parent":803,"menu_order":1,"comment_status":"closed","ping_status":"closed","template":"charity-visual-composer.php","meta":{"_links_to":"","_links_to_target":""},"_links":{"self":[{"href":"https:\/\/associationonelove.org\/de\/wp-json\/wp\/v2\/pages\/2514"}],"collection":[{"href":"https:\/\/associationonelove.org\/de\/wp-json\/wp\/v2\/pages"}],"about":[{"href":"https:\/\/associationonelove.org\/de\/wp-json\/wp\/v2\/types\/page"}],"author":[{"embeddable":true,"href":"https:\/\/associationonelove.org\/de\/wp-json\/wp\/v2\/users\/1"}],"replies":[{"embeddable":true,"href":"https:\/\/associationonelove.org\/de\/wp-json\/wp\/v2\/comments?post=2514"}],"version-history":[{"count":1,"href":"https:\/\/associationonelove.org\/de\/wp-json\/wp\/v2\/pages\/2514\/revisions"}],"predecessor-version":[{"id":2516,"href":"https:\/\/associationonelove.org\/de\/wp-json\/wp\/v2\/pages\/2514\/revisions\/2516"}],"up":[{"embeddable":true,"href":"https:\/\/associationonelove.org\/de\/wp-json\/wp\/v2\/pages\/803"}],"wp:attachment":[{"href":"https:\/\/associationonelove.org\/de\/wp-json\/wp\/v2\/media?parent=2514"}],"curies":[{"name":"wp","href":"https:\/\/api.w.org\/{rel}","templated":true}]}}