{"id":814,"date":"2016-01-23T10:52:27","date_gmt":"2016-01-23T09:52:27","guid":{"rendered":"http:\/\/associationonelove.org\/test\/?page_id=814"},"modified":"2022-09-30T16:44:17","modified_gmt":"2022-09-30T15:44:17","slug":"parrainage","status":"publish","type":"page","link":"https:\/\/associationonelove.org\/de\/parrainage\/","title":{"rendered":"KINDERPATENSCHAFTEN"},"content":{"rendered":"<div class=\"vc_row wpb_row vc_row-fluid\"><div class=\"wpb_column vc_column_container vc_col-sm-12\"><div class=\"vc_column-inner\"><div class=\"wpb_wrapper\">\n\t<div class=\"wpb_text_column wpb_content_element  paragraphe\">\n\t\t<div class=\"wpb_wrapper\">\n\t\t\t<h1 class=\"text-orange\">Unterst\u00fctzen Sie unsere One Love Boys \ud83d\ude42<\/h1>\n<p>Es ist etwas ganz Besonderes f\u00fcr uns, 10 Jugendliche in unserem One Love House aufgenommen zu haben, die uns einst \u00fcber den Weg liefen und unsere Hilfe ben\u00f6tigten. Es ist eine Freude f\u00fcr uns zu sehen, wie sie aufwachsen, sich weiterentwickeln und auch von ihrer schwierigen Vergangenheit heilen. All das ist nur dank Ihrer Unterst\u00fctzung m\u00f6glich. Die Jungs die zwischen 10 und 16 Jahre alt sind, werden dank der Spenden und Patenschaften derjenigen, die uns unterst\u00fctzen, vollst\u00e4ndig von unserem Verein betreut. Ihre Spenden erm\u00f6glichen es uns, die Bed\u00fcrfnisse dieser Jungen in verschiedenen Bereichen zu decken:<\/p>\n<p><img decoding=\"async\" loading=\"lazy\" class=\"aligncenter\" src=\"http:\/\/associationonelove.org\/wp-content\/uploads\/2023\/07\/dOMAINE-ONE-LOVE-ALLD.png\" width=\"708\" height=\"270\" \/><\/p>\n<p>&nbsp;<\/p>\n<p>Wenn Sie sich also dem Abenteuer anschlie\u00dfen und uns helfen m\u00f6chten, einen Unterschied im Leben dieser Jungs zu machen, f\u00fcllen Sie den untenstehenden Fragebogen aus und ein Mitglied unseres Teams wird sich mit Ihnen in Verbindung setzen, um die Patenschaft abzuschlie\u00dfen. Sie k\u00f6nnen auch die untenstehende Patenschaftsvereinbarung herunterladen und uns ausgef\u00fcllt mit den geforderten Dokumenten an die E-Mail-Adresse: contact@associationonelove.org senden.<\/p>\n<p><a href=\"https:\/\/associationonelove.org\/de\/parrainage\/conventiondeparrainage14052020\/\" target=\"_blank\">One Love Patenschaftsvereinbarung<\/a><\/p>\n<p>&nbsp;<\/p>\n<p>Einige wichtige Dinge, die Sie wissen sollten, bevor Sie sich verpflichten:<\/p>\n<p>- Der Vertrag wird f\u00fcr eine Mindestdauer von einem (1) Jahr unterzeichnet. Dies erm\u00f6glicht uns, unsere Budgets zu erstellen und die verschiedenen Ausgaben im Voraus zu planen.<\/p>\n<p>- Die Mindestkosten f\u00fcr ein Engagement betragen 25 \u20ac pro Monat und Kind. Nat\u00fcrlich d\u00fcrfen Sie auch mehr spenden, wenn Sie das m\u00f6chten. Die tats\u00e4chlichen Kosten pro Monat betragen 100 EUR, daher sind mehrere Paten n\u00f6tig, um die gesamten Bed\u00fcrfnisse eines Kindes zu decken.<\/p>\n\n\t\t<\/div>\n\t<\/div>\n<\/div><\/div><\/div><\/div><div class=\"vc_row wpb_row vc_row-fluid\"><div class=\"wpb_column vc_column_container vc_col-sm-12\"><div class=\"vc_column-inner\"><div class=\"wpb_wrapper\"><div class=\"vc_empty_space\"  style=\"height: 32px\" ><span class=\"vc_empty_space_inner\"><\/span><\/div>\n<\/div><\/div><\/div><\/div><div class=\"vc_row wpb_row vc_row-fluid\"><div class=\"wpb_column vc_column_container vc_col-sm-12\"><div class=\"vc_column-inner\"><div class=\"wpb_wrapper\">\n\t<div class=\"wpb_text_column wpb_content_element  paragraphe\">\n\t\t<div class=\"wpb_wrapper\">\n\t\t\t<h5 class=\"text-orange\">Um Ihre Patenschaft zu best\u00e4tigen, f\u00fcllen Sie bitte das folgende Formular aus:<\/h5>\n\n\t\t<\/div>\n\t<\/div>\n<\/div><\/div><\/div><\/div><div class=\"vc_row wpb_row vc_row-fluid\"><div class=\"wpb_column vc_column_container vc_col-sm-12\"><div class=\"vc_column-inner\"><div class=\"wpb_wrapper\"><div class=\"vc_empty_space\"  style=\"height: 32px\" ><span class=\"vc_empty_space_inner\"><\/span><\/div>\n<\/div><\/div><\/div><\/div><div class=\"vc_row wpb_row vc_row-fluid\"><div class=\"parrainage-form-container wpb_column vc_column_container vc_col-sm-12\"><div class=\"vc_column-inner\"><div class=\"wpb_wrapper\">\n<div class=\"wpcf7 no-js\" id=\"wpcf7-f2265-o1\" lang=\"en-US\" dir=\"ltr\">\n<div class=\"screen-reader-response\"><p role=\"status\" aria-live=\"polite\" aria-atomic=\"true\"><\/p> <ul><\/ul><\/div>\n<form action=\"\/de\/wp-json\/wp\/v2\/pages\/814#wpcf7-f2265-o1\" method=\"post\" class=\"wpcf7-form init\" aria-label=\"Contact form\" enctype=\"multipart\/form-data\" novalidate=\"novalidate\" data-status=\"init\" data-trp-original-action=\"\/de\/wp-json\/wp\/v2\/pages\/814#wpcf7-f2265-o1\">\n<div style=\"display: none;\">\n<input type=\"hidden\" name=\"_wpcf7\" value=\"2265\" \/>\n<input type=\"hidden\" name=\"_wpcf7_version\" value=\"5.7.7\" \/>\n<input type=\"hidden\" name=\"_wpcf7_locale\" value=\"en_US\" \/>\n<input type=\"hidden\" name=\"_wpcf7_unit_tag\" value=\"wpcf7-f2265-o1\" \/>\n<input type=\"hidden\" name=\"_wpcf7_container_post\" value=\"0\" \/>\n<input type=\"hidden\" name=\"_wpcf7_posted_data_hash\" value=\"\" \/>\n<\/div>\n<div class=\"row\">\n\t<div class=\"col-xs-12\">\n\t\t<div class=\"form-group col-xs-12 col-sm-6\">\n\t\t\t<p><label for=\"lastname\">Nachname<span>*<\/span><\/label><br \/>\n<span class=\"wpcf7-form-control-wrap\" data-name=\"lastname\"><input size=\"40\" class=\"wpcf7-form-control wpcf7-text wpcf7-validates-as-required form-control\" id=\"lastname\" aria-required=\"true\" aria-invalid=\"false\" value=\"\" type=\"text\" name=\"lastname\" \/><\/span>\n\t\t\t<\/p>\n\t\t<\/div>\n\t\t<div class=\"form-group col-xs-12 col-sm-6\">\n\t\t\t<p><label for=\"firstname\">Vorname<span>*<\/span><\/label><br \/>\n<span class=\"wpcf7-form-control-wrap\" data-name=\"firstname\"><input size=\"40\" class=\"wpcf7-form-control wpcf7-text wpcf7-validates-as-required form-control\" id=\"firstname\" aria-required=\"true\" aria-invalid=\"false\" value=\"\" type=\"text\" name=\"firstname\" \/><\/span>\n\t\t\t<\/p>\n\t\t<\/div>\n\t<\/div>\n<\/div>\n<div class=\"row\">\n\t<div class=\"col-xs-12\">\n\t\t<div class=\"form-group col-xs-12\">\n\t\t\t<p><label for=\"email\">E-Mail-Adresse:<span>*<\/span><\/label><br \/>\n<span class=\"wpcf7-form-control-wrap\" data-name=\"email\"><input size=\"40\" class=\"wpcf7-form-control wpcf7-text wpcf7-email wpcf7-validates-as-required wpcf7-validates-as-email form-control\" id=\"email\" aria-required=\"true\" aria-invalid=\"false\" value=\"\" type=\"email\" name=\"email\" \/><\/span>\n\t\t\t<\/p>\n\t\t<\/div>\n\t<\/div>\n<\/div>\n<div class=\"row\">\n\t<div class=\"col-xs-12\">\n\t\t<div class=\"form-group col-xs-12 col-sm-6\">\n\t\t\t<p><label for=\"birthdate\">Geburtsdatum<span>*<\/span><\/label><br \/>\n<span class=\"wpcf7-form-control-wrap\" data-name=\"birthdate\"><input class=\"wpcf7-form-control wpcf7-date wpcf7-validates-as-required wpcf7-validates-as-date form-control\" id=\"birthdate\" min=\"1970-01-01\" max=\"2010-01-01\" aria-required=\"true\" aria-invalid=\"false\" value=\"\" type=\"date\" name=\"birthdate\" \/><\/span>\n\t\t\t<\/p>\n\t\t<\/div>\n\t\t<div class=\"form-group col-xs-12 col-sm-6\">\n\t\t\t<p><label for=\"phone\">Whatsapp-Nummer<span>*<\/span><\/label><br \/>\n<span class=\"wpcf7-form-control-wrap\" data-name=\"phone\"><input size=\"40\" class=\"wpcf7-form-control wpcf7-text wpcf7-validates-as-required form-control\" id=\"phone\" aria-required=\"true\" aria-invalid=\"false\" value=\"\" type=\"text\" name=\"phone\" \/><\/span>\n\t\t\t<\/p>\n\t\t<\/div>\n\t<\/div>\n<\/div>\n<div class=\"row\">\n\t<div class=\"col-xs-12\">\n\t\t<div class=\"form-group col-xs-12\">\n\t\t\t<p><label for=\"address\">Postanschrift (f\u00fcr die Steuerquittung):<span>*<\/span><\/label><br \/>\n<span class=\"wpcf7-form-control-wrap\" data-name=\"address\"><input size=\"40\" class=\"wpcf7-form-control wpcf7-text wpcf7-validates-as-required form-control\" id=\"address\" aria-required=\"true\" aria-invalid=\"false\" value=\"\" type=\"text\" name=\"address\" \/><\/span>\n\t\t\t<\/p>\n\t\t<\/div>\n\t<\/div>\n<\/div>\n<div class=\"row\">\n\t<div class=\"col-xs-12\">\n\t\t<div class=\"form-group col-xs-12 col-sm-6\">\n\t\t\t<p><label for=\"duration\">Ich verpflichte mich f\u00fcr einen Zeitraum (in Jahren) von:<span>*<\/span><\/label><br \/>\n<span class=\"wpcf7-form-control-wrap\" data-name=\"duration\"><input class=\"wpcf7-form-control wpcf7-number wpcf7-validates-as-required wpcf7-validates-as-number form-control\" id=\"duration\" min=\"1\" max=\"33\" aria-required=\"true\" aria-invalid=\"false\" value=\"\" type=\"number\" name=\"duration\" \/><\/span>\n\t\t\t<\/p>\n\t\t<\/div>\n\t\t<div class=\"form-group col-xs-12 col-sm-6\">\n\t\t\t<p><label for=\"children\">das\/die folgende(n) Kind(er) zu unterst\u00fctzen (Name angeben falls bekannt):<span>*<\/span><\/label><br \/>\n<span class=\"wpcf7-form-control-wrap\" data-name=\"children\"><input size=\"40\" class=\"wpcf7-form-control wpcf7-text wpcf7-validates-as-required form-control\" id=\"children\" aria-required=\"true\" aria-invalid=\"false\" value=\"\" type=\"text\" name=\"children\" \/><\/span>\n\t\t\t<\/p>\n\t\t<\/div>\n\t<\/div>\n<\/div>\n<div class=\"row\">\n\t<div class=\"col-xs-12\">\n\t\t<div class=\"form-group col-xs-12\">\n\t\t\t<p><label for=\"amount\">mit einem monatlicher Betrag von :<span>*<\/span><\/label><br \/>\n<span class=\"wpcf7-form-control-wrap\" data-name=\"amount\"><input size=\"40\" class=\"wpcf7-form-control wpcf7-text wpcf7-validates-as-required form-control\" id=\"amount\" aria-required=\"true\" aria-invalid=\"false\" value=\"\" type=\"text\" name=\"amount\" \/><\/span>\n\t\t\t<\/p>\n\t\t\t<p><strong>(im ersten Monat bitte 10\u20ac Anmeldegeb\u00fchr hinzuf\u00fcgen)<\/strong>\n\t\t\t<\/p>\n\t\t<\/div>\n\t<\/div>\n<\/div>\n<div class=\"row\">\n\t<div class=\"col-xs-12\">\n\t\t<div class=\"form-group col-xs-12\">\n\t\t\t<p><label for=\"identity-document\">Kopie des Personalausweises<span>*<\/span><\/label><br \/>\n<span class=\"wpcf7-form-control-wrap\" data-name=\"identity-document\"><input size=\"40\" class=\"wpcf7-form-control wpcf7-file wpcf7-validates-as-required\" accept=\".png,.jpg,.jpeg,.pdf\" aria-required=\"true\" aria-invalid=\"false\" type=\"file\" name=\"identity-document\" \/><\/span>\n\t\t\t<\/p>\n\t\t<\/div>\n\t<\/div>\n<\/div>\n<div class=\"row\">\n\t<div class=\"col-xs-12\">\n\t\t<div class=\"form-group col-xs-12\">\n\t\t\t<p><label for=\"photo-document\">Une photo d'identit\u00e9<span>*<\/span><\/label><br \/>\n<span class=\"wpcf7-form-control-wrap\" data-name=\"photo-document\"><input size=\"40\" class=\"wpcf7-form-control wpcf7-file wpcf7-validates-as-required\" accept=\".png,.jpg,.jpeg,.pdf\" aria-required=\"true\" aria-invalid=\"false\" type=\"file\" name=\"photo-document\" \/><\/span>\n\t\t\t<\/p>\n\t\t<\/div>\n\t<\/div>\n<\/div>\n<div class=\"row\">\n\t<div class=\"col-xs-12\">\n\t\t<div class=\"form-group col-xs-12\">\n\t\t\t<p><span class=\"wpcf7-form-control-wrap\" data-name=\"consent\"><span class=\"wpcf7-form-control wpcf7-acceptance\"><span class=\"wpcf7-list-item\"><label><input type=\"checkbox\" name=\"consent\" value=\"1\" aria-invalid=\"false\" \/><span class=\"wpcf7-list-item-label\">Ich versichere, dass alle Daten und Dokumente richtig sind.<\/span><\/label><\/span><\/span><\/span> Ich versichere, dass alle Daten und Dokumente richtig sind.\n\t\t\t<\/p>\n\t\t<\/div>\n\t<\/div>\n<\/div>\n<div class=\"row\">\n\t<div class=\"col-xs-12\">\n\t\t<div class=\"form-group col-xs-12\">\n\t\t\t<p><input class=\"wpcf7-form-control has-spinner wpcf7-submit btn btn-default pull-right\" id=\"submit\" type=\"submit\" value=\"ABSCHICKEN\" \/>\n\t\t\t<\/p>\n\t\t<\/div>\n\t<\/div>\n<\/div>\n<div class=\"row\">\n\t<div class=\"col-xs-12\">\n\t\t<div class=\"form-group col-xs-12\">\n\t\t\t<p class=\"forms-notes\">\n\t\t\t<\/p>\n\t\t<\/div>\n\t<\/div>\n<\/div><div class=\"wpcf7-response-output\" aria-hidden=\"true\"><\/div>\n<input type=\"hidden\" name=\"trp-form-language\" value=\"de\"\/><\/form>\n<\/div>\n<\/div><\/div><\/div><\/div><div class=\"vc_row wpb_row vc_row-fluid\"><div class=\"wpb_column vc_column_container vc_col-sm-12\"><div class=\"vc_column-inner\"><div class=\"wpb_wrapper\"><div class=\"vc_empty_space\"  style=\"height: 32px\" ><span class=\"vc_empty_space_inner\"><\/span><\/div>\n<\/div><\/div><\/div><\/div>","protected":false},"excerpt":{"rendered":"Soutenez nos One Love Boys :) Nous avons le privil\u00e8ge d'accueillir \u00e0 la One Love House dix jeunes gar\u00e7ons qui ont un jour crois\u00e9 notre chemin et ont eu besoin de notre aide. C'est une joie pour nous de les voir grandir, se construire, et \u00e9galement gu\u00e9rir de leur pass\u00e9 difficile. Et tout cela est [...]","protected":false},"author":1,"featured_media":0,"parent":0,"menu_order":0,"comment_status":"closed","ping_status":"closed","template":"charity-visual-composer.php","meta":{"_links_to":"","_links_to_target":""},"_links":{"self":[{"href":"https:\/\/associationonelove.org\/de\/wp-json\/wp\/v2\/pages\/814"}],"collection":[{"href":"https:\/\/associationonelove.org\/de\/wp-json\/wp\/v2\/pages"}],"about":[{"href":"https:\/\/associationonelove.org\/de\/wp-json\/wp\/v2\/types\/page"}],"author":[{"embeddable":true,"href":"https:\/\/associationonelove.org\/de\/wp-json\/wp\/v2\/users\/1"}],"replies":[{"embeddable":true,"href":"https:\/\/associationonelove.org\/de\/wp-json\/wp\/v2\/comments?post=814"}],"version-history":[{"count":89,"href":"https:\/\/associationonelove.org\/de\/wp-json\/wp\/v2\/pages\/814\/revisions"}],"predecessor-version":[{"id":2461,"href":"https:\/\/associationonelove.org\/de\/wp-json\/wp\/v2\/pages\/814\/revisions\/2461"}],"wp:attachment":[{"href":"https:\/\/associationonelove.org\/de\/wp-json\/wp\/v2\/media?parent=814"}],"curies":[{"name":"wp","href":"https:\/\/api.w.org\/{rel}","templated":true}]}}