{"id":908,"date":"2016-01-23T19:50:46","date_gmt":"2016-01-23T18:50:46","guid":{"rendered":"http:\/\/associationonelove.org\/test\/?page_id=908"},"modified":"2020-11-03T14:32:42","modified_gmt":"2020-11-03T13:32:42","slug":"maite-kabangu","status":"publish","type":"page","link":"https:\/\/associationonelove.org\/de\/un-peu-de-nous\/maite-kabangu\/","title":{"rendered":"Ma\u00eft\u00e9 Kabangu"},"content":{"rendered":"<div class=\"vc_row wpb_row vc_row-fluid vc_custom_1453576097451\"><div class=\"wpb_column vc_column_container vc_col-sm-12\"><div class=\"vc_column-inner\"><div class=\"wpb_wrapper\"><div class=\"vc_empty_space\"  style=\"height: 15px\" ><span class=\"vc_empty_space_inner\"><\/span><\/div>\n<\/div><\/div><\/div><\/div><div class=\"vc_row wpb_row vc_row-fluid\"><div class=\"wpb_column vc_column_container vc_col-sm-3\"><div class=\"vc_column-inner\"><div class=\"wpb_wrapper\">\n\t<div class=\"wpb_single_image wpb_content_element vc_align_left  vc_custom_1454084008271\">\n\t\t\n\t\t<figure class=\"wpb_wrapper vc_figure\">\n\t\t\t<div class=\"vc_single_image-wrapper   vc_box_border_grey\"><img width=\"200\" height=\"300\" src=\"https:\/\/associationonelove.org\/wp-content\/uploads\/2016\/01\/Maite-CHAUDRON-portrait-200x300.jpg\" class=\"vc_single_image-img attachment-medium\" alt=\"\" decoding=\"async\" loading=\"lazy\" srcset=\"https:\/\/associationonelove.org\/wp-content\/uploads\/2016\/01\/Maite-CHAUDRON-portrait-200x300.jpg 200w, https:\/\/associationonelove.org\/wp-content\/uploads\/2016\/01\/Maite-CHAUDRON-portrait-768x1152.jpg 768w, https:\/\/associationonelove.org\/wp-content\/uploads\/2016\/01\/Maite-CHAUDRON-portrait-682x1024.jpg 682w, https:\/\/associationonelove.org\/wp-content\/uploads\/2016\/01\/Maite-CHAUDRON-portrait.jpg 933w\" sizes=\"(max-width: 200px) 100vw, 200px\" \/><\/div>\n\t\t<\/figure>\n\t<\/div>\n<\/div><\/div><\/div><div class=\"wpb_column vc_column_container vc_col-sm-6\"><div class=\"vc_column-inner\"><div class=\"wpb_wrapper\"><h2 style=\"text-align: left;font-family:Lato;font-weight:300;font-style:normal\" class=\"vc_custom_heading\">Ma\u00eft\u00e9 KABANGU<\/h2>\n\t<div class=\"wpb_text_column wpb_content_element\">\n\t\t<div class=\"wpb_wrapper\">\n\t\t\t<p style=\"text-align: justify;\">Mit meinem Mann Kanda haben wir 2013 dwn Verein One Love gegr\u00fcndet.<br \/>\nIch hatte die Gelegenheit, viele Dinge zu tun: Projektmanagement, Kommunikation, Kassenf\u00fchrung, Sekretariatsarbeit, Eventmanagement... Wenn man eine Struktur von Grund auf neu aufbaut und organisiert, erfordert das viel Engagement: Man macht vieles auf einmal! Dann kann man auch innovativ sein, etwas schaffen, Spa\u00df haben! Aber ich sch\u00e4tze insbesondere den Beziehungsaspekt: die Talente anderer zu erkennen und sie dazu ermutigen, sie weiter zu entwickeln.<\/p>\n<p style=\"text-align: justify;\">Seit der Gr\u00fcndung von One Love habe ich, abgesehen von den Aktionen und dem Aufbau der Projekte, die uns am Herzen liegen, viel dar\u00fcber gelernt, mich in andere hineinzuversetzen und zu verstehen. Oft will man seine Idee durchsetzen, und ich bin da manchmal ziemlich stur, aber von verschiedenen Pers\u00f6nlichkeiten und Charakteren umgeben zu sein, bereichert mich und dr\u00e4ngt mich dazu, zu lieben, zu verstehen und zu ermutigen. Ich muss mich also oft selbst in Frage stellen, aber mit einem Team, das mich anspornt, besser zu sein und besser zu werden, und vor allem mit dem, der all dies und uns alle geschaffen hat: Gott.<\/p>\n<p style=\"text-align: justify;\">Ich liebe es, f\u00fcr eine Sache zu arbeiten, die f\u00fcr mich eine Bedeutung hat, die von mir verlangt, zu geben und zu helfen. Das L\u00e4cheln eines Gesichts zu sehen, das durch Liebe verwandelt wurde, erfreut mein Herz.<\/p>\n<p style=\"text-align: justify;\">Meine Hobbys: Ich liebe es, zu essen, zu lachen, Zeit mit meinen Freunden zu verbringen und Dinge mit Gott zu erleben.<\/p>\n\n\t\t<\/div>\n\t<\/div>\n<\/div><\/div><\/div><div class=\"wpb_column vc_column_container vc_col-sm-3\"><div class=\"vc_column-inner\"><div class=\"wpb_wrapper\"><\/div><\/div><\/div><\/div><div class=\"vc_row wpb_row vc_row-fluid\"><div class=\"wpb_column vc_column_container vc_col-sm-12\"><div class=\"vc_column-inner\"><div class=\"wpb_wrapper\"><div class=\"vc_empty_space\"  style=\"height: 30px\" ><span class=\"vc_empty_space_inner\"><\/span><\/div>\n<\/div><\/div><\/div><\/div>","protected":false},"excerpt":{"rendered":"Ma\u00eft\u00e9 KABANGU Avec mon mari Kanda, nous avons fond\u00e9 l'association One Love en 2013. J'ai eu l'occasion de faire de nombreuses choses : en gestion de projet, en communication, en tr\u00e9sorerie, en secr\u00e9tariat, en \u00e9v\u00e9nementiel\u2026 Quand on monte et organise une structure \u00e0 partir de rien, cela demande beaucoup d'engagement : il faut \u00eatre multit\u00e2che [...]","protected":false},"author":1,"featured_media":0,"parent":803,"menu_order":9,"comment_status":"closed","ping_status":"closed","template":"charity-visual-composer.php","meta":{"_links_to":"","_links_to_target":""},"_links":{"self":[{"href":"https:\/\/associationonelove.org\/de\/wp-json\/wp\/v2\/pages\/908"}],"collection":[{"href":"https:\/\/associationonelove.org\/de\/wp-json\/wp\/v2\/pages"}],"about":[{"href":"https:\/\/associationonelove.org\/de\/wp-json\/wp\/v2\/types\/page"}],"author":[{"embeddable":true,"href":"https:\/\/associationonelove.org\/de\/wp-json\/wp\/v2\/users\/1"}],"replies":[{"embeddable":true,"href":"https:\/\/associationonelove.org\/de\/wp-json\/wp\/v2\/comments?post=908"}],"version-history":[{"count":34,"href":"https:\/\/associationonelove.org\/de\/wp-json\/wp\/v2\/pages\/908\/revisions"}],"predecessor-version":[{"id":2420,"href":"https:\/\/associationonelove.org\/de\/wp-json\/wp\/v2\/pages\/908\/revisions\/2420"}],"up":[{"embeddable":true,"href":"https:\/\/associationonelove.org\/de\/wp-json\/wp\/v2\/pages\/803"}],"wp:attachment":[{"href":"https:\/\/associationonelove.org\/de\/wp-json\/wp\/v2\/media?parent=908"}],"curies":[{"name":"wp","href":"https:\/\/api.w.org\/{rel}","templated":true}]}}