{"id":983,"date":"2016-01-29T17:06:30","date_gmt":"2016-01-29T16:06:30","guid":{"rendered":"http:\/\/associationonelove.org\/test\/?page_id=983"},"modified":"2020-11-03T14:45:33","modified_gmt":"2020-11-03T13:45:33","slug":"manon-besnier","status":"publish","type":"page","link":"https:\/\/associationonelove.org\/de\/un-peu-de-nous\/manon-besnier\/","title":{"rendered":"Manon Besnier"},"content":{"rendered":"<div class=\"vc_row wpb_row vc_row-fluid vc_custom_1453576097451\"><div class=\"wpb_column vc_column_container vc_col-sm-12\"><div class=\"vc_column-inner\"><div class=\"wpb_wrapper\"><div class=\"vc_empty_space\"  style=\"height: 15px\" ><span class=\"vc_empty_space_inner\"><\/span><\/div>\n<\/div><\/div><\/div><\/div><div class=\"vc_row wpb_row vc_row-fluid\"><div class=\"wpb_column vc_column_container vc_col-sm-3\"><div class=\"vc_column-inner\"><div class=\"wpb_wrapper\">\n\t<div class=\"wpb_single_image wpb_content_element vc_align_left  vc_custom_1604411127753\">\n\t\t\n\t\t<figure class=\"wpb_wrapper vc_figure\">\n\t\t\t<div class=\"vc_single_image-wrapper   vc_box_border_grey\"><img width=\"225\" height=\"300\" src=\"https:\/\/associationonelove.org\/wp-content\/uploads\/2020\/11\/Manon-BESNIER-225x300.jpg\" class=\"vc_single_image-img attachment-medium\" alt=\"\" decoding=\"async\" loading=\"lazy\" srcset=\"https:\/\/associationonelove.org\/wp-content\/uploads\/2020\/11\/Manon-BESNIER-225x300.jpg 225w, https:\/\/associationonelove.org\/wp-content\/uploads\/2020\/11\/Manon-BESNIER.jpg 450w\" sizes=\"(max-width: 225px) 100vw, 225px\" \/><\/div>\n\t\t<\/figure>\n\t<\/div>\n<\/div><\/div><\/div><div class=\"wpb_column vc_column_container vc_col-sm-6\"><div class=\"vc_column-inner\"><div class=\"wpb_wrapper\"><h2 style=\"text-align: left;font-family:Lato;font-weight:300;font-style:normal\" class=\"vc_custom_heading\">Manon BESNIER<\/h2>\n\t<div class=\"wpb_text_column wpb_content_element\">\n\t\t<div class=\"wpb_wrapper\">\n\t\t\t<p style=\"text-align: justify;\">Ich habe One Love in der Schule, in der ich arbeitete, kennengelernt. Eine Kollegin und Freundin erz\u00e4hlte mir, dass sie in den Kongo gehen w\u00fcrde, um sich voll im Verein einzubringen. Ihr Lebensweg und die Aura, die sie ausstrahlte, haben mich angezogen. Ich nahm an der humanit\u00e4ren Reise One Love im Juli 2019 teil. Die Erfahrung ver\u00e4nderte meine Lebenvorstellungs. Ich sp\u00fcrte eine tiefe Verbundenheit mit den Werten des Vereins. Seine Mitglieder bieten den Kindern nicht nur ein Dach \u00fcber dem Kopf, sondern umgeben sie auch mit Aufmerksamkeit und Zuneigung. Einer der Jungen, der von One Love aufgenommen wurde, ist mein Patenkind und ich betrachte die Bindung, die zwischen ihm und mir entstanden ist, als sehr wertvoll. Ich mag es zu sehen, wie er aufw\u00e4chst, sich f\u00fcr eine Zukunft entscheidet und an Selbstvertrauen gewinnt, mit Momenten des \u00dcberschwangs und manchmal des Zweifels, aber immer in einem Rahmen, der am besten f\u00fcr ihn geeignet ist: dem der Liebe und des Vertrauens.<\/p>\n<p>Fun Fact: Ich bin eine hyperaktive Lehrerin und liebe es, Grimassen zu schneiden und alle Arten von Tieren zu imitieren.<\/p>\n\n\t\t<\/div>\n\t<\/div>\n<\/div><\/div><\/div><div class=\"wpb_column vc_column_container vc_col-sm-3\"><div class=\"vc_column-inner\"><div class=\"wpb_wrapper\"><\/div><\/div><\/div><\/div><div class=\"vc_row wpb_row vc_row-fluid\"><div class=\"wpb_column vc_column_container vc_col-sm-12\"><div class=\"vc_column-inner\"><div class=\"wpb_wrapper\"><div class=\"vc_empty_space\"  style=\"height: 30px\" ><span class=\"vc_empty_space_inner\"><\/span><\/div>\n<\/div><\/div><\/div><\/div>","protected":false},"excerpt":{"rendered":"Manon BESNIER J'ai connu One Love dans le coll\u00e8ge o\u00f9 je travaillais. Une coll\u00e8gue et amie m'a annonc\u00e9 qu'elle partait au Congo pour int\u00e9grer plus pleinement l'association. Son parcours de vie, l'aura qu'elle d\u00e9gageait m'ont attir\u00e9e. J'ai particip\u00e9 au voyage humanitaire One Love de juillet 2019. L'exp\u00e9rience a chang\u00e9 ma vision de la vie. J'ai [...]","protected":false},"author":1,"featured_media":0,"parent":803,"menu_order":1,"comment_status":"closed","ping_status":"closed","template":"charity-visual-composer.php","meta":{"_links_to":"","_links_to_target":""},"_links":{"self":[{"href":"https:\/\/associationonelove.org\/de\/wp-json\/wp\/v2\/pages\/983"}],"collection":[{"href":"https:\/\/associationonelove.org\/de\/wp-json\/wp\/v2\/pages"}],"about":[{"href":"https:\/\/associationonelove.org\/de\/wp-json\/wp\/v2\/types\/page"}],"author":[{"embeddable":true,"href":"https:\/\/associationonelove.org\/de\/wp-json\/wp\/v2\/users\/1"}],"replies":[{"embeddable":true,"href":"https:\/\/associationonelove.org\/de\/wp-json\/wp\/v2\/comments?post=983"}],"version-history":[{"count":16,"href":"https:\/\/associationonelove.org\/de\/wp-json\/wp\/v2\/pages\/983\/revisions"}],"predecessor-version":[{"id":2425,"href":"https:\/\/associationonelove.org\/de\/wp-json\/wp\/v2\/pages\/983\/revisions\/2425"}],"up":[{"embeddable":true,"href":"https:\/\/associationonelove.org\/de\/wp-json\/wp\/v2\/pages\/803"}],"wp:attachment":[{"href":"https:\/\/associationonelove.org\/de\/wp-json\/wp\/v2\/media?parent=983"}],"curies":[{"name":"wp","href":"https:\/\/api.w.org\/{rel}","templated":true}]}}