{"id":985,"date":"2016-01-29T17:12:37","date_gmt":"2016-01-29T16:12:37","guid":{"rendered":"http:\/\/associationonelove.org\/test\/?page_id=985"},"modified":"2020-11-03T12:13:34","modified_gmt":"2020-11-03T11:13:34","slug":"celine-barrellon","status":"publish","type":"page","link":"https:\/\/associationonelove.org\/de\/un-peu-de-nous\/celine-barrellon\/","title":{"rendered":"C\u00e9line Barrellon"},"content":{"rendered":"<div class=\"vc_row wpb_row vc_row-fluid vc_custom_1453576097451\"><div class=\"wpb_column vc_column_container vc_col-sm-12\"><div class=\"vc_column-inner\"><div class=\"wpb_wrapper\"><div class=\"vc_empty_space\"  style=\"height: 15px\" ><span class=\"vc_empty_space_inner\"><\/span><\/div>\n<\/div><\/div><\/div><\/div><div class=\"vc_row wpb_row vc_row-fluid\"><div class=\"wpb_column vc_column_container vc_col-sm-3\"><div class=\"vc_column-inner\"><div class=\"wpb_wrapper\">\n\t<div class=\"wpb_single_image wpb_content_element vc_align_left  vc_custom_1604401992906\">\n\t\t\n\t\t<figure class=\"wpb_wrapper vc_figure\">\n\t\t\t<div class=\"vc_single_image-wrapper   vc_box_border_grey\"><img width=\"300\" height=\"300\" src=\"https:\/\/associationonelove.org\/wp-content\/uploads\/2020\/11\/Ce\u0301line-BARRELLON-300x300.jpg\" class=\"vc_single_image-img attachment-medium\" alt=\"\" decoding=\"async\" loading=\"lazy\" srcset=\"https:\/\/associationonelove.org\/wp-content\/uploads\/2020\/11\/Ce\u0301line-BARRELLON-300x300.jpg 300w, https:\/\/associationonelove.org\/wp-content\/uploads\/2020\/11\/Ce\u0301line-BARRELLON-150x150.jpg 150w, https:\/\/associationonelove.org\/wp-content\/uploads\/2020\/11\/Ce\u0301line-BARRELLON-180x180.jpg 180w, https:\/\/associationonelove.org\/wp-content\/uploads\/2020\/11\/Ce\u0301line-BARRELLON-600x600.jpg 600w, https:\/\/associationonelove.org\/wp-content\/uploads\/2020\/11\/Ce\u0301line-BARRELLON-64x65.jpg 64w, https:\/\/associationonelove.org\/wp-content\/uploads\/2020\/11\/Ce\u0301line-BARRELLON-98x98.jpg 98w, https:\/\/associationonelove.org\/wp-content\/uploads\/2020\/11\/Ce\u0301line-BARRELLON.jpg 720w\" sizes=\"(max-width: 300px) 100vw, 300px\" \/><\/div>\n\t\t<\/figure>\n\t<\/div>\n<\/div><\/div><\/div><div class=\"wpb_column vc_column_container vc_col-sm-6\"><div class=\"vc_column-inner\"><div class=\"wpb_wrapper\"><h2 style=\"text-align: left;font-family:Lato;font-weight:300;font-style:normal\" class=\"vc_custom_heading\">C\u00e9line BARRELLON<\/h2>\n\t<div class=\"wpb_text_column wpb_content_element\">\n\t\t<div class=\"wpb_wrapper\">\n\t\t\t<p style=\"text-align: justify;\">Ich habe One Love w\u00e4hrend einer humanit\u00e4ren Reise in die DRK im Jahr 2018 kennengelernt, die Ma\u00eft\u00e9 und Kanda organisiert haben.<br \/>\nDa ich anderen helfen wollte, war ich wirklich ber\u00fchrt von all dem, was ich gesehen und erlebt habe.<br \/>\nSeitdem engagiere ich mich im Verein, weil mir ihre Projekte wirklich am Herzen liegen. Zu sehen, wie all diese verlassenen und auf sich allein gestellten Kinder alle notwendige Pflege und vor allem Liebe erhalten, gibt dem Leben einen Sinn.<\/p>\n<p>Meine Hobbys: Ich reise gerne, entdecke andere Kulturen und liebe es mich n\u00fctzlich zu f\u00fchlen.<\/p>\n\n\t\t<\/div>\n\t<\/div>\n<\/div><\/div><\/div><div class=\"wpb_column vc_column_container vc_col-sm-3\"><div class=\"vc_column-inner\"><div class=\"wpb_wrapper\"><\/div><\/div><\/div><\/div><div class=\"vc_row wpb_row vc_row-fluid\"><div class=\"wpb_column vc_column_container vc_col-sm-12\"><div class=\"vc_column-inner\"><div class=\"wpb_wrapper\"><div class=\"vc_empty_space\"  style=\"height: 30px\" ><span class=\"vc_empty_space_inner\"><\/span><\/div>\n<\/div><\/div><\/div><\/div>","protected":false},"excerpt":{"rendered":"C\u00e9line BARRELLON J'ai connu One Love lors d'un voyage humanitaire en RDC en 2018 que Ma\u00eft\u00e9 et Kanda organisaient. D\u00e9sireuse d'aider les autres, j'ai vraiment \u00e9t\u00e9 touch\u00e9e par tout ce que j'ai vu et par ce que j'ai pu vivre. Depuis je me suis engag\u00e9e dans l'association, car leurs projets me tiennent vraiment \u00e0 c\u0153ur, [...]","protected":false},"author":1,"featured_media":0,"parent":803,"menu_order":2,"comment_status":"closed","ping_status":"closed","template":"charity-visual-composer.php","meta":{"_links_to":"","_links_to_target":""},"_links":{"self":[{"href":"https:\/\/associationonelove.org\/de\/wp-json\/wp\/v2\/pages\/985"}],"collection":[{"href":"https:\/\/associationonelove.org\/de\/wp-json\/wp\/v2\/pages"}],"about":[{"href":"https:\/\/associationonelove.org\/de\/wp-json\/wp\/v2\/types\/page"}],"author":[{"embeddable":true,"href":"https:\/\/associationonelove.org\/de\/wp-json\/wp\/v2\/users\/1"}],"replies":[{"embeddable":true,"href":"https:\/\/associationonelove.org\/de\/wp-json\/wp\/v2\/comments?post=985"}],"version-history":[{"count":23,"href":"https:\/\/associationonelove.org\/de\/wp-json\/wp\/v2\/pages\/985\/revisions"}],"predecessor-version":[{"id":2419,"href":"https:\/\/associationonelove.org\/de\/wp-json\/wp\/v2\/pages\/985\/revisions\/2419"}],"up":[{"embeddable":true,"href":"https:\/\/associationonelove.org\/de\/wp-json\/wp\/v2\/pages\/803"}],"wp:attachment":[{"href":"https:\/\/associationonelove.org\/de\/wp-json\/wp\/v2\/media?parent=985"}],"curies":[{"name":"wp","href":"https:\/\/api.w.org\/{rel}","templated":true}]}}