{"id":1007,"date":"2016-01-29T17:35:12","date_gmt":"2016-01-29T16:35:12","guid":{"rendered":"http:\/\/associationonelove.org\/test\/?page_id=1007"},"modified":"2020-07-22T16:55:59","modified_gmt":"2020-07-22T15:55:59","slug":"marie-anne-goury","status":"publish","type":"page","link":"https:\/\/associationonelove.org\/en\/un-peu-de-nous\/marie-anne-goury\/","title":{"rendered":"Marie-Anne Goury"},"content":{"rendered":"<div class=\"vc_row wpb_row vc_row-fluid\"><div class=\"no-padding wpb_column vc_column_container vc_col-sm-12 vc_col-has-fill\"><div class=\"vc_column-inner vc_custom_1467228488789\"><div class=\"wpb_wrapper\">\n\t<div class=\"wpb_raw_code wpb_content_element wpb_raw_html\">\n\t\t<div class=\"wpb_wrapper\">\n\t\t\t<div class=\"couv-profil\"><\/div>\n\t\t<\/div>\n\t<\/div>\n<\/div><\/div><\/div><\/div><div class=\"vc_row wpb_row vc_row-fluid vc_custom_1453576097451\"><div class=\"wpb_column vc_column_container vc_col-sm-12\"><div class=\"vc_column-inner\"><div class=\"wpb_wrapper\"><div class=\"vc_empty_space\"  style=\"height: 15px\" ><span class=\"vc_empty_space_inner\"><\/span><\/div>\n<\/div><\/div><\/div><\/div><div class=\"vc_row wpb_row vc_row-fluid\"><div class=\"wpb_column vc_column_container vc_col-sm-3\"><div class=\"vc_column-inner\"><div class=\"wpb_wrapper\">\n\t<div class=\"wpb_single_image wpb_content_element vc_align_left  vc_custom_1454086324484\">\n\t\t\n\t\t<figure class=\"wpb_wrapper vc_figure\">\n\t\t\t<div class=\"vc_single_image-wrapper   vc_box_border_grey\"><img width=\"200\" height=\"300\" src=\"https:\/\/associationonelove.org\/wp-content\/uploads\/2016\/01\/Marie-Anne-GOURY-portrait-200x300.jpg\" class=\"vc_single_image-img attachment-medium\" alt=\"\" decoding=\"async\" loading=\"lazy\" srcset=\"https:\/\/associationonelove.org\/wp-content\/uploads\/2016\/01\/Marie-Anne-GOURY-portrait-200x300.jpg 200w, https:\/\/associationonelove.org\/wp-content\/uploads\/2016\/01\/Marie-Anne-GOURY-portrait-768x1152.jpg 768w, https:\/\/associationonelove.org\/wp-content\/uploads\/2016\/01\/Marie-Anne-GOURY-portrait-682x1024.jpg 682w, https:\/\/associationonelove.org\/wp-content\/uploads\/2016\/01\/Marie-Anne-GOURY-portrait.jpg 933w\" sizes=\"(max-width: 200px) 100vw, 200px\" \/><\/div>\n\t\t<\/figure>\n\t<\/div>\n<\/div><\/div><\/div><div class=\"wpb_column vc_column_container vc_col-sm-6\"><div class=\"vc_column-inner\"><div class=\"wpb_wrapper\"><h2 style=\"text-align: left;font-family:Lato;font-weight:300;font-style:normal\" class=\"vc_custom_heading\">Marie-Anne GOURY<\/h2>\n\t<div class=\"wpb_text_column wpb_content_element\">\n\t\t<div class=\"wpb_wrapper\">\n\t\t\t<p style=\"text-align: justify;\">I got to know One Love by chance through a friend of mine and Kanda. They were looking for a person living in the 92 department (Parisian suburb) to establish a partnership, so my friend put us in touch. When I read their project, I found myself in tears: it corresponded exactly to the dream I had in my heart! Education is very important to me, I have made it my profession, and to be able to be involved in the construction of a school in the DRC is something simply incredible and wonderful.<br \/>\nThrough One Love, I learned that the most important thing is love: the love between us, the love given and shown to others. I also learned that when dreams come from God, we just have to trust Him and accept His call, He takes care of the rest.<\/p>\n<p style=\"text-align: justify;\">My hobbies: I like teaching and pedagogy, seeing people discover their potential and their value, movies, good meals with friends but preferably at the restaurant so that we won\u2019t have to do the cooking and washing dishes !<\/p>\n\n\t\t<\/div>\n\t<\/div>\n<\/div><\/div><\/div><div class=\"wpb_column vc_column_container vc_col-sm-3\"><div class=\"vc_column-inner\"><div class=\"wpb_wrapper\"><\/div><\/div><\/div><\/div><div class=\"vc_row wpb_row vc_row-fluid\"><div class=\"wpb_column vc_column_container vc_col-sm-12\"><div class=\"vc_column-inner\"><div class=\"wpb_wrapper\"><div class=\"vc_empty_space\"  style=\"height: 30px\" ><span class=\"vc_empty_space_inner\"><\/span><\/div>\n<\/div><\/div><\/div><\/div>","protected":false},"excerpt":{"rendered":"Marie-Anne GOURY J'ai connu One Love un peu par hasard par le biais d'une amie en commun avec Ma\u00eft\u00e9 et Kanda. Ils cherchaient une personne habitant le 92 pour \u00e9tablir un partenariat dans\u00a0ce d\u00e9partement,\u00a0mon amie nous a donc mis en relation. Quand j'ai lu leur projet, je me suis retrouv\u00e9e en pleurs : il correspondait [...]","protected":false},"author":1,"featured_media":0,"parent":803,"menu_order":6,"comment_status":"closed","ping_status":"closed","template":"charity-visual-composer.php","meta":{"_links_to":"","_links_to_target":""},"_links":{"self":[{"href":"https:\/\/associationonelove.org\/en\/wp-json\/wp\/v2\/pages\/1007"}],"collection":[{"href":"https:\/\/associationonelove.org\/en\/wp-json\/wp\/v2\/pages"}],"about":[{"href":"https:\/\/associationonelove.org\/en\/wp-json\/wp\/v2\/types\/page"}],"author":[{"embeddable":true,"href":"https:\/\/associationonelove.org\/en\/wp-json\/wp\/v2\/users\/1"}],"replies":[{"embeddable":true,"href":"https:\/\/associationonelove.org\/en\/wp-json\/wp\/v2\/comments?post=1007"}],"version-history":[{"count":13,"href":"https:\/\/associationonelove.org\/en\/wp-json\/wp\/v2\/pages\/1007\/revisions"}],"predecessor-version":[{"id":2300,"href":"https:\/\/associationonelove.org\/en\/wp-json\/wp\/v2\/pages\/1007\/revisions\/2300"}],"up":[{"embeddable":true,"href":"https:\/\/associationonelove.org\/en\/wp-json\/wp\/v2\/pages\/803"}],"wp:attachment":[{"href":"https:\/\/associationonelove.org\/en\/wp-json\/wp\/v2\/media?parent=1007"}],"curies":[{"name":"wp","href":"https:\/\/api.w.org\/{rel}","templated":true}]}}