{"id":1009,"date":"2016-01-29T17:40:34","date_gmt":"2016-01-29T16:40:34","guid":{"rendered":"http:\/\/associationonelove.org\/test\/?page_id=1009"},"modified":"2020-07-22T16:56:31","modified_gmt":"2020-07-22T15:56:31","slug":"gaelle-gravier","status":"publish","type":"page","link":"https:\/\/associationonelove.org\/en\/un-peu-de-nous\/gaelle-gravier\/","title":{"rendered":"Ga\u00eblle Gravier"},"content":{"rendered":"<div class=\"vc_row wpb_row vc_row-fluid\"><div class=\"no-padding wpb_column vc_column_container vc_col-sm-12 vc_col-has-fill\"><div class=\"vc_column-inner vc_custom_1467228482227\"><div class=\"wpb_wrapper\">\n\t<div class=\"wpb_raw_code wpb_content_element wpb_raw_html\">\n\t\t<div class=\"wpb_wrapper\">\n\t\t\t<div class=\"couv-profil\"><\/div>\n\t\t<\/div>\n\t<\/div>\n<\/div><\/div><\/div><\/div><div class=\"vc_row wpb_row vc_row-fluid vc_custom_1453576097451\"><div class=\"wpb_column vc_column_container vc_col-sm-12\"><div class=\"vc_column-inner\"><div class=\"wpb_wrapper\"><div class=\"vc_empty_space\"  style=\"height: 15px\" ><span class=\"vc_empty_space_inner\"><\/span><\/div>\n<\/div><\/div><\/div><\/div><div class=\"vc_row wpb_row vc_row-fluid\"><div class=\"wpb_column vc_column_container vc_col-sm-3\"><div class=\"vc_column-inner\"><div class=\"wpb_wrapper\">\n\t<div class=\"wpb_single_image wpb_content_element vc_align_left  vc_custom_1454086648929\">\n\t\t\n\t\t<figure class=\"wpb_wrapper vc_figure\">\n\t\t\t<div class=\"vc_single_image-wrapper   vc_box_border_grey\"><img width=\"200\" height=\"300\" src=\"https:\/\/associationonelove.org\/wp-content\/uploads\/2016\/01\/Gaelle-GRAVIER-portrait-200x300.jpg\" class=\"vc_single_image-img attachment-medium\" alt=\"\" decoding=\"async\" loading=\"lazy\" srcset=\"https:\/\/associationonelove.org\/wp-content\/uploads\/2016\/01\/Gaelle-GRAVIER-portrait-200x300.jpg 200w, https:\/\/associationonelove.org\/wp-content\/uploads\/2016\/01\/Gaelle-GRAVIER-portrait-768x1152.jpg 768w, https:\/\/associationonelove.org\/wp-content\/uploads\/2016\/01\/Gaelle-GRAVIER-portrait-682x1024.jpg 682w, https:\/\/associationonelove.org\/wp-content\/uploads\/2016\/01\/Gaelle-GRAVIER-portrait.jpg 933w\" sizes=\"(max-width: 200px) 100vw, 200px\" \/><\/div>\n\t\t<\/figure>\n\t<\/div>\n<\/div><\/div><\/div><div class=\"wpb_column vc_column_container vc_col-sm-6\"><div class=\"vc_column-inner\"><div class=\"wpb_wrapper\"><h2 style=\"text-align: left;font-family:Lato;font-weight:300;font-style:normal\" class=\"vc_custom_heading\">Ga\u00eblle GRAVIER<\/h2>\n\t<div class=\"wpb_text_column wpb_content_element\">\n\t\t<div class=\"wpb_wrapper\">\n\t\t\t<p style=\"text-align: justify;\">The One Love adventure is for me the answer to an aspiration that has long been in my heart: to help children in need. Our children are a gift from God and we have a responsibility to give them everything they need to grow up confidently into the adults they are called to be. To see them in pain is revolting to me. Loving them and showing them that love is the only solution. With One Love, I can do this in a concrete way.<\/p>\n<p style=\"text-align: justify;\">On this path I have met many people who have become my friends. Each one of them has something special on their heart, whether it is helping the homeless, bringing comfort to the sick, building a school in the DRC... We all have this love in common to share. And we will do it with joy and sometimes even with a little bit of madness!<\/p>\n<p style=\"text-align: justify;\">Fun Fact: I like pink hair, Star Wars and superheroes, acting crazy with my friends, speaking English, watching series in my pajamas on the couch with a comforter, and asking lots of questions!<\/p>\n\n\t\t<\/div>\n\t<\/div>\n<\/div><\/div><\/div><div class=\"wpb_column vc_column_container vc_col-sm-3\"><div class=\"vc_column-inner\"><div class=\"wpb_wrapper\"><\/div><\/div><\/div><\/div><div class=\"vc_row wpb_row vc_row-fluid\"><div class=\"wpb_column vc_column_container vc_col-sm-12\"><div class=\"vc_column-inner\"><div class=\"wpb_wrapper\"><div class=\"vc_empty_space\"  style=\"height: 30px\" ><span class=\"vc_empty_space_inner\"><\/span><\/div>\n<\/div><\/div><\/div><\/div>","protected":false},"excerpt":{"rendered":"Ga\u00eblle GRAVIER L'aventure One Love est pour moi la r\u00e9ponse \u00e0 une aspiration qui a longtemps \u00e9t\u00e9 dans mon coeur : celle\u00a0de venir en aide aux enfants en d\u00e9tresse. Nos enfants sont un cadeau de Dieu et nous avons la responsabilit\u00e9 de leur donner tout ce dont ils ont besoin pour grandir en confiance afin [...]","protected":false},"author":1,"featured_media":0,"parent":803,"menu_order":7,"comment_status":"closed","ping_status":"closed","template":"charity-visual-composer.php","meta":{"_links_to":"","_links_to_target":""},"_links":{"self":[{"href":"https:\/\/associationonelove.org\/en\/wp-json\/wp\/v2\/pages\/1009"}],"collection":[{"href":"https:\/\/associationonelove.org\/en\/wp-json\/wp\/v2\/pages"}],"about":[{"href":"https:\/\/associationonelove.org\/en\/wp-json\/wp\/v2\/types\/page"}],"author":[{"embeddable":true,"href":"https:\/\/associationonelove.org\/en\/wp-json\/wp\/v2\/users\/1"}],"replies":[{"embeddable":true,"href":"https:\/\/associationonelove.org\/en\/wp-json\/wp\/v2\/comments?post=1009"}],"version-history":[{"count":14,"href":"https:\/\/associationonelove.org\/en\/wp-json\/wp\/v2\/pages\/1009\/revisions"}],"predecessor-version":[{"id":2301,"href":"https:\/\/associationonelove.org\/en\/wp-json\/wp\/v2\/pages\/1009\/revisions\/2301"}],"up":[{"embeddable":true,"href":"https:\/\/associationonelove.org\/en\/wp-json\/wp\/v2\/pages\/803"}],"wp:attachment":[{"href":"https:\/\/associationonelove.org\/en\/wp-json\/wp\/v2\/media?parent=1009"}],"curies":[{"name":"wp","href":"https:\/\/api.w.org\/{rel}","templated":true}]}}