{"id":1012,"date":"2016-01-29T17:42:20","date_gmt":"2016-01-29T16:42:20","guid":{"rendered":"http:\/\/associationonelove.org\/test\/?page_id=1012"},"modified":"2020-07-22T16:54:48","modified_gmt":"2020-07-22T15:54:48","slug":"kanda-kabangu","status":"publish","type":"page","link":"https:\/\/associationonelove.org\/en\/un-peu-de-nous\/kanda-kabangu\/","title":{"rendered":"Kanda Kabangu"},"content":{"rendered":"<div class=\"vc_row wpb_row vc_row-fluid\"><div class=\"no-padding wpb_column vc_column_container vc_col-sm-12 vc_col-has-fill\"><div class=\"vc_column-inner vc_custom_1467228495449\"><div class=\"wpb_wrapper\">\n\t<div class=\"wpb_raw_code wpb_content_element wpb_raw_html\">\n\t\t<div class=\"wpb_wrapper\">\n\t\t\t<div class=\"couv-profil\"><\/div>\n\t\t<\/div>\n\t<\/div>\n<\/div><\/div><\/div><\/div><div class=\"vc_row wpb_row vc_row-fluid vc_custom_1453576097451\"><div class=\"wpb_column vc_column_container vc_col-sm-12\"><div class=\"vc_column-inner\"><div class=\"wpb_wrapper\"><div class=\"vc_empty_space\"  style=\"height: 15px\" ><span class=\"vc_empty_space_inner\"><\/span><\/div>\n<\/div><\/div><\/div><\/div><div class=\"vc_row wpb_row vc_row-fluid\"><div class=\"wpb_column vc_column_container vc_col-sm-3\"><div class=\"vc_column-inner\"><div class=\"wpb_wrapper\">\n\t<div class=\"wpb_single_image wpb_content_element vc_align_left  vc_custom_1454086759307\">\n\t\t\n\t\t<figure class=\"wpb_wrapper vc_figure\">\n\t\t\t<div class=\"vc_single_image-wrapper   vc_box_border_grey\"><img width=\"200\" height=\"300\" src=\"https:\/\/associationonelove.org\/wp-content\/uploads\/2016\/01\/Kanda-KABANGU-portrait-200x300.jpg\" class=\"vc_single_image-img attachment-medium\" alt=\"\" decoding=\"async\" loading=\"lazy\" srcset=\"https:\/\/associationonelove.org\/wp-content\/uploads\/2016\/01\/Kanda-KABANGU-portrait-200x300.jpg 200w, https:\/\/associationonelove.org\/wp-content\/uploads\/2016\/01\/Kanda-KABANGU-portrait-768x1152.jpg 768w, https:\/\/associationonelove.org\/wp-content\/uploads\/2016\/01\/Kanda-KABANGU-portrait-682x1024.jpg 682w, https:\/\/associationonelove.org\/wp-content\/uploads\/2016\/01\/Kanda-KABANGU-portrait.jpg 933w\" sizes=\"(max-width: 200px) 100vw, 200px\" \/><\/div>\n\t\t<\/figure>\n\t<\/div>\n<\/div><\/div><\/div><div class=\"wpb_column vc_column_container vc_col-sm-6\"><div class=\"vc_column-inner\"><div class=\"wpb_wrapper\"><h2 style=\"text-align: left;font-family:Lato;font-weight:300;font-style:normal\" class=\"vc_custom_heading\">Kanda KABANGU<\/h2>\n\t<div class=\"wpb_text_column wpb_content_element\">\n\t\t<div class=\"wpb_wrapper\">\n\t\t\t<p style=\"text-align: justify;\">My wife and I are the founders of One Love.<br \/>\nHowever, One Love has not been my work, it is the work of our team. I don't feel like I have achieved anything, my only achievement to date is to ensure the vision, the direction we are taking together. I have learned, however, that you can be the initiator of a vision and carry it together with others. It is very difficult to travel miles alone, and as one says: alone we go fast, together we go far! It is therefore necessary to be careful because one could be badly accompanied, my wife and I have blessed with attracting numerous extraordinary and competent people! Thanks to this team, we are not alone in carrying this project. It would have been too much for both of us. One Love has taught me the necessity, the richness and the strength of having a team that runs for the same vision, driven by love.<\/p>\n<p style=\"text-align: justify;\">I also learned to trust my ideas. With all the members of One Love, we form a team where everyone brings their own proposals. We have the chance to listen to each other and to consider each other. This has served to strengthen me, to give me more confidence.<\/p>\n<p style=\"text-align: justify;\">I also learned to trust my ideas. With all the members of One Love, we form a team where everyone brings their own proposals. We have the chance to listen to each other and to consider each other. This has served to strengthen me, to give me more confidence.<\/p>\n<p style=\"text-align: justify;\">My hobbies: I like a lot of things. Travel, music, sports, like many people I think, but more than all that I love people!<\/p>\n\n\t\t<\/div>\n\t<\/div>\n<\/div><\/div><\/div><div class=\"wpb_column vc_column_container vc_col-sm-3\"><div class=\"vc_column-inner\"><div class=\"wpb_wrapper\"><\/div><\/div><\/div><\/div><div class=\"vc_row wpb_row vc_row-fluid\"><div class=\"wpb_column vc_column_container vc_col-sm-12\"><div class=\"vc_column-inner\"><div class=\"wpb_wrapper\"><div class=\"vc_empty_space\"  style=\"height: 30px\" ><span class=\"vc_empty_space_inner\"><\/span><\/div>\n<\/div><\/div><\/div><\/div>","protected":false},"excerpt":{"rendered":"Kanda KABANGU Ma femme et moi sommes les fondateurs de One Love. Cependant One Love aujourd'hui n'est pas mon oeuvre, c'est celle de notre \u00e9quipe. Je n'ai d'ailleurs pas l'impression d'avoir r\u00e9alis\u00e9 quelque\u00a0chose, ma seule r\u00e9alisation serait \u00e0 ce jour, et elle n'est pas encore achev\u00e9e, de m'assurer de la vision, de la direction que [...]","protected":false},"author":1,"featured_media":0,"parent":803,"menu_order":8,"comment_status":"closed","ping_status":"closed","template":"charity-visual-composer.php","meta":{"_links_to":"","_links_to_target":""},"_links":{"self":[{"href":"https:\/\/associationonelove.org\/en\/wp-json\/wp\/v2\/pages\/1012"}],"collection":[{"href":"https:\/\/associationonelove.org\/en\/wp-json\/wp\/v2\/pages"}],"about":[{"href":"https:\/\/associationonelove.org\/en\/wp-json\/wp\/v2\/types\/page"}],"author":[{"embeddable":true,"href":"https:\/\/associationonelove.org\/en\/wp-json\/wp\/v2\/users\/1"}],"replies":[{"embeddable":true,"href":"https:\/\/associationonelove.org\/en\/wp-json\/wp\/v2\/comments?post=1012"}],"version-history":[{"count":15,"href":"https:\/\/associationonelove.org\/en\/wp-json\/wp\/v2\/pages\/1012\/revisions"}],"predecessor-version":[{"id":2298,"href":"https:\/\/associationonelove.org\/en\/wp-json\/wp\/v2\/pages\/1012\/revisions\/2298"}],"up":[{"embeddable":true,"href":"https:\/\/associationonelove.org\/en\/wp-json\/wp\/v2\/pages\/803"}],"wp:attachment":[{"href":"https:\/\/associationonelove.org\/en\/wp-json\/wp\/v2\/media?parent=1012"}],"curies":[{"name":"wp","href":"https:\/\/api.w.org\/{rel}","templated":true}]}}