{"id":1017,"date":"2016-01-29T17:47:13","date_gmt":"2016-01-29T16:47:13","guid":{"rendered":"http:\/\/associationonelove.org\/test\/?page_id=1017"},"modified":"2020-07-22T16:57:17","modified_gmt":"2020-07-22T15:57:17","slug":"patricia-meri","status":"publish","type":"page","link":"https:\/\/associationonelove.org\/en\/un-peu-de-nous\/patricia-meri\/","title":{"rendered":"Patricia Meri"},"content":{"rendered":"<div class=\"vc_row wpb_row vc_row-fluid\"><div class=\"no-padding wpb_column vc_column_container vc_col-sm-12 vc_col-has-fill\"><div class=\"vc_column-inner vc_custom_1467228531912\"><div class=\"wpb_wrapper\">\n\t<div class=\"wpb_raw_code wpb_content_element wpb_raw_html\">\n\t\t<div class=\"wpb_wrapper\">\n\t\t\t<div class=\"couv-profil\"><\/div>\n\t\t<\/div>\n\t<\/div>\n<\/div><\/div><\/div><\/div><div class=\"vc_row wpb_row vc_row-fluid vc_custom_1453576097451\"><div class=\"wpb_column vc_column_container vc_col-sm-12\"><div class=\"vc_column-inner\"><div class=\"wpb_wrapper\"><div class=\"vc_empty_space\"  style=\"height: 15px\" ><span class=\"vc_empty_space_inner\"><\/span><\/div>\n<\/div><\/div><\/div><\/div><div class=\"vc_row wpb_row vc_row-fluid\"><div class=\"wpb_column vc_column_container vc_col-sm-3\"><div class=\"vc_column-inner\"><div class=\"wpb_wrapper\">\n\t<div class=\"wpb_single_image wpb_content_element vc_align_left  vc_custom_1454087041889\">\n\t\t\n\t\t<figure class=\"wpb_wrapper vc_figure\">\n\t\t\t<div class=\"vc_single_image-wrapper   vc_box_border_grey\"><img width=\"200\" height=\"300\" src=\"https:\/\/associationonelove.org\/wp-content\/uploads\/2016\/01\/Patricia-MERI-portrait-200x300.jpg\" class=\"vc_single_image-img attachment-medium\" alt=\"\" decoding=\"async\" loading=\"lazy\" srcset=\"https:\/\/associationonelove.org\/wp-content\/uploads\/2016\/01\/Patricia-MERI-portrait-200x300.jpg 200w, https:\/\/associationonelove.org\/wp-content\/uploads\/2016\/01\/Patricia-MERI-portrait-768x1152.jpg 768w, https:\/\/associationonelove.org\/wp-content\/uploads\/2016\/01\/Patricia-MERI-portrait-682x1024.jpg 682w, https:\/\/associationonelove.org\/wp-content\/uploads\/2016\/01\/Patricia-MERI-portrait.jpg 933w\" sizes=\"(max-width: 200px) 100vw, 200px\" \/><\/div>\n\t\t<\/figure>\n\t<\/div>\n<\/div><\/div><\/div><div class=\"wpb_column vc_column_container vc_col-sm-6\"><div class=\"vc_column-inner\"><div class=\"wpb_wrapper\"><h2 style=\"text-align: left;font-family:Lato;font-weight:300;font-style:normal\" class=\"vc_custom_heading\">Patricia MERI<\/h2>\n\t<div class=\"wpb_text_column wpb_content_element\">\n\t\t<div class=\"wpb_wrapper\">\n\t\t\t<p style=\"text-align: justify;\">I got to know One Love about a year after its creation, during a presentation made by Ma\u00eft\u00e9 and Kanda. I decided to join the association because their project corresponded to a dream I had since I was a teenager: to concretely help the children living in the streets in one of my country of origin, the Congo.<\/p>\n<p style=\"text-align: justify;\">While working with One Love, I realized that marginalized people simply appreciate being offered time, attention and love. And they are worth it !<\/p>\n<p style=\"text-align: justify;\">I was also able to create a choir within the organization in collaboration with a very talented choir director, Sara. We worked on building our repertoire and our goal was to go to retirement homes, hospitals, homes for the disabled ... to bring them love through music. That's also what love is about !<\/p>\n<p style=\"text-align: justify;\">My hobbies: I love God, I love people, I love discovering other cultures, I love talking, I simply love life !<\/p>\n\n\t\t<\/div>\n\t<\/div>\n<\/div><\/div><\/div><div class=\"wpb_column vc_column_container vc_col-sm-3\"><div class=\"vc_column-inner\"><div class=\"wpb_wrapper\"><\/div><\/div><\/div><\/div><div class=\"vc_row wpb_row vc_row-fluid\"><div class=\"wpb_column vc_column_container vc_col-sm-12\"><div class=\"vc_column-inner\"><div class=\"wpb_wrapper\"><div class=\"vc_empty_space\"  style=\"height: 30px\" ><span class=\"vc_empty_space_inner\"><\/span><\/div>\n<\/div><\/div><\/div><\/div>","protected":false},"excerpt":{"rendered":"Patricia MERI J'ai connu One Love \u00e0 peu pr\u00e8s un an apr\u00e8s sa cr\u00e9ation, lors d'une pr\u00e9sentation faite par Ma\u00eft\u00e9 et Kanda. J'ai d\u00e9cid\u00e9 de rejoindre l'association car leur projet correspond tout \u00e0 fait \u00e0 un r\u00eave qui \u00e9tait enfoui en moi depuis mon adolescence : aider concr\u00e8tement les enfants vivant dans la rue dans [...]","protected":false},"author":1,"featured_media":0,"parent":803,"menu_order":11,"comment_status":"closed","ping_status":"closed","template":"charity-visual-composer.php","meta":{"_links_to":"","_links_to_target":""},"_links":{"self":[{"href":"https:\/\/associationonelove.org\/en\/wp-json\/wp\/v2\/pages\/1017"}],"collection":[{"href":"https:\/\/associationonelove.org\/en\/wp-json\/wp\/v2\/pages"}],"about":[{"href":"https:\/\/associationonelove.org\/en\/wp-json\/wp\/v2\/types\/page"}],"author":[{"embeddable":true,"href":"https:\/\/associationonelove.org\/en\/wp-json\/wp\/v2\/users\/1"}],"replies":[{"embeddable":true,"href":"https:\/\/associationonelove.org\/en\/wp-json\/wp\/v2\/comments?post=1017"}],"version-history":[{"count":15,"href":"https:\/\/associationonelove.org\/en\/wp-json\/wp\/v2\/pages\/1017\/revisions"}],"predecessor-version":[{"id":2303,"href":"https:\/\/associationonelove.org\/en\/wp-json\/wp\/v2\/pages\/1017\/revisions\/2303"}],"up":[{"embeddable":true,"href":"https:\/\/associationonelove.org\/en\/wp-json\/wp\/v2\/pages\/803"}],"wp:attachment":[{"href":"https:\/\/associationonelove.org\/en\/wp-json\/wp\/v2\/media?parent=1017"}],"curies":[{"name":"wp","href":"https:\/\/api.w.org\/{rel}","templated":true}]}}