{"id":1408,"date":"2016-04-22T18:09:11","date_gmt":"2016-04-22T17:09:11","guid":{"rendered":"http:\/\/associationonelove.org\/test\/?page_id=1408"},"modified":"2022-10-13T19:27:52","modified_gmt":"2022-10-13T18:27:52","slug":"education-rdc","status":"publish","type":"page","link":"https:\/\/associationonelove.org\/en\/actions\/education-rdc\/","title":{"rendered":"Une p\u00e9dagogie innovante"},"content":{"rendered":"<div class=\"vc_row wpb_row vc_row-fluid\"><div class=\"no-padding wpb_column vc_column_container vc_col-sm-12 vc_col-has-fill\"><div class=\"vc_column-inner vc_custom_1467227620131\"><div class=\"wpb_wrapper\">\n\t<div class=\"wpb_raw_code wpb_content_element wpb_raw_html\">\n\t\t<div class=\"wpb_wrapper\">\n\t\t\t<div class=\"couv-profil\"> <\/div>\n\t\t<\/div>\n\t<\/div>\n<\/div><\/div><\/div><\/div><div class=\"vc_row wpb_row vc_row-fluid\"><div class=\"wpb_column vc_column_container vc_col-sm-12\"><div class=\"vc_column-inner\"><div class=\"wpb_wrapper\">\n\t<div class=\"wpb_text_column wpb_content_element  paragraphe\">\n\t\t<div class=\"wpb_wrapper\">\n\t\t\t<blockquote>\n<h1>Innovative pedagogy for quality education<\/h1>\n<\/blockquote>\n<h3>The goals<\/h3>\n<p><strong>We believe<\/strong> that every child in the Democratic Republic of Congo (DRC) should have access to a quality education that will give them the opportunity to achieve their dreams and participate in the development of their country.<\/p>\n<p><strong>Our mission<\/strong> will be to build a pilot school offering an innovative pedagogy within the One Love Home Base in Kasangulu. This school aims to become a reference for schools in the DRC and to create a model that can be reproduced in the rest of the country.<\/p>\n<p><strong>Our three main objectives are,<\/strong> in relation to the problems observed during our field studies :<\/p>\n<ul>\n<li>The construction of a new nursery and elementary school to overcome the drawbacks of infrastructure. This phase should be done progressively.<\/li>\n<li>The implementation of a training program to improve the efficiency of teachers.<\/li>\n<li>La mise en place d\u2019un syst\u00e8me de liaison avec les parents pour renforcer leur int\u00e9gration dans le parcours de leurs enfants.<\/li>\n<\/ul>\n<h3>The latest news<\/h3>\n<p>Following the soil study carried out on the land purchased in Kasangulu, 30 minutes from Kinshasa, we are currently working with an architect that accompanies us in the plans and further construction of the One Love Home Base beginning with the school.<\/p>\n<p style=\"text-align: left;\"><img decoding=\"async\" loading=\"lazy\" class=\"size-full wp-image-1405\" src=\"http:\/\/associationonelove.org\/wp-content\/uploads\/2016\/04\/Kasangulu.jpg\" alt=\"Kasangulu\" width=\"1040\" height=\"584\" srcset=\"https:\/\/associationonelove.org\/wp-content\/uploads\/2016\/04\/Kasangulu.jpg 1040w, https:\/\/associationonelove.org\/wp-content\/uploads\/2016\/04\/Kasangulu-300x168.jpg 300w, https:\/\/associationonelove.org\/wp-content\/uploads\/2016\/04\/Kasangulu-768x431.jpg 768w, https:\/\/associationonelove.org\/wp-content\/uploads\/2016\/04\/Kasangulu-1024x575.jpg 1024w\" sizes=\"(max-width: 1040px) 100vw, 1040px\" \/><\/p>\n<p style=\"text-align: center;\"><em>View from our land in Kasangulu<\/em><\/p>\n<h3 style=\"text-align: left;\">Project Managers<\/h3>\n\n\t\t<\/div>\n\t<\/div>\n<\/div><\/div><\/div><\/div><div class=\"vc_row wpb_row vc_row-fluid\"><div class=\"wpb_column vc_column_container vc_col-sm-12\"><div class=\"vc_column-inner\"><div class=\"wpb_wrapper\"><div class=\"vc_empty_space\"  style=\"height: 55px\" ><span class=\"vc_empty_space_inner\"><\/span><\/div>\n<\/div><\/div><\/div><\/div><div class=\"vc_row wpb_row vc_row-fluid\"><div class=\"wpb_column vc_column_container vc_col-sm-4\"><div class=\"vc_column-inner\"><div class=\"wpb_wrapper\">\n\t<div class=\"wpb_single_image wpb_content_element vc_align_center   paragraphe\">\n\t\t\n\t\t<figure class=\"wpb_wrapper vc_figure\">\n\t\t\t<a href=\"mailto:maite.kabangu@associationonelove.org\" target=\"_blank\" class=\"vc_single_image-wrapper   vc_box_border_grey\"><img width=\"200\" height=\"300\" src=\"https:\/\/associationonelove.org\/wp-content\/uploads\/2016\/01\/Maite-CHAUDRON-portrait-200x300.jpg\" class=\"vc_single_image-img attachment-medium\" alt=\"\" decoding=\"async\" loading=\"lazy\" srcset=\"https:\/\/associationonelove.org\/wp-content\/uploads\/2016\/01\/Maite-CHAUDRON-portrait-200x300.jpg 200w, https:\/\/associationonelove.org\/wp-content\/uploads\/2016\/01\/Maite-CHAUDRON-portrait-768x1152.jpg 768w, https:\/\/associationonelove.org\/wp-content\/uploads\/2016\/01\/Maite-CHAUDRON-portrait-682x1024.jpg 682w, https:\/\/associationonelove.org\/wp-content\/uploads\/2016\/01\/Maite-CHAUDRON-portrait.jpg 933w\" sizes=\"(max-width: 200px) 100vw, 200px\" \/><\/a><figcaption class=\"vc_figure-caption\">Maite KABANGU<\/figcaption>\n\t\t<\/figure>\n\t<\/div>\n<\/div><\/div><\/div><div class=\"wpb_column vc_column_container vc_col-sm-4\"><div class=\"vc_column-inner\"><div class=\"wpb_wrapper\">\n\t<div class=\"wpb_single_image wpb_content_element vc_align_center   paragraphe\">\n\t\t\n\t\t<figure class=\"wpb_wrapper vc_figure\">\n\t\t\t<a href=\"mailto:kanda.kabangu@associationonelove.org\" target=\"_blank\" class=\"vc_single_image-wrapper   vc_box_border_grey\"><img width=\"200\" height=\"300\" src=\"https:\/\/associationonelove.org\/wp-content\/uploads\/2016\/01\/Kanda-KABANGU-portrait-200x300.jpg\" class=\"vc_single_image-img attachment-medium\" alt=\"\" decoding=\"async\" loading=\"lazy\" srcset=\"https:\/\/associationonelove.org\/wp-content\/uploads\/2016\/01\/Kanda-KABANGU-portrait-200x300.jpg 200w, https:\/\/associationonelove.org\/wp-content\/uploads\/2016\/01\/Kanda-KABANGU-portrait-768x1152.jpg 768w, https:\/\/associationonelove.org\/wp-content\/uploads\/2016\/01\/Kanda-KABANGU-portrait-682x1024.jpg 682w, https:\/\/associationonelove.org\/wp-content\/uploads\/2016\/01\/Kanda-KABANGU-portrait.jpg 933w\" sizes=\"(max-width: 200px) 100vw, 200px\" \/><\/a><figcaption class=\"vc_figure-caption\">Kanda KABANGU<\/figcaption>\n\t\t<\/figure>\n\t<\/div>\n<\/div><\/div><\/div><div class=\"wpb_column vc_column_container vc_col-sm-4\"><div class=\"vc_column-inner\"><div class=\"wpb_wrapper\">\n\t<div class=\"wpb_single_image wpb_content_element vc_align_center   paragraphe\">\n\t\t\n\t\t<figure class=\"wpb_wrapper vc_figure\">\n\t\t\t<a href=\"mailto:marie-anne.goury@associationonelove.org\" target=\"_blank\" class=\"vc_single_image-wrapper   vc_box_border_grey\"><img width=\"200\" height=\"300\" src=\"https:\/\/associationonelove.org\/wp-content\/uploads\/2016\/01\/Marie-Anne-GOURY-portrait-200x300.jpg\" class=\"vc_single_image-img attachment-medium\" alt=\"\" decoding=\"async\" loading=\"lazy\" srcset=\"https:\/\/associationonelove.org\/wp-content\/uploads\/2016\/01\/Marie-Anne-GOURY-portrait-200x300.jpg 200w, https:\/\/associationonelove.org\/wp-content\/uploads\/2016\/01\/Marie-Anne-GOURY-portrait-768x1152.jpg 768w, https:\/\/associationonelove.org\/wp-content\/uploads\/2016\/01\/Marie-Anne-GOURY-portrait-682x1024.jpg 682w, https:\/\/associationonelove.org\/wp-content\/uploads\/2016\/01\/Marie-Anne-GOURY-portrait.jpg 933w\" sizes=\"(max-width: 200px) 100vw, 200px\" \/><\/a><figcaption class=\"vc_figure-caption\">Marie-Anne GOURY<\/figcaption>\n\t\t<\/figure>\n\t<\/div>\n<\/div><\/div><\/div><\/div><div class=\"vc_row wpb_row vc_row-fluid\"><div class=\"wpb_column vc_column_container vc_col-sm-12\"><div class=\"vc_column-inner\"><div class=\"wpb_wrapper\"><div class=\"vc_empty_space\"  style=\"height: 32px\" ><span class=\"vc_empty_space_inner\"><\/span><\/div>\n<\/div><\/div><\/div><\/div><div class=\"vc_row wpb_row vc_row-fluid\"><div class=\"wpb_column vc_column_container vc_col-sm-12\"><div class=\"vc_column-inner\"><div class=\"wpb_wrapper\"><section class=\"vc_cta3-container\">\n\t<div class=\"vc_general vc_cta3 paragraphe vc_cta3-style-flat vc_cta3-shape-square vc_cta3-align-left vc_cta3-color-black vc_cta3-icon-size-md vc_cta3-actions-bottom vc_custom_1603368240326\">\n\t\t\t\t\t\t<div class=\"vc_cta3_content-container\">\n\t\t\t\t\t\t\t\t\t<div class=\"vc_cta3-content\">\n\t\t\t\t<header class=\"vc_cta3-content-header\">\n\t\t\t\t\t<h2>You want to support us ?<\/h2>\t\t\t\t\t\t\t\t\t<\/header>\n\t\t\t\t<p><span style=\"color: #000000;\">Rien de plus simple ! Vous pouvez nous faire un don pour participer aux frais de construction de l\u2019\u00e9cole et atteindre notre objectif en cliquant sur le bouton ci-dessous. Et si vous avez \u00e0 coeur de nous faire un don en nature, mettre \u00e0 disposition vos comp\u00e9tences ou tout autre chose, n\u2019h\u00e9sitez pas \u00e0 contacter un des responsables.<\/span><\/p>\n<p><span style=\"color: #000000;\">Thank you for your trust !<\/span><\/p>\n\t\t\t<\/div>\n\t\t\t<div class=\"vc_cta3-actions\"><div class=\"vc_btn3-container vc_btn3-inline\"><a class=\"vc_general vc_btn3 vc_btn3-size-lg vc_btn3-shape-square vc_btn3-style-flat vc_btn3-color-white\" href=\"https:\/\/associationonelove.org\/en\/infos-dons\/\" title=\"Donate\" target=\"_blank\">Donate<\/a><\/div>\n<\/div>\t\t\t\t\t<\/div>\n\t\t\t\t\t<\/div>\n<\/section>\n\n<\/div><\/div><\/div><\/div><div class=\"vc_row wpb_row vc_row-fluid\"><div class=\"wpb_column vc_column_container vc_col-sm-12\"><div class=\"vc_column-inner\"><div class=\"wpb_wrapper\"><div class=\"vc_empty_space\"  style=\"height: 32px\" ><span class=\"vc_empty_space_inner\"><\/span><\/div>\n<\/div><\/div><\/div><\/div><div class=\"vc_row wpb_row vc_row-fluid\"><div class=\"wpb_column vc_column_container vc_col-sm-12\"><div class=\"vc_column-inner\"><div class=\"wpb_wrapper\">\n\t<div class=\"wpb_text_column wpb_content_element  paragraphe\">\n\t\t<div class=\"wpb_wrapper\">\n\t\t\t<h3>Our actions<\/h3>\n<p><a href=\"https:\/\/associationonelove.org\/en\/actions\/projet-makala\/\" target=\"_blank\">Valorization and literacy program for young people in correctional facilities<\/a><br \/>\n<a href=\"https:\/\/associationonelove.org\/en\/actions\/one-love-house\/\" target=\"_blank\">A house full of love for abandoned children<\/a><br \/>\n<a href=\"https:\/\/associationonelove.org\/en\/actions\/centre-aere\/\" target=\"_blank\">A day-care center for street children<\/a><\/p>\n\n\t\t<\/div>\n\t<\/div>\n<\/div><\/div><\/div><\/div><div class=\"vc_row wpb_row vc_row-fluid\"><div class=\"wpb_column vc_column_container vc_col-sm-12\"><div class=\"vc_column-inner\"><div class=\"wpb_wrapper\"><div class=\"vc_empty_space\"  style=\"height: 32px\" ><span class=\"vc_empty_space_inner\"><\/span><\/div>\n<\/div><\/div><\/div><\/div>","protected":false},"excerpt":{"rendered":"Une p\u00e9dagogie innovante pour une \u00e9ducation de qualit\u00e9 Les objectifs Nous croyons que chaque enfant de la R\u00e9publique D\u00e9mocratique du Congo (RDC) devrait pouvoir acc\u00e9der \u00e0 une \u00e9ducation de qualit\u00e9 qui lui donnera toutes les chances pour atteindre son r\u00eave et participer au d\u00e9veloppement de son pays. Notre mission sera donc de construire une \u00e9cole [...]","protected":false},"author":1,"featured_media":0,"parent":712,"menu_order":0,"comment_status":"closed","ping_status":"closed","template":"charity-visual-composer.php","meta":{"_links_to":"","_links_to_target":""},"_links":{"self":[{"href":"https:\/\/associationonelove.org\/en\/wp-json\/wp\/v2\/pages\/1408"}],"collection":[{"href":"https:\/\/associationonelove.org\/en\/wp-json\/wp\/v2\/pages"}],"about":[{"href":"https:\/\/associationonelove.org\/en\/wp-json\/wp\/v2\/types\/page"}],"author":[{"embeddable":true,"href":"https:\/\/associationonelove.org\/en\/wp-json\/wp\/v2\/users\/1"}],"replies":[{"embeddable":true,"href":"https:\/\/associationonelove.org\/en\/wp-json\/wp\/v2\/comments?post=1408"}],"version-history":[{"count":44,"href":"https:\/\/associationonelove.org\/en\/wp-json\/wp\/v2\/pages\/1408\/revisions"}],"predecessor-version":[{"id":2511,"href":"https:\/\/associationonelove.org\/en\/wp-json\/wp\/v2\/pages\/1408\/revisions\/2511"}],"up":[{"embeddable":true,"href":"https:\/\/associationonelove.org\/en\/wp-json\/wp\/v2\/pages\/712"}],"wp:attachment":[{"href":"https:\/\/associationonelove.org\/en\/wp-json\/wp\/v2\/media?parent=1408"}],"curies":[{"name":"wp","href":"https:\/\/api.w.org\/{rel}","templated":true}]}}