{"id":712,"date":"2016-01-18T11:39:31","date_gmt":"2016-01-18T10:39:31","guid":{"rendered":"http:\/\/associationonelove.org\/test\/?page_id=712"},"modified":"2022-10-06T21:11:50","modified_gmt":"2022-10-06T20:11:50","slug":"actions","status":"publish","type":"page","link":"https:\/\/associationonelove.org\/en\/actions\/","title":{"rendered":"Programs"},"content":{"rendered":"<div class=\"vc_row wpb_row vc_row-fluid\"><div class=\"wpb_column vc_column_container vc_col-sm-12 vc_col-has-fill\"><div class=\"vc_column-inner vc_custom_1467845106079\"><div class=\"wpb_wrapper\">\n\t<div class=\"wpb_text_column wpb_content_element\">\n\t\t<div class=\"wpb_wrapper\">\n\t\t\t<h1 style=\"padding: 33px 0px 55px; text-align: center; font-weight: bold; color: #ffffff;\"><\/h1>\n\n\t\t<\/div>\n\t<\/div>\n<\/div><\/div><\/div><\/div><div class=\"vc_row wpb_row vc_row-fluid\"><div class=\"wpb_column vc_column_container vc_col-sm-12\"><div class=\"vc_column-inner\"><div class=\"wpb_wrapper\"><div style=\"font-size: 20px;color: #000000;line-height: 5;text-align: center;font-family:Lato;font-weight:400;font-style:italic\" class=\"vc_custom_heading vc_custom_1466681900581\">\"We carry out our actions and choose our partners in accordance with our values\"<\/div><\/div><\/div><\/div><\/div><div class=\"vc_row wpb_row vc_row-fluid\"><div class=\"wpb_column vc_column_container vc_col-sm-3\"><div class=\"vc_column-inner\"><div class=\"wpb_wrapper\"><div\n\tclass=\"vc_icon_element vc_icon_element-outer vc_custom_1466680230850 vc_icon_element-align-center vc_icon_element-have-style\">\n\t<div class=\"vc_icon_element-inner vc_icon_element-color-custom vc_icon_element-have-style-inner vc_icon_element-size-xl vc_icon_element-style-boxed vc_icon_element-background vc_icon_element-background-color-white\"><span class=\"vc_icon_element-icon fa fa-heart-o\" style=\"color:#ffb119 !important\"><\/span><\/div>\n<\/div>\n\n\t<div class=\"wpb_text_column wpb_content_element\">\n\t\t<div class=\"wpb_wrapper\">\n\t\t\t<h4 style=\"text-align: center;\">\u00a0Our vision<\/h4>\n<p style=\"text-align: center;\">Love is a basic human need. Every person who is excluded should be able to satisfy this need to be loved.<\/p>\n\n\t\t<\/div>\n\t<\/div>\n<\/div><\/div><\/div><div class=\"wpb_column vc_column_container vc_col-sm-3\"><div class=\"vc_column-inner\"><div class=\"wpb_wrapper\"><div\n\tclass=\"vc_icon_element vc_icon_element-outer vc_icon_element-align-center vc_icon_element-have-style\">\n\t<div class=\"vc_icon_element-inner vc_icon_element-color-custom vc_icon_element-have-style-inner vc_icon_element-size-xl vc_icon_element-style-boxed vc_icon_element-background vc_icon_element-background-color-white\"><span class=\"vc_icon_element-icon fa fa-bell-o\" style=\"color:#ffb119 !important\"><\/span><\/div>\n<\/div>\n\n\t<div class=\"wpb_text_column wpb_content_element\">\n\t\t<div class=\"wpb_wrapper\">\n\t\t\t<h4 style=\"text-align: center;\">Our mission<\/h4>\n<p style=\"text-align: center;\">Carrying out projects in the Democratic Republic of Congo that aim to empower marginalized populations, particularly children.<\/p>\n\n\t\t<\/div>\n\t<\/div>\n<\/div><\/div><\/div><div class=\"wpb_column vc_column_container vc_col-sm-3\"><div class=\"vc_column-inner\"><div class=\"wpb_wrapper\"><div\n\tclass=\"vc_icon_element vc_icon_element-outer vc_icon_element-align-center vc_icon_element-have-style\">\n\t<div class=\"vc_icon_element-inner vc_icon_element-color-custom vc_icon_element-have-style-inner vc_icon_element-size-xl vc_icon_element-style-boxed vc_icon_element-background vc_icon_element-background-color-white\"><span class=\"vc_icon_element-icon fa fa-paper-plane-o\" style=\"color:#ffb119 !important\"><\/span><\/div>\n<\/div>\n\n\t<div class=\"wpb_text_column wpb_content_element\">\n\t\t<div class=\"wpb_wrapper\">\n\t\t\t<h4 style=\"text-align: center;\">Our goals<\/h4>\n<p style=\"text-align: center;\">-Enable excluded people to have access to a decent way of life through education, social and health actions.<br \/>\n-Enable excluded people to have access to a decent way of life through education, social and health actions.<br \/>\n-Supporting beneficiaries in their professional and\/or personal development.<\/p>\n\n\t\t<\/div>\n\t<\/div>\n<\/div><\/div><\/div><div class=\"wpb_column vc_column_container vc_col-sm-3\"><div class=\"vc_column-inner\"><div class=\"wpb_wrapper\"><div\n\tclass=\"vc_icon_element vc_icon_element-outer vc_icon_element-align-center vc_icon_element-have-style\">\n\t<div class=\"vc_icon_element-inner vc_icon_element-color-custom vc_icon_element-have-style-inner vc_icon_element-size-xl vc_icon_element-style-boxed vc_icon_element-background vc_icon_element-background-color-white\"><span class=\"vc_icon_element-icon fa fa-smile-o\" style=\"color:#ffb119 !important\"><\/span><\/div>\n<\/div>\n\n\t<div class=\"wpb_text_column wpb_content_element\">\n\t\t<div class=\"wpb_wrapper\">\n\t\t\t<h4 style=\"text-align: center;\">Our values<\/h4>\n<p style=\"text-align: center;\">To love our neigbor as ourself.\nTo believe in the impossible.\nTo conduct our actions with respect for the environment.<\/p>\n\n\t\t<\/div>\n\t<\/div>\n<\/div><\/div><\/div><\/div><div class=\"vc_row wpb_row vc_row-fluid vc_custom_1466680968195 vc_row-has-fill\"><div class=\"wpb_column vc_column_container vc_col-sm-12\"><div class=\"vc_column-inner\"><div class=\"wpb_wrapper\">\n\t<div class=\"wpb_text_column wpb_content_element\">\n\t\t<div class=\"wpb_wrapper\">\n\t\t\t<h2 style=\"text-align: center; color: white; padding: 0px 0 20px;\"><span style=\"color: #ffffff;\">Our actions<\/span><\/h2>\n\n\t\t<\/div>\n\t<\/div>\n<\/div><\/div><\/div><\/div><div data-vc-full-width=\"true\" data-vc-full-width-init=\"false\" data-vc-stretch-content=\"true\" class=\"vc_row wpb_row vc_row-fluid vc_row-no-padding\"><div class=\"no-padding wpb_column vc_column_container vc_col-sm-6\"><div class=\"vc_column-inner\"><div class=\"wpb_wrapper\">\n\t<div class=\"wpb_single_image wpb_content_element vc_align_center\">\n\t\t\n\t\t<figure class=\"wpb_wrapper vc_figure\">\n\t\t\t<a href=\"\/en\/.\/one-love-house\/\" target=\"_self\" class=\"vc_single_image-wrapper   vc_box_border_grey\"><img width=\"960\" height=\"640\" src=\"https:\/\/associationonelove.org\/wp-content\/uploads\/2022\/10\/Base_jaune_titre.png\" class=\"vc_single_image-img attachment-full\" alt=\"\" decoding=\"async\" loading=\"lazy\" srcset=\"https:\/\/associationonelove.org\/wp-content\/uploads\/2022\/10\/Base_jaune_titre.png 960w, https:\/\/associationonelove.org\/wp-content\/uploads\/2022\/10\/Base_jaune_titre-300x200.png 300w, https:\/\/associationonelove.org\/wp-content\/uploads\/2022\/10\/Base_jaune_titre-768x512.png 768w, https:\/\/associationonelove.org\/wp-content\/uploads\/2022\/10\/Base_jaune_titre-360x240.png 360w, https:\/\/associationonelove.org\/wp-content\/uploads\/2022\/10\/Base_jaune_titre-600x400.png 600w, https:\/\/associationonelove.org\/wp-content\/uploads\/2022\/10\/Base_jaune_titre-263x175.png 263w\" sizes=\"(max-width: 960px) 100vw, 960px\" \/><\/a>\n\t\t<\/figure>\n\t<\/div>\n<\/div><\/div><\/div><div class=\"no-padding wpb_column vc_column_container vc_col-sm-6\"><div class=\"vc_column-inner\"><div class=\"wpb_wrapper\">\n\t<div class=\"wpb_single_image wpb_content_element vc_align_center   no-padding\">\n\t\t\n\t\t<figure class=\"wpb_wrapper vc_figure\">\n\t\t\t<a href=\"\/en\/.\/projet-makala\/\" target=\"_self\" class=\"vc_single_image-wrapper   vc_box_border_grey\"><img width=\"960\" height=\"640\" src=\"https:\/\/associationonelove.org\/wp-content\/uploads\/2022\/10\/Makala_jaune_titre4.png\" class=\"vc_single_image-img attachment-full\" alt=\"\" decoding=\"async\" loading=\"lazy\" srcset=\"https:\/\/associationonelove.org\/wp-content\/uploads\/2022\/10\/Makala_jaune_titre4.png 960w, https:\/\/associationonelove.org\/wp-content\/uploads\/2022\/10\/Makala_jaune_titre4-300x200.png 300w, https:\/\/associationonelove.org\/wp-content\/uploads\/2022\/10\/Makala_jaune_titre4-768x512.png 768w, https:\/\/associationonelove.org\/wp-content\/uploads\/2022\/10\/Makala_jaune_titre4-360x240.png 360w, https:\/\/associationonelove.org\/wp-content\/uploads\/2022\/10\/Makala_jaune_titre4-600x400.png 600w, https:\/\/associationonelove.org\/wp-content\/uploads\/2022\/10\/Makala_jaune_titre4-263x175.png 263w\" sizes=\"(max-width: 960px) 100vw, 960px\" \/><\/a>\n\t\t<\/figure>\n\t<\/div>\n<\/div><\/div><\/div><\/div><div class=\"vc_row-full-width\"><\/div><div data-vc-full-width=\"true\" data-vc-full-width-init=\"false\" data-vc-stretch-content=\"true\" class=\"vc_row wpb_row vc_row-fluid vc_row-no-padding\"><div class=\"no-padding wpb_column vc_column_container vc_col-sm-6\"><div class=\"vc_column-inner\"><div class=\"wpb_wrapper\">\n\t<div class=\"wpb_single_image wpb_content_element vc_align_center\">\n\t\t\n\t\t<figure class=\"wpb_wrapper vc_figure\">\n\t\t\t<a href=\"\/en\/.\/education-rdc\/\" target=\"_self\" class=\"vc_single_image-wrapper   vc_box_border_grey\"><img width=\"960\" height=\"640\" src=\"https:\/\/associationonelove.org\/wp-content\/uploads\/2022\/10\/Education_jaune_titre4.png\" class=\"vc_single_image-img attachment-full\" alt=\"\" decoding=\"async\" loading=\"lazy\" srcset=\"https:\/\/associationonelove.org\/wp-content\/uploads\/2022\/10\/Education_jaune_titre4.png 960w, https:\/\/associationonelove.org\/wp-content\/uploads\/2022\/10\/Education_jaune_titre4-300x200.png 300w, https:\/\/associationonelove.org\/wp-content\/uploads\/2022\/10\/Education_jaune_titre4-768x512.png 768w, https:\/\/associationonelove.org\/wp-content\/uploads\/2022\/10\/Education_jaune_titre4-360x240.png 360w, https:\/\/associationonelove.org\/wp-content\/uploads\/2022\/10\/Education_jaune_titre4-600x400.png 600w, https:\/\/associationonelove.org\/wp-content\/uploads\/2022\/10\/Education_jaune_titre4-263x175.png 263w\" sizes=\"(max-width: 960px) 100vw, 960px\" \/><\/a>\n\t\t<\/figure>\n\t<\/div>\n<\/div><\/div><\/div><div class=\"no-padding wpb_column vc_column_container vc_col-sm-6\"><div class=\"vc_column-inner\"><div class=\"wpb_wrapper\">\n\t<div class=\"wpb_single_image wpb_content_element vc_align_center   no-padding\">\n\t\t\n\t\t<figure class=\"wpb_wrapper vc_figure\">\n\t\t\t<a href=\"https:\/\/associationonelove.org\/en\/actions\/centre-aere\/\" target=\"_self\" class=\"vc_single_image-wrapper   vc_box_border_grey\"><img width=\"960\" height=\"640\" src=\"https:\/\/associationonelove.org\/wp-content\/uploads\/2022\/10\/CentreAere_jaune_titre2.png\" class=\"vc_single_image-img attachment-full\" alt=\"\" decoding=\"async\" loading=\"lazy\" srcset=\"https:\/\/associationonelove.org\/wp-content\/uploads\/2022\/10\/CentreAere_jaune_titre2.png 960w, https:\/\/associationonelove.org\/wp-content\/uploads\/2022\/10\/CentreAere_jaune_titre2-300x200.png 300w, https:\/\/associationonelove.org\/wp-content\/uploads\/2022\/10\/CentreAere_jaune_titre2-768x512.png 768w, https:\/\/associationonelove.org\/wp-content\/uploads\/2022\/10\/CentreAere_jaune_titre2-360x240.png 360w, https:\/\/associationonelove.org\/wp-content\/uploads\/2022\/10\/CentreAere_jaune_titre2-600x400.png 600w, https:\/\/associationonelove.org\/wp-content\/uploads\/2022\/10\/CentreAere_jaune_titre2-263x175.png 263w\" sizes=\"(max-width: 960px) 100vw, 960px\" \/><\/a>\n\t\t<\/figure>\n\t<\/div>\n<\/div><\/div><\/div><\/div><div class=\"vc_row-full-width\"><\/div>","protected":false},"excerpt":{"rendered":"\"Nous menons nos actions et choisissons nos partenaires dans le respect de notre charte\" \u00a0Notre vision L\u2019amour est un besoin fondamental de l\u2019\u00eatre humain. Toute personne victime d\u2019exclusion devrait pouvoir satisfaire ce besoin d\u2019\u00eatre aim\u00e9. Notre mission R\u00e9aliser des projets en\u00a0R\u00e9publique D\u00e9mocratique du Congo\u00a0qui ont pour objet de\u00a0valoriser\u00a0les populations\u00a0marginalis\u00e9es, en particulier les enfants. Nos objectifs [...]","protected":false},"author":1,"featured_media":0,"parent":0,"menu_order":0,"comment_status":"closed","ping_status":"closed","template":"charity-visual-composer.php","meta":{"_links_to":"","_links_to_target":""},"_links":{"self":[{"href":"https:\/\/associationonelove.org\/en\/wp-json\/wp\/v2\/pages\/712"}],"collection":[{"href":"https:\/\/associationonelove.org\/en\/wp-json\/wp\/v2\/pages"}],"about":[{"href":"https:\/\/associationonelove.org\/en\/wp-json\/wp\/v2\/types\/page"}],"author":[{"embeddable":true,"href":"https:\/\/associationonelove.org\/en\/wp-json\/wp\/v2\/users\/1"}],"replies":[{"embeddable":true,"href":"https:\/\/associationonelove.org\/en\/wp-json\/wp\/v2\/comments?post=712"}],"version-history":[{"count":80,"href":"https:\/\/associationonelove.org\/en\/wp-json\/wp\/v2\/pages\/712\/revisions"}],"predecessor-version":[{"id":2503,"href":"https:\/\/associationonelove.org\/en\/wp-json\/wp\/v2\/pages\/712\/revisions\/2503"}],"wp:attachment":[{"href":"https:\/\/associationonelove.org\/en\/wp-json\/wp\/v2\/media?parent=712"}],"curies":[{"name":"wp","href":"https:\/\/api.w.org\/{rel}","templated":true}]}}