{"id":814,"date":"2016-01-23T10:52:27","date_gmt":"2016-01-23T09:52:27","guid":{"rendered":"http:\/\/associationonelove.org\/test\/?page_id=814"},"modified":"2022-09-30T16:44:17","modified_gmt":"2022-09-30T15:44:17","slug":"parrainage","status":"publish","type":"page","link":"https:\/\/associationonelove.org\/en\/parrainage\/","title":{"rendered":"Child sponsorship"},"content":{"rendered":"<div class=\"vc_row wpb_row vc_row-fluid\"><div class=\"wpb_column vc_column_container vc_col-sm-12\"><div class=\"vc_column-inner\"><div class=\"wpb_wrapper\">\n\t<div class=\"wpb_text_column wpb_content_element  paragraphe\">\n\t\t<div class=\"wpb_wrapper\">\n\t\t\t<h1 class=\"text-orange\">Support our One Love Boys \ud83d\ude42<\/h1>\n<p>We have the privilege of hosting ten young boys who once crossed our path and needed our help at the One Love House. It is a joy for us to see them grow, build, and also heal from their difficult past. And all this is possible thanks to your support. These boys, aged between 10 and 16, are totally taken care of by our organization thanks to the donations and sponsorships of those who support us. Their donations, and maybe soon yours, allow us to cover the needs of these boys in several areas:<\/p>\n<p><img decoding=\"async\" loading=\"lazy\" class=\"aligncenter\" src=\"http:\/\/associationonelove.org\/wp-content\/uploads\/2023\/06\/Our-areas.jpg\" width=\"708\" height=\"270\" \/><\/p>\n<p>&nbsp;<\/p>\n<p>If you would like to join the adventure and help us make a difference in the lives of these little guys, please fill out the questionnaire below and a member of our team will contact you to finalize the sponsorship agreement. You can also download the sponsorship agreement below and send it back to us with the requested documents to the following email address: contact@associationonelove.org<\/p>\n<p><a href=\"https:\/\/associationonelove.org\/en\/parrainage\/conventiondeparrainage14052020\/\" target=\"_blank\">One Love Sponsorship Convention<\/a><\/p>\n<p>&nbsp;<\/p>\n<p>Some important things to know before committing yourself :<\/p>\n<p>- the contract is signed for a minimum of one (1) year. This allows us to build our budget in advance and to organize the different expenses.<\/p>\n<p>- The minimum cost of commitment is 25 \u20ac (or $30) per month per child. You can give more if you wish, the real cost per month is $100 and several sponsors are therefore necessary to cover the entirety of the needs of one child.<\/p>\n\n\t\t<\/div>\n\t<\/div>\n<\/div><\/div><\/div><\/div><div class=\"vc_row wpb_row vc_row-fluid\"><div class=\"wpb_column vc_column_container vc_col-sm-12\"><div class=\"vc_column-inner\"><div class=\"wpb_wrapper\"><div class=\"vc_empty_space\"  style=\"height: 32px\" ><span class=\"vc_empty_space_inner\"><\/span><\/div>\n<\/div><\/div><\/div><\/div><div class=\"vc_row wpb_row vc_row-fluid\"><div class=\"wpb_column vc_column_container vc_col-sm-12\"><div class=\"vc_column-inner\"><div class=\"wpb_wrapper\">\n\t<div class=\"wpb_text_column wpb_content_element  paragraphe\">\n\t\t<div class=\"wpb_wrapper\">\n\t\t\t<h5 class=\"text-orange\">In order to validate your sponsorship, please fill out the following form :<\/h5>\n\n\t\t<\/div>\n\t<\/div>\n<\/div><\/div><\/div><\/div><div class=\"vc_row wpb_row vc_row-fluid\"><div class=\"wpb_column vc_column_container vc_col-sm-12\"><div class=\"vc_column-inner\"><div class=\"wpb_wrapper\"><div class=\"vc_empty_space\"  style=\"height: 32px\" ><span class=\"vc_empty_space_inner\"><\/span><\/div>\n<\/div><\/div><\/div><\/div><div class=\"vc_row wpb_row vc_row-fluid\"><div class=\"parrainage-form-container wpb_column vc_column_container vc_col-sm-12\"><div class=\"vc_column-inner\"><div class=\"wpb_wrapper\">\n<div class=\"wpcf7 no-js\" id=\"wpcf7-f2265-o1\" lang=\"en-US\" dir=\"ltr\">\n<div class=\"screen-reader-response\"><p role=\"status\" aria-live=\"polite\" aria-atomic=\"true\"><\/p> <ul><\/ul><\/div>\n<form action=\"\/en\/wp-json\/wp\/v2\/pages\/814#wpcf7-f2265-o1\" method=\"post\" class=\"wpcf7-form init\" aria-label=\"Contact form\" enctype=\"multipart\/form-data\" novalidate=\"novalidate\" data-status=\"init\" data-trp-original-action=\"\/en\/wp-json\/wp\/v2\/pages\/814#wpcf7-f2265-o1\">\n<div style=\"display: none;\">\n<input type=\"hidden\" name=\"_wpcf7\" value=\"2265\" \/>\n<input type=\"hidden\" name=\"_wpcf7_version\" value=\"5.7.7\" \/>\n<input type=\"hidden\" name=\"_wpcf7_locale\" value=\"en_US\" \/>\n<input type=\"hidden\" name=\"_wpcf7_unit_tag\" value=\"wpcf7-f2265-o1\" \/>\n<input type=\"hidden\" name=\"_wpcf7_container_post\" value=\"0\" \/>\n<input type=\"hidden\" name=\"_wpcf7_posted_data_hash\" value=\"\" \/>\n<\/div>\n<div class=\"row\">\n\t<div class=\"col-xs-12\">\n\t\t<div class=\"form-group col-xs-12 col-sm-6\">\n\t\t\t<p><label for=\"lastname\">Last Name<span>*<\/span><\/label><br \/>\n<span class=\"wpcf7-form-control-wrap\" data-name=\"lastname\"><input size=\"40\" class=\"wpcf7-form-control wpcf7-text wpcf7-validates-as-required form-control\" id=\"lastname\" aria-required=\"true\" aria-invalid=\"false\" value=\"\" type=\"text\" name=\"lastname\" \/><\/span>\n\t\t\t<\/p>\n\t\t<\/div>\n\t\t<div class=\"form-group col-xs-12 col-sm-6\">\n\t\t\t<p><label for=\"firstname\">First name<span>*<\/span><\/label><br \/>\n<span class=\"wpcf7-form-control-wrap\" data-name=\"firstname\"><input size=\"40\" class=\"wpcf7-form-control wpcf7-text wpcf7-validates-as-required form-control\" id=\"firstname\" aria-required=\"true\" aria-invalid=\"false\" value=\"\" type=\"text\" name=\"firstname\" \/><\/span>\n\t\t\t<\/p>\n\t\t<\/div>\n\t<\/div>\n<\/div>\n<div class=\"row\">\n\t<div class=\"col-xs-12\">\n\t\t<div class=\"form-group col-xs-12\">\n\t\t\t<p><label for=\"email\">Email adress<span>*<\/span><\/label><br \/>\n<span class=\"wpcf7-form-control-wrap\" data-name=\"email\"><input size=\"40\" class=\"wpcf7-form-control wpcf7-text wpcf7-email wpcf7-validates-as-required wpcf7-validates-as-email form-control\" id=\"email\" aria-required=\"true\" aria-invalid=\"false\" value=\"\" type=\"email\" name=\"email\" \/><\/span>\n\t\t\t<\/p>\n\t\t<\/div>\n\t<\/div>\n<\/div>\n<div class=\"row\">\n\t<div class=\"col-xs-12\">\n\t\t<div class=\"form-group col-xs-12 col-sm-6\">\n\t\t\t<p><label for=\"birthdate\">Date of birth<span>*<\/span><\/label><br \/>\n<span class=\"wpcf7-form-control-wrap\" data-name=\"birthdate\"><input class=\"wpcf7-form-control wpcf7-date wpcf7-validates-as-required wpcf7-validates-as-date form-control\" id=\"birthdate\" min=\"1970-01-01\" max=\"2010-01-01\" aria-required=\"true\" aria-invalid=\"false\" value=\"\" type=\"date\" name=\"birthdate\" \/><\/span>\n\t\t\t<\/p>\n\t\t<\/div>\n\t\t<div class=\"form-group col-xs-12 col-sm-6\">\n\t\t\t<p><label for=\"phone\">Whatsapp number<span>*<\/span><\/label><br \/>\n<span class=\"wpcf7-form-control-wrap\" data-name=\"phone\"><input size=\"40\" class=\"wpcf7-form-control wpcf7-text wpcf7-validates-as-required form-control\" id=\"phone\" aria-required=\"true\" aria-invalid=\"false\" value=\"\" type=\"text\" name=\"phone\" \/><\/span>\n\t\t\t<\/p>\n\t\t<\/div>\n\t<\/div>\n<\/div>\n<div class=\"row\">\n\t<div class=\"col-xs-12\">\n\t\t<div class=\"form-group col-xs-12\">\n\t\t\t<p><label for=\"address\">Mailing address (for tax receipts)<span>*<\/span><\/label><br \/>\n<span class=\"wpcf7-form-control-wrap\" data-name=\"address\"><input size=\"40\" class=\"wpcf7-form-control wpcf7-text wpcf7-validates-as-required form-control\" id=\"address\" aria-required=\"true\" aria-invalid=\"false\" value=\"\" type=\"text\" name=\"address\" \/><\/span>\n\t\t\t<\/p>\n\t\t<\/div>\n\t<\/div>\n<\/div>\n<div class=\"row\">\n\t<div class=\"col-xs-12\">\n\t\t<div class=\"form-group col-xs-12 col-sm-6\">\n\t\t\t<p><label for=\"duration\">I commit for a period (in years) of<span>*<\/span><\/label><br \/>\n<span class=\"wpcf7-form-control-wrap\" data-name=\"duration\"><input class=\"wpcf7-form-control wpcf7-number wpcf7-validates-as-required wpcf7-validates-as-number form-control\" id=\"duration\" min=\"1\" max=\"33\" aria-required=\"true\" aria-invalid=\"false\" value=\"\" type=\"number\" name=\"duration\" \/><\/span>\n\t\t\t<\/p>\n\t\t<\/div>\n\t\t<div class=\"form-group col-xs-12 col-sm-6\">\n\t\t\t<p><label for=\"children\">to sponsor the following child(ren) (if known)<span>*<\/span><\/label><br \/>\n<span class=\"wpcf7-form-control-wrap\" data-name=\"children\"><input size=\"40\" class=\"wpcf7-form-control wpcf7-text wpcf7-validates-as-required form-control\" id=\"children\" aria-required=\"true\" aria-invalid=\"false\" value=\"\" type=\"text\" name=\"children\" \/><\/span>\n\t\t\t<\/p>\n\t\t<\/div>\n\t<\/div>\n<\/div>\n<div class=\"row\">\n\t<div class=\"col-xs-12\">\n\t\t<div class=\"form-group col-xs-12\">\n\t\t\t<p><label for=\"amount\">That is to say a monthly amount of<span>*<\/span><\/label><br \/>\n<span class=\"wpcf7-form-control-wrap\" data-name=\"amount\"><input size=\"40\" class=\"wpcf7-form-control wpcf7-text wpcf7-validates-as-required form-control\" id=\"amount\" aria-required=\"true\" aria-invalid=\"false\" value=\"\" type=\"text\" name=\"amount\" \/><\/span>\n\t\t\t<\/p>\n\t\t\t<p><strong>(for the first month, add 10\u20ac or 15$ (for the application fee)<\/strong>\n\t\t\t<\/p>\n\t\t<\/div>\n\t<\/div>\n<\/div>\n<div class=\"row\">\n\t<div class=\"col-xs-12\">\n\t\t<div class=\"form-group col-xs-12\">\n\t\t\t<p><label for=\"identity-document\">Copy of your identity card<span>*<\/span><\/label><br \/>\n<span class=\"wpcf7-form-control-wrap\" data-name=\"identity-document\"><input size=\"40\" class=\"wpcf7-form-control wpcf7-file wpcf7-validates-as-required\" accept=\".png,.jpg,.jpeg,.pdf\" aria-required=\"true\" aria-invalid=\"false\" type=\"file\" name=\"identity-document\" \/><\/span>\n\t\t\t<\/p>\n\t\t<\/div>\n\t<\/div>\n<\/div>\n<div class=\"row\">\n\t<div class=\"col-xs-12\">\n\t\t<div class=\"form-group col-xs-12\">\n\t\t\t<p><label for=\"photo-document\">An ID picture<span>*<\/span><\/label><br \/>\n<span class=\"wpcf7-form-control-wrap\" data-name=\"photo-document\"><input size=\"40\" class=\"wpcf7-form-control wpcf7-file wpcf7-validates-as-required\" accept=\".png,.jpg,.jpeg,.pdf\" aria-required=\"true\" aria-invalid=\"false\" type=\"file\" name=\"photo-document\" \/><\/span>\n\t\t\t<\/p>\n\t\t<\/div>\n\t<\/div>\n<\/div>\n<div class=\"row\">\n\t<div class=\"col-xs-12\">\n\t\t<div class=\"form-group col-xs-12\">\n\t\t\t<p><span class=\"wpcf7-form-control-wrap\" data-name=\"consent\"><span class=\"wpcf7-form-control wpcf7-acceptance\"><span class=\"wpcf7-list-item\"><label><input type=\"checkbox\" name=\"consent\" value=\"1\" aria-invalid=\"false\" \/><span class=\"wpcf7-list-item-label\">I certify that all data and documents are correct.<\/span><\/label><\/span><\/span><\/span> I certify that all data and documents are correct.\n\t\t\t<\/p>\n\t\t<\/div>\n\t<\/div>\n<\/div>\n<div class=\"row\">\n\t<div class=\"col-xs-12\">\n\t\t<div class=\"form-group col-xs-12\">\n\t\t\t<p><input class=\"wpcf7-form-control has-spinner wpcf7-submit btn btn-default pull-right\" id=\"submit\" type=\"submit\" value=\"Send\" \/>\n\t\t\t<\/p>\n\t\t<\/div>\n\t<\/div>\n<\/div>\n<div class=\"row\">\n\t<div class=\"col-xs-12\">\n\t\t<div class=\"form-group col-xs-12\">\n\t\t\t<p class=\"forms-notes\">\n\t\t\t<\/p>\n\t\t<\/div>\n\t<\/div>\n<\/div><div class=\"wpcf7-response-output\" aria-hidden=\"true\"><\/div>\n<input type=\"hidden\" name=\"trp-form-language\" value=\"en\"\/><\/form>\n<\/div>\n<\/div><\/div><\/div><\/div><div class=\"vc_row wpb_row vc_row-fluid\"><div class=\"wpb_column vc_column_container vc_col-sm-12\"><div class=\"vc_column-inner\"><div class=\"wpb_wrapper\"><div class=\"vc_empty_space\"  style=\"height: 32px\" ><span class=\"vc_empty_space_inner\"><\/span><\/div>\n<\/div><\/div><\/div><\/div>","protected":false},"excerpt":{"rendered":"Soutenez nos One Love Boys :) Nous avons le privil\u00e8ge d'accueillir \u00e0 la One Love House dix jeunes gar\u00e7ons qui ont un jour crois\u00e9 notre chemin et ont eu besoin de notre aide. C'est une joie pour nous de les voir grandir, se construire, et \u00e9galement gu\u00e9rir de leur pass\u00e9 difficile. Et tout cela est [...]","protected":false},"author":1,"featured_media":0,"parent":0,"menu_order":0,"comment_status":"closed","ping_status":"closed","template":"charity-visual-composer.php","meta":{"_links_to":"","_links_to_target":""},"_links":{"self":[{"href":"https:\/\/associationonelove.org\/en\/wp-json\/wp\/v2\/pages\/814"}],"collection":[{"href":"https:\/\/associationonelove.org\/en\/wp-json\/wp\/v2\/pages"}],"about":[{"href":"https:\/\/associationonelove.org\/en\/wp-json\/wp\/v2\/types\/page"}],"author":[{"embeddable":true,"href":"https:\/\/associationonelove.org\/en\/wp-json\/wp\/v2\/users\/1"}],"replies":[{"embeddable":true,"href":"https:\/\/associationonelove.org\/en\/wp-json\/wp\/v2\/comments?post=814"}],"version-history":[{"count":89,"href":"https:\/\/associationonelove.org\/en\/wp-json\/wp\/v2\/pages\/814\/revisions"}],"predecessor-version":[{"id":2461,"href":"https:\/\/associationonelove.org\/en\/wp-json\/wp\/v2\/pages\/814\/revisions\/2461"}],"wp:attachment":[{"href":"https:\/\/associationonelove.org\/en\/wp-json\/wp\/v2\/media?parent=814"}],"curies":[{"name":"wp","href":"https:\/\/api.w.org\/{rel}","templated":true}]}}