{"id":908,"date":"2016-01-23T19:50:46","date_gmt":"2016-01-23T18:50:46","guid":{"rendered":"http:\/\/associationonelove.org\/test\/?page_id=908"},"modified":"2020-11-03T14:32:42","modified_gmt":"2020-11-03T13:32:42","slug":"maite-kabangu","status":"publish","type":"page","link":"https:\/\/associationonelove.org\/en\/un-peu-de-nous\/maite-kabangu\/","title":{"rendered":"Ma\u00eft\u00e9 Kabangu"},"content":{"rendered":"<div class=\"vc_row wpb_row vc_row-fluid vc_custom_1453576097451\"><div class=\"wpb_column vc_column_container vc_col-sm-12\"><div class=\"vc_column-inner\"><div class=\"wpb_wrapper\"><div class=\"vc_empty_space\"  style=\"height: 15px\" ><span class=\"vc_empty_space_inner\"><\/span><\/div>\n<\/div><\/div><\/div><\/div><div class=\"vc_row wpb_row vc_row-fluid\"><div class=\"wpb_column vc_column_container vc_col-sm-3\"><div class=\"vc_column-inner\"><div class=\"wpb_wrapper\">\n\t<div class=\"wpb_single_image wpb_content_element vc_align_left  vc_custom_1454084008271\">\n\t\t\n\t\t<figure class=\"wpb_wrapper vc_figure\">\n\t\t\t<div class=\"vc_single_image-wrapper   vc_box_border_grey\"><img width=\"200\" height=\"300\" src=\"https:\/\/associationonelove.org\/wp-content\/uploads\/2016\/01\/Maite-CHAUDRON-portrait-200x300.jpg\" class=\"vc_single_image-img attachment-medium\" alt=\"\" decoding=\"async\" loading=\"lazy\" srcset=\"https:\/\/associationonelove.org\/wp-content\/uploads\/2016\/01\/Maite-CHAUDRON-portrait-200x300.jpg 200w, https:\/\/associationonelove.org\/wp-content\/uploads\/2016\/01\/Maite-CHAUDRON-portrait-768x1152.jpg 768w, https:\/\/associationonelove.org\/wp-content\/uploads\/2016\/01\/Maite-CHAUDRON-portrait-682x1024.jpg 682w, https:\/\/associationonelove.org\/wp-content\/uploads\/2016\/01\/Maite-CHAUDRON-portrait.jpg 933w\" sizes=\"(max-width: 200px) 100vw, 200px\" \/><\/div>\n\t\t<\/figure>\n\t<\/div>\n<\/div><\/div><\/div><div class=\"wpb_column vc_column_container vc_col-sm-6\"><div class=\"vc_column-inner\"><div class=\"wpb_wrapper\"><h2 style=\"text-align: left;font-family:Lato;font-weight:300;font-style:normal\" class=\"vc_custom_heading\">Ma\u00eft\u00e9 KABANGU<\/h2>\n\t<div class=\"wpb_text_column wpb_content_element\">\n\t\t<div class=\"wpb_wrapper\">\n\t\t\t<p style=\"text-align: justify;\">With my husband Kanda, we founded the organizatiin One Love in 2013.<br \/>\nI had the opportunity to do many things: project management, communication, treasury, secretarial work, events... When you start and organize a structure from scratch, it requires a lot of commitment: you have to multitask! Then you can also innovate, create, have fun! But I particularly appreciate the relational aspect: discerning the talents of others and encourage them to develop them.<\/p>\n<p style=\"text-align: justify;\">Since the creation of One Love, beyond the actions and the construction of the projects that are close to our hearts, I have learned a lot about putting myself in the place of others, understanding the other. Very often it is easy to impose an idea, and I can be quite stubborn at times, but being surrounded by different personalities and characters enriches me and pushes me to love, understand and encourage. So, I have to question myself a lot, but with a team that pushes me to be and do better and especially the One who created all this and all of us: God.<\/p>\n<p style=\"text-align: justify;\">I love working for a cause that has meaning for me, that asks me to give and help. Seeing the smile on a faces transformed by love makes me happy.<\/p>\n<p style=\"text-align: justify;\">My hobbies: I love to eat, laugh, spend time with my friends and experience things with God.<\/p>\n\n\t\t<\/div>\n\t<\/div>\n<\/div><\/div><\/div><div class=\"wpb_column vc_column_container vc_col-sm-3\"><div class=\"vc_column-inner\"><div class=\"wpb_wrapper\"><\/div><\/div><\/div><\/div><div class=\"vc_row wpb_row vc_row-fluid\"><div class=\"wpb_column vc_column_container vc_col-sm-12\"><div class=\"vc_column-inner\"><div class=\"wpb_wrapper\"><div class=\"vc_empty_space\"  style=\"height: 30px\" ><span class=\"vc_empty_space_inner\"><\/span><\/div>\n<\/div><\/div><\/div><\/div>","protected":false},"excerpt":{"rendered":"Ma\u00eft\u00e9 KABANGU Avec mon mari Kanda, nous avons fond\u00e9 l'association One Love en 2013. J'ai eu l'occasion de faire de nombreuses choses : en gestion de projet, en communication, en tr\u00e9sorerie, en secr\u00e9tariat, en \u00e9v\u00e9nementiel\u2026 Quand on monte et organise une structure \u00e0 partir de rien, cela demande beaucoup d'engagement : il faut \u00eatre multit\u00e2che [...]","protected":false},"author":1,"featured_media":0,"parent":803,"menu_order":9,"comment_status":"closed","ping_status":"closed","template":"charity-visual-composer.php","meta":{"_links_to":"","_links_to_target":""},"_links":{"self":[{"href":"https:\/\/associationonelove.org\/en\/wp-json\/wp\/v2\/pages\/908"}],"collection":[{"href":"https:\/\/associationonelove.org\/en\/wp-json\/wp\/v2\/pages"}],"about":[{"href":"https:\/\/associationonelove.org\/en\/wp-json\/wp\/v2\/types\/page"}],"author":[{"embeddable":true,"href":"https:\/\/associationonelove.org\/en\/wp-json\/wp\/v2\/users\/1"}],"replies":[{"embeddable":true,"href":"https:\/\/associationonelove.org\/en\/wp-json\/wp\/v2\/comments?post=908"}],"version-history":[{"count":34,"href":"https:\/\/associationonelove.org\/en\/wp-json\/wp\/v2\/pages\/908\/revisions"}],"predecessor-version":[{"id":2420,"href":"https:\/\/associationonelove.org\/en\/wp-json\/wp\/v2\/pages\/908\/revisions\/2420"}],"up":[{"embeddable":true,"href":"https:\/\/associationonelove.org\/en\/wp-json\/wp\/v2\/pages\/803"}],"wp:attachment":[{"href":"https:\/\/associationonelove.org\/en\/wp-json\/wp\/v2\/media?parent=908"}],"curies":[{"name":"wp","href":"https:\/\/api.w.org\/{rel}","templated":true}]}}