{"id":983,"date":"2016-01-29T17:06:30","date_gmt":"2016-01-29T16:06:30","guid":{"rendered":"http:\/\/associationonelove.org\/test\/?page_id=983"},"modified":"2020-11-03T14:45:33","modified_gmt":"2020-11-03T13:45:33","slug":"manon-besnier","status":"publish","type":"page","link":"https:\/\/associationonelove.org\/en\/un-peu-de-nous\/manon-besnier\/","title":{"rendered":"Manon Besnier"},"content":{"rendered":"<div class=\"vc_row wpb_row vc_row-fluid vc_custom_1453576097451\"><div class=\"wpb_column vc_column_container vc_col-sm-12\"><div class=\"vc_column-inner\"><div class=\"wpb_wrapper\"><div class=\"vc_empty_space\"  style=\"height: 15px\" ><span class=\"vc_empty_space_inner\"><\/span><\/div>\n<\/div><\/div><\/div><\/div><div class=\"vc_row wpb_row vc_row-fluid\"><div class=\"wpb_column vc_column_container vc_col-sm-3\"><div class=\"vc_column-inner\"><div class=\"wpb_wrapper\">\n\t<div class=\"wpb_single_image wpb_content_element vc_align_left  vc_custom_1604411127753\">\n\t\t\n\t\t<figure class=\"wpb_wrapper vc_figure\">\n\t\t\t<div class=\"vc_single_image-wrapper   vc_box_border_grey\"><img width=\"225\" height=\"300\" src=\"https:\/\/associationonelove.org\/wp-content\/uploads\/2020\/11\/Manon-BESNIER-225x300.jpg\" class=\"vc_single_image-img attachment-medium\" alt=\"\" decoding=\"async\" loading=\"lazy\" srcset=\"https:\/\/associationonelove.org\/wp-content\/uploads\/2020\/11\/Manon-BESNIER-225x300.jpg 225w, https:\/\/associationonelove.org\/wp-content\/uploads\/2020\/11\/Manon-BESNIER.jpg 450w\" sizes=\"(max-width: 225px) 100vw, 225px\" \/><\/div>\n\t\t<\/figure>\n\t<\/div>\n<\/div><\/div><\/div><div class=\"wpb_column vc_column_container vc_col-sm-6\"><div class=\"vc_column-inner\"><div class=\"wpb_wrapper\"><h2 style=\"text-align: left;font-family:Lato;font-weight:300;font-style:normal\" class=\"vc_custom_heading\">Manon BESNIER<\/h2>\n\t<div class=\"wpb_text_column wpb_content_element\">\n\t\t<div class=\"wpb_wrapper\">\n\t\t\t<p style=\"text-align: justify;\">I\u2019ve known One Love in the high school where I worked. A colleague and friend of mine told me that she was leaving for the Congo to become more involved in the organization. I was attracted by her life path and the aura she gave off. I participated in the One Love humanitarian trip in July 2019. The experience changed my outlook on life. I felt a deep adhesion with the values of the association. Its members not only provide children with a roof over their heads but also surround them with attention and affection. One of the boys welcomed by the organization is my godson and I consider our bond that has been created between him and me as very precious. I like to see him grow, choose a future for himself, gain confidence, with moments of exuberance or sometimes of doubt, but always in the most appropriate framework: that of love and trust.<\/p>\n<p>Fun Fact: hyperactive teacher, I love to make faces and imitate all types of animals.<\/p>\n\n\t\t<\/div>\n\t<\/div>\n<\/div><\/div><\/div><div class=\"wpb_column vc_column_container vc_col-sm-3\"><div class=\"vc_column-inner\"><div class=\"wpb_wrapper\"><\/div><\/div><\/div><\/div><div class=\"vc_row wpb_row vc_row-fluid\"><div class=\"wpb_column vc_column_container vc_col-sm-12\"><div class=\"vc_column-inner\"><div class=\"wpb_wrapper\"><div class=\"vc_empty_space\"  style=\"height: 30px\" ><span class=\"vc_empty_space_inner\"><\/span><\/div>\n<\/div><\/div><\/div><\/div>","protected":false},"excerpt":{"rendered":"Manon BESNIER J'ai connu One Love dans le coll\u00e8ge o\u00f9 je travaillais. Une coll\u00e8gue et amie m'a annonc\u00e9 qu'elle partait au Congo pour int\u00e9grer plus pleinement l'association. Son parcours de vie, l'aura qu'elle d\u00e9gageait m'ont attir\u00e9e. J'ai particip\u00e9 au voyage humanitaire One Love de juillet 2019. L'exp\u00e9rience a chang\u00e9 ma vision de la vie. J'ai [...]","protected":false},"author":1,"featured_media":0,"parent":803,"menu_order":1,"comment_status":"closed","ping_status":"closed","template":"charity-visual-composer.php","meta":{"_links_to":"","_links_to_target":""},"_links":{"self":[{"href":"https:\/\/associationonelove.org\/en\/wp-json\/wp\/v2\/pages\/983"}],"collection":[{"href":"https:\/\/associationonelove.org\/en\/wp-json\/wp\/v2\/pages"}],"about":[{"href":"https:\/\/associationonelove.org\/en\/wp-json\/wp\/v2\/types\/page"}],"author":[{"embeddable":true,"href":"https:\/\/associationonelove.org\/en\/wp-json\/wp\/v2\/users\/1"}],"replies":[{"embeddable":true,"href":"https:\/\/associationonelove.org\/en\/wp-json\/wp\/v2\/comments?post=983"}],"version-history":[{"count":16,"href":"https:\/\/associationonelove.org\/en\/wp-json\/wp\/v2\/pages\/983\/revisions"}],"predecessor-version":[{"id":2425,"href":"https:\/\/associationonelove.org\/en\/wp-json\/wp\/v2\/pages\/983\/revisions\/2425"}],"up":[{"embeddable":true,"href":"https:\/\/associationonelove.org\/en\/wp-json\/wp\/v2\/pages\/803"}],"wp:attachment":[{"href":"https:\/\/associationonelove.org\/en\/wp-json\/wp\/v2\/media?parent=983"}],"curies":[{"name":"wp","href":"https:\/\/api.w.org\/{rel}","templated":true}]}}